{"id":8111,"date":"2023-01-31T09:23:00","date_gmt":"2023-01-31T09:23:00","guid":{"rendered":"https:\/\/groznjan-grisignana.hr\/program-raspolaganja-poljoprivrednim-zemljistem\/"},"modified":"2023-07-10T09:08:12","modified_gmt":"2023-07-10T09:08:12","slug":"program-raspolaganja-poljoprivrednim-zemljistem","status":"publish","type":"page","link":"https:\/\/groznjan-grisignana.hr\/it\/program-raspolaganja-poljoprivrednim-zemljistem\/","title":{"rendered":"Program raspolaganja poljoprivrednim zemlji\u0161tem"},"content":{"rendered":"<div class=\"fusion-fullwidth fullwidth-box fusion-builder-row-1 fusion-flex-container has-pattern-background has-mask-background nonhundred-percent-fullwidth non-hundred-percent-height-scrolling objava\" style=\"--awb-border-radius-top-left:0px;--awb-border-radius-top-right:0px;--awb-border-radius-bottom-right:0px;--awb-border-radius-bottom-left:0px;--awb-flex-wrap:wrap;\" ><div class=\"fusion-builder-row fusion-row fusion-flex-align-items-flex-start fusion-flex-content-wrap\" style=\"max-width:1216.8px;margin-left: calc(-4% \/ 2 );margin-right: calc(-4% \/ 2 );\"><div class=\"fusion-layout-column fusion_builder_column fusion-builder-column-0 fusion_builder_column_1_1 1_1 fusion-flex-column objava bold_title proracun\" style=\"--awb-bg-size:cover;--awb-width-large:100%;--awb-margin-top-large:15px;--awb-spacing-right-large:1.92%;--awb-margin-bottom-large:15px;--awb-spacing-left-large:1.92%;--awb-width-medium:100%;--awb-order-medium:0;--awb-spacing-right-medium:1.92%;--awb-spacing-left-medium:1.92%;--awb-width-small:100%;--awb-order-small:0;--awb-spacing-right-small:1.92%;--awb-spacing-left-small:1.92%;\"><div class=\"fusion-column-wrapper fusion-column-has-shadow fusion-flex-justify-content-flex-start fusion-content-layout-column\"><div class=\"fusion-title title fusion-title-1 fusion-sep-none fusion-title-text fusion-title-size-one\" style=\"--awb-margin-top-small:0px;--awb-margin-right-small:0px;--awb-margin-bottom-small:20px;--awb-margin-left-small:0px;--awb-font-size:35px;\"><h1 class=\"fusion-title-heading title-heading-left fusion-responsive-typography-calculated\" style=\"margin:0;text-transform:none;font-size:1em;--fontSize:35;line-height:var(--awb-typography1-line-height);\">Program raspolaganja poljoprivrednim zemlji\u0161tem<\/h1><\/div><div class=\"fusion-blog-shortcode fusion-blog-shortcode-1 fusion-blog-archive fusion-blog-layout-large fusion-blog-no fusion-blog-no-images\" style=\"--awb-title-font-size:20px;\"><div class=\"fusion-posts-container fusion-posts-container-no\" data-pages=\"0\"><article id=\"blog-1-post-9033\" class=\"fusion-post-large post-9033 post type-post status-publish format-standard has-post-thumbnail hentry category-novosti-2023-it category-raspolaganje-poljop-zemljistem-it category-zatovrena-savjetovanja-it\">\n<div class=\"fusion-post-content post-content\"><h2 class=\"blog-shortcode-post-title entry-title\">JAVNI UVID Program raspolaganja poljoprivrednim zemlji\u0161tem u vlasni\u0161tvu RH \u25fe\ufe0f VISIONE PUBBLICA Programma di disposizione dei terreni agricoli di proprieta&#8217; della Repubblica di Croazia<\/h2><div class=\"fusion-post-content-container\"><div class=\"fusion-fullwidth fullwidth-box fusion-builder-row-1-1 fusion-flex-container has-pattern-background has-mask-background nonhundred-percent-fullwidth non-hundred-percent-height-scrolling\" style=\"--awb-border-radius-top-left:0px;--awb-border-radius-top-right:0px;--awb-border-radius-bottom-right:0px;--awb-border-radius-bottom-left:0px;--awb-padding-right:0px;--awb-padding-left:0px;--awb-flex-wrap:wrap;\" ><div class=\"fusion-builder-row fusion-row fusion-flex-align-items-flex-start fusion-flex-content-wrap\" style=\"width:104% !important;max-width:104% !important;margin-left: calc(-4% \/ 2 );margin-right: calc(-4% \/ 2 );\"><div class=\"fusion-layout-column fusion_builder_column fusion-builder-column-1 fusion_builder_column_1_1 1_1 fusion-flex-column objava\" style=\"--awb-padding-right:0px;--awb-padding-left:0px;--awb-bg-size:cover;--awb-width-large:100%;--awb-flex-grow:0;--awb-flex-shrink:0;--awb-margin-top-large:15px;--awb-spacing-right-large:1.92%;--awb-margin-bottom-large:15px;--awb-spacing-left-large:1.92%;--awb-width-medium:100%;--awb-order-medium:0;--awb-flex-grow-medium:0;--awb-flex-shrink-medium:0;--awb-spacing-right-medium:1.92%;--awb-spacing-left-medium:1.92%;--awb-width-small:100%;--awb-order-small:0;--awb-flex-grow-small:0;--awb-flex-shrink-small:0;--awb-spacing-right-small:1.92%;--awb-spacing-left-small:1.92%;\"><div class=\"fusion-column-wrapper fusion-column-has-shadow fusion-flex-justify-content-flex-start fusion-content-layout-column\"><div class=\"fusion-text fusion-text-1\"><div class=\"\">Javni uvid traje 15 dana \u2013 od 27.01. do 10.02.2023.g.<\/div>\n<div class=\"\">La visione pubblica e&#8217; disponibile nella durata di 15 giorni \u2013 dal 27 gennaio al 10 febbraio<\/div>\n<\/div><div class=\"fusion-text fusion-text-2\"><p><a href=\"https:\/\/groznjan-grisignana.hr\/wp-content\/uploads\/2023\/01\/JAVNI-UVID-U-PRIJEDLOG-Programa-raspolaganja-poljoprivrednim-zemljistem-2023.docx\" target=\"_blank\" rel=\"noopener\">Javni uvid na prijedlog<\/a><br \/>\n<a href=\"https:\/\/groznjan-grisignana.hr\/wp-content\/uploads\/2023\/01\/PRPZ_Groznjan_PK.pdf\" target=\"_blank\" rel=\"noopener\">PRPZ_Groznjan_PK<\/a><br \/>\n<a href=\"https:\/\/groznjan-grisignana.hr\/wp-content\/uploads\/2023\/01\/PRPZ_Opcina-Groznjan.docx\" target=\"_blank\" rel=\"noopener\">PRPZ_Opcina Groznjan<\/a><br \/>\n<a href=\"https:\/\/groznjan-grisignana.hr\/wp-content\/uploads\/2023\/01\/Prijedlog-prigovor-na-Program-raspol-Obrazac003.docx\" target=\"_blank\" rel=\"noopener\">Prigovor na program<\/a><br \/>\n<a href=\"https:\/\/groznjan-grisignana.hr\/wp-content\/uploads\/2023\/01\/TABLICA-V1.xlsx\" target=\"_blank\" rel=\"noopener\">TABLICA V1.xlsx<\/a><\/p>\n<\/div><\/div><\/div><\/div><\/div>\n<\/div><\/div><div class=\"fusion-clearfix\"><\/div><div class=\"fusion-meta-info\"><div class=\"fusion-alignleft\"><span class=\"vcard\" style=\"display: none;\"><span class=\"fn\"><a href=\"https:\/\/groznjan-grisignana.hr\/it\/author\/swebart\/\" title=\"Articoli scritti da swebart\" rel=\"author\">swebart<\/a><\/span><\/span><span class=\"updated\" style=\"display:none;\">2023-01-27T08:29:16+00:00<\/span><span>Gennaio 27th, 2023<\/span><span class=\"fusion-inline-sep\">|<\/span><\/div><\/div><\/article>\n<\/div><\/div><div class=\"fusion-text fusion-text-3 fusion-text-no-margin\" style=\"--awb-margin-top:40px;--awb-margin-bottom:40px;\"><p>Momentaneamente <span style=\"color: #a81818;\"><strong><span style=\"font-size: 14pt;\">la documentazione in lingua Italiana non \u00e8 disponibile<\/span><\/strong><\/span>, perci\u00f2 Vi invitiamo di consultare le nostre pagine in lingua Croata cambiando la lingua\u00a0cliccando sulla bandiera Croata in alto.<\/p>\n<\/div>\n<\/div><\/div><\/div><\/div>\n","protected":false},"excerpt":{"rendered":"","protected":false},"author":1,"featured_media":0,"parent":0,"menu_order":0,"comment_status":"closed","ping_status":"closed","template":"","meta":{"footnotes":""},"class_list":["post-8111","page","type-page","status-publish","hentry"],"yoast_head":"<!-- This site is optimized with the Yoast SEO plugin v27.3 - https:\/\/yoast.com\/product\/yoast-seo-wordpress\/ -->\n<title>Program raspolaganja poljoprivrednim zemlji\u0161tem - Op\u0107ina Gro\u017enjan | Comune di Grisignana<\/title>\n<meta name=\"robots\" content=\"index, follow, max-snippet:-1, max-image-preview:large, max-video-preview:-1\" \/>\n<link rel=\"canonical\" href=\"https:\/\/groznjan-grisignana.hr\/it\/program-raspolaganja-poljoprivrednim-zemljistem\/\" \/>\n<meta property=\"og:locale\" content=\"it_IT\" \/>\n<meta property=\"og:type\" content=\"article\" \/>\n<meta property=\"og:title\" content=\"Program raspolaganja poljoprivrednim zemlji\u0161tem - Op\u0107ina Gro\u017enjan | Comune di Grisignana\" \/>\n<meta property=\"og:url\" content=\"https:\/\/groznjan-grisignana.hr\/it\/program-raspolaganja-poljoprivrednim-zemljistem\/\" \/>\n<meta property=\"og:site_name\" content=\"Op\u0107ina Gro\u017enjan | Comune di Grisignana\" \/>\n<meta property=\"article:modified_time\" content=\"2023-07-10T09:08:12+00:00\" \/>\n<meta name=\"twitter:card\" content=\"summary_large_image\" \/>\n<meta name=\"twitter:label1\" content=\"Tempo di lettura stimato\" \/>\n\t<meta name=\"twitter:data1\" content=\"3 minuti\" \/>\n<script type=\"application\/ld+json\" class=\"yoast-schema-graph\">{\"@context\":\"https:\\\/\\\/schema.org\",\"@graph\":[{\"@type\":\"WebPage\",\"@id\":\"https:\\\/\\\/groznjan-grisignana.hr\\\/it\\\/program-raspolaganja-poljoprivrednim-zemljistem\\\/\",\"url\":\"https:\\\/\\\/groznjan-grisignana.hr\\\/it\\\/program-raspolaganja-poljoprivrednim-zemljistem\\\/\",\"name\":\"Program raspolaganja poljoprivrednim zemlji\u0161tem - Op\u0107ina Gro\u017enjan | Comune di Grisignana\",\"isPartOf\":{\"@id\":\"https:\\\/\\\/groznjan-grisignana.hr\\\/#website\"},\"datePublished\":\"2023-01-31T09:23:00+00:00\",\"dateModified\":\"2023-07-10T09:08:12+00:00\",\"breadcrumb\":{\"@id\":\"https:\\\/\\\/groznjan-grisignana.hr\\\/it\\\/program-raspolaganja-poljoprivrednim-zemljistem\\\/#breadcrumb\"},\"inLanguage\":\"it-IT\",\"potentialAction\":[{\"@type\":\"ReadAction\",\"target\":[\"https:\\\/\\\/groznjan-grisignana.hr\\\/it\\\/program-raspolaganja-poljoprivrednim-zemljistem\\\/\"]}]},{\"@type\":\"BreadcrumbList\",\"@id\":\"https:\\\/\\\/groznjan-grisignana.hr\\\/it\\\/program-raspolaganja-poljoprivrednim-zemljistem\\\/#breadcrumb\",\"itemListElement\":[{\"@type\":\"ListItem\",\"position\":1,\"name\":\"Po\u010detna stranica\",\"item\":\"https:\\\/\\\/groznjan-grisignana.hr\\\/it\\\/\"},{\"@type\":\"ListItem\",\"position\":2,\"name\":\"Program raspolaganja poljoprivrednim zemlji\u0161tem\"}]},{\"@type\":\"WebSite\",\"@id\":\"https:\\\/\\\/groznjan-grisignana.hr\\\/#website\",\"url\":\"https:\\\/\\\/groznjan-grisignana.hr\\\/\",\"name\":\"Op\u0107ina Gro\u017enjan | Comune di Grisignana\",\"description\":\"Slu\u017ebene stranice   \u2022   Sito ufficiale\",\"potentialAction\":[{\"@type\":\"SearchAction\",\"target\":{\"@type\":\"EntryPoint\",\"urlTemplate\":\"https:\\\/\\\/groznjan-grisignana.hr\\\/?s={search_term_string}\"},\"query-input\":{\"@type\":\"PropertyValueSpecification\",\"valueRequired\":true,\"valueName\":\"search_term_string\"}}],\"inLanguage\":\"it-IT\"}]}<\/script>\n<!-- \/ Yoast SEO plugin. -->","yoast_head_json":{"title":"Program raspolaganja poljoprivrednim zemlji\u0161tem - Op\u0107ina Gro\u017enjan | Comune di Grisignana","robots":{"index":"index","follow":"follow","max-snippet":"max-snippet:-1","max-image-preview":"max-image-preview:large","max-video-preview":"max-video-preview:-1"},"canonical":"https:\/\/groznjan-grisignana.hr\/it\/program-raspolaganja-poljoprivrednim-zemljistem\/","og_locale":"it_IT","og_type":"article","og_title":"Program raspolaganja poljoprivrednim zemlji\u0161tem - Op\u0107ina Gro\u017enjan | Comune di Grisignana","og_url":"https:\/\/groznjan-grisignana.hr\/it\/program-raspolaganja-poljoprivrednim-zemljistem\/","og_site_name":"Op\u0107ina Gro\u017enjan | Comune di Grisignana","article_modified_time":"2023-07-10T09:08:12+00:00","twitter_card":"summary_large_image","twitter_misc":{"Tempo di lettura stimato":"3 minuti"},"schema":{"@context":"https:\/\/schema.org","@graph":[{"@type":"WebPage","@id":"https:\/\/groznjan-grisignana.hr\/it\/program-raspolaganja-poljoprivrednim-zemljistem\/","url":"https:\/\/groznjan-grisignana.hr\/it\/program-raspolaganja-poljoprivrednim-zemljistem\/","name":"Program raspolaganja poljoprivrednim zemlji\u0161tem - Op\u0107ina Gro\u017enjan | Comune di Grisignana","isPartOf":{"@id":"https:\/\/groznjan-grisignana.hr\/#website"},"datePublished":"2023-01-31T09:23:00+00:00","dateModified":"2023-07-10T09:08:12+00:00","breadcrumb":{"@id":"https:\/\/groznjan-grisignana.hr\/it\/program-raspolaganja-poljoprivrednim-zemljistem\/#breadcrumb"},"inLanguage":"it-IT","potentialAction":[{"@type":"ReadAction","target":["https:\/\/groznjan-grisignana.hr\/it\/program-raspolaganja-poljoprivrednim-zemljistem\/"]}]},{"@type":"BreadcrumbList","@id":"https:\/\/groznjan-grisignana.hr\/it\/program-raspolaganja-poljoprivrednim-zemljistem\/#breadcrumb","itemListElement":[{"@type":"ListItem","position":1,"name":"Po\u010detna stranica","item":"https:\/\/groznjan-grisignana.hr\/it\/"},{"@type":"ListItem","position":2,"name":"Program raspolaganja poljoprivrednim zemlji\u0161tem"}]},{"@type":"WebSite","@id":"https:\/\/groznjan-grisignana.hr\/#website","url":"https:\/\/groznjan-grisignana.hr\/","name":"Op\u0107ina Gro\u017enjan | Comune di Grisignana","description":"Slu\u017ebene stranice   \u2022   Sito ufficiale","potentialAction":[{"@type":"SearchAction","target":{"@type":"EntryPoint","urlTemplate":"https:\/\/groznjan-grisignana.hr\/?s={search_term_string}"},"query-input":{"@type":"PropertyValueSpecification","valueRequired":true,"valueName":"search_term_string"}}],"inLanguage":"it-IT"}]}},"_links":{"self":[{"href":"https:\/\/groznjan-grisignana.hr\/it\/wp-json\/wp\/v2\/pages\/8111","targetHints":{"allow":["GET"]}}],"collection":[{"href":"https:\/\/groznjan-grisignana.hr\/it\/wp-json\/wp\/v2\/pages"}],"about":[{"href":"https:\/\/groznjan-grisignana.hr\/it\/wp-json\/wp\/v2\/types\/page"}],"author":[{"embeddable":true,"href":"https:\/\/groznjan-grisignana.hr\/it\/wp-json\/wp\/v2\/users\/1"}],"replies":[{"embeddable":true,"href":"https:\/\/groznjan-grisignana.hr\/it\/wp-json\/wp\/v2\/comments?post=8111"}],"version-history":[{"count":1,"href":"https:\/\/groznjan-grisignana.hr\/it\/wp-json\/wp\/v2\/pages\/8111\/revisions"}],"predecessor-version":[{"id":8112,"href":"https:\/\/groznjan-grisignana.hr\/it\/wp-json\/wp\/v2\/pages\/8111\/revisions\/8112"}],"wp:attachment":[{"href":"https:\/\/groznjan-grisignana.hr\/it\/wp-json\/wp\/v2\/media?parent=8111"}],"curies":[{"name":"wp","href":"https:\/\/api.w.org\/{rel}","templated":true}]}}