{"id":8121,"date":"2023-01-23T10:21:45","date_gmt":"2023-01-23T10:21:45","guid":{"rendered":"https:\/\/groznjan-grisignana.hr\/odluke-opcinskog-vijeca\/"},"modified":"2023-07-25T09:21:38","modified_gmt":"2023-07-25T09:21:38","slug":"decisioni-del-consiglio","status":"publish","type":"page","link":"https:\/\/groznjan-grisignana.hr\/it\/decisioni-del-consiglio\/","title":{"rendered":"Decisioni del Consiglio"},"content":{"rendered":"<div class=\"fusion-fullwidth fullwidth-box fusion-builder-row-1 fusion-flex-container has-pattern-background has-mask-background nonhundred-percent-fullwidth non-hundred-percent-height-scrolling\" style=\"--awb-border-radius-top-left:0px;--awb-border-radius-top-right:0px;--awb-border-radius-bottom-right:0px;--awb-border-radius-bottom-left:0px;--awb-flex-wrap:wrap;\" ><div class=\"fusion-builder-row fusion-row fusion-flex-align-items-flex-start fusion-flex-content-wrap\" style=\"max-width:1216.8px;margin-left: calc(-4% \/ 2 );margin-right: calc(-4% \/ 2 );\"><div class=\"fusion-layout-column fusion_builder_column fusion-builder-column-0 fusion_builder_column_1_1 1_1 fusion-flex-column objava bold_title proracun\" style=\"--awb-bg-size:cover;--awb-width-large:100%;--awb-margin-top-large:15px;--awb-spacing-right-large:1.92%;--awb-margin-bottom-large:15px;--awb-spacing-left-large:1.92%;--awb-width-medium:100%;--awb-order-medium:0;--awb-spacing-right-medium:1.92%;--awb-spacing-left-medium:1.92%;--awb-width-small:100%;--awb-order-small:0;--awb-spacing-right-small:1.92%;--awb-spacing-left-small:1.92%;\"><div class=\"fusion-column-wrapper fusion-column-has-shadow fusion-flex-justify-content-flex-start fusion-content-layout-column\"><div class=\"fusion-title title fusion-title-1 fusion-sep-none fusion-title-text fusion-title-size-one\" style=\"--awb-margin-top-small:0px;--awb-margin-right-small:0px;--awb-margin-bottom-small:20px;--awb-margin-left-small:0px;\"><h1 class=\"fusion-title-heading title-heading-left fusion-responsive-typography-calculated\" style=\"margin:0;text-transform:capitalize;--fontSize:56;line-height:var(--awb-typography1-line-height);\">Decisioni del Consiglio<\/h1><\/div><div style=\"text-align:left;\"><a class=\"fusion-button button-flat button-small button-default fusion-button-default button-1 fusion-button-default-span fusion-button-default-type button_arhiva_2022\" style=\"--button-border-radius-top-left:5px;--button-border-radius-top-right:5px;--button-border-radius-bottom-right:5px;--button-border-radius-bottom-left:5px;--button_margin-bottom:10px;\" target=\"_blank\" rel=\"noopener noreferrer\" href=\"https:\/\/arhiva.groznjan-grisignana.hr\/index.php\/hr\/opcinska-uprava\/odluke-vijeca\"><span class=\"fusion-button-text awb-button__text awb-button__text--default\">Archivio 2022<\/span><\/a><\/div><div class=\"fusion-text fusion-text-1\"><p>Momentaneamente <span style=\"color: #a81818;\"><strong><span style=\"font-size: 14pt;\">tutta<\/span><\/strong><\/span> <span style=\"color: #a81818;\"><strong><span style=\"font-size: 14pt;\">la documentazione in lingua Italiana non \u00e8 disponibile<\/span><\/strong><\/span>, perci\u00f2 Vi invitiamo di consultare le nostre pagine in lingua Croata cambiando la lingua\u00a0cliccando sulla bandiera Croata in alto.<\/p>\n<\/div><div class=\"fusion-blog-shortcode fusion-blog-shortcode-1 fusion-blog-archive fusion-blog-layout-large fusion-blog-no fusion-blog-no-images\" style=\"--awb-title-font-size:20px;\"><div class=\"fusion-posts-container fusion-posts-container-no\" data-pages=\"0\"><article id=\"blog-1-post-8599\" class=\"fusion-post-large post-8599 post type-post status-publish format-standard hentry category-odluke-opcinskog-vijeca-it\">\n<div class=\"fusion-post-content post-content\"><h2 class=\"blog-shortcode-post-title entry-title\">Delibera sull&#8217;ordine comunale nel territorio del Comune di Gro\u017enjan Grisignana<\/h2><div class=\"fusion-post-content-container\"><p><a href=\"https:\/\/groznjan-grisignana.hr\/wp-content\/uploads\/2023\/07\/IT-rev-6-Odluka-o-komunalnom-redu-Opcine-Groznjan.doc\" target=\"_blank\" rel=\"noopener\">Delibera<\/a><\/p>\n<\/div><\/div><div class=\"fusion-clearfix\"><\/div><div class=\"fusion-meta-info\"><div class=\"fusion-alignleft\"><span class=\"vcard\" style=\"display: none;\"><span class=\"fn\"><a href=\"https:\/\/groznjan-grisignana.hr\/it\/author\/swebart\/\" title=\"Articoli scritti da swebart\" rel=\"author\">swebart<\/a><\/span><\/span><span class=\"updated\" style=\"display:none;\">2023-07-25T08:17:59+00:00<\/span><span>Dicembre 23rd, 2022<\/span><span class=\"fusion-inline-sep\">|<\/span><\/div><\/div><\/article>\n<article id=\"blog-1-post-8594\" class=\"fusion-post-large post-8594 post type-post status-publish format-standard hentry category-odluke-opcinskog-vijeca-it\">\n<div class=\"fusion-post-content post-content\"><h2 class=\"blog-shortcode-post-title entry-title\">Delibera sull&#8217;assistenza sociale nel Comune di Gro\u017enjan Grisignana<\/h2><div class=\"fusion-post-content-container\"><p><a href=\"https:\/\/groznjan-grisignana.hr\/wp-content\/uploads\/2023\/07\/IT-rev-5-Odluka-o-socijalnoj-skrbi-Opcine-Groznjan.doc\" target=\"_blank\" rel=\"noopener\">Delibera<\/a><\/p>\n<\/div><\/div><div class=\"fusion-clearfix\"><\/div><div class=\"fusion-meta-info\"><div class=\"fusion-alignleft\"><span class=\"vcard\" style=\"display: none;\"><span class=\"fn\"><a href=\"https:\/\/groznjan-grisignana.hr\/it\/author\/swebart\/\" title=\"Articoli scritti da swebart\" rel=\"author\">swebart<\/a><\/span><\/span><span class=\"updated\" style=\"display:none;\">2023-07-25T08:12:23+00:00<\/span><span>Novembre 26th, 2022<\/span><span class=\"fusion-inline-sep\">|<\/span><\/div><\/div><\/article>\n<article id=\"blog-1-post-8591\" class=\"fusion-post-large post-8591 post type-post status-publish format-standard hentry category-odluke-opcinskog-vijeca-it\">\n<div class=\"fusion-post-content post-content\"><h2 class=\"blog-shortcode-post-title entry-title\">Tariffario per il servizio di parcheggio<\/h2><div class=\"fusion-post-content-container\"><p><a href=\"https:\/\/groznjan-grisignana.hr\/wp-content\/uploads\/2023\/07\/IT-rev-4-Cjenik-usluge-parkiranja.doc\" target=\"_blank\" rel=\"noopener\">Tariffario<\/a><\/p>\n<\/div><\/div><div class=\"fusion-clearfix\"><\/div><div class=\"fusion-meta-info\"><div class=\"fusion-alignleft\"><span class=\"vcard\" style=\"display: none;\"><span class=\"fn\"><a href=\"https:\/\/groznjan-grisignana.hr\/it\/author\/swebart\/\" title=\"Articoli scritti da swebart\" rel=\"author\">swebart<\/a><\/span><\/span><span class=\"updated\" style=\"display:none;\">2023-07-25T08:02:02+00:00<\/span><span>Novembre 26th, 2022<\/span><span class=\"fusion-inline-sep\">|<\/span><\/div><\/div><\/article>\n<article id=\"blog-1-post-8556\" class=\"fusion-post-large post-8556 post type-post status-publish format-standard hentry category-odluke-opcinskog-vijeca-it\">\n<div class=\"fusion-post-content post-content\"><h2 class=\"blog-shortcode-post-title entry-title\">Tariffario per il servizio di utilizzo della toilette pubblica presso il parcheggio pubblico sovrastante il cimitero di Grisignana<\/h2><div class=\"fusion-post-content-container\"><p><a href=\"https:\/\/groznjan-grisignana.hr\/wp-content\/uploads\/2023\/07\/IT-rev-3-Cjenik-usluge-koristenja-javnog-wc-a.doc\" target=\"_blank\" rel=\"noopener\">Tariffario<\/a><\/p>\n<\/div><\/div><div class=\"fusion-clearfix\"><\/div><div class=\"fusion-meta-info\"><div class=\"fusion-alignleft\"><span class=\"vcard\" style=\"display: none;\"><span class=\"fn\"><a href=\"https:\/\/groznjan-grisignana.hr\/it\/author\/swebart\/\" title=\"Articoli scritti da swebart\" rel=\"author\">swebart<\/a><\/span><\/span><span class=\"updated\" style=\"display:none;\">2023-07-25T07:56:06+00:00<\/span><span>Novembre 26th, 2022<\/span><span class=\"fusion-inline-sep\">|<\/span><\/div><\/div><\/article>\n<article id=\"blog-1-post-8550\" class=\"fusion-post-large post-8550 post type-post status-publish format-standard hentry category-odluke-opcinskog-vijeca-it\">\n<div class=\"fusion-post-content post-content\"><h2 class=\"blog-shortcode-post-title entry-title\">Delibera sul valore del punto relativo all&#8217;imposta comunale<\/h2><div class=\"fusion-post-content-container\"><p><a href=\"https:\/\/groznjan-grisignana.hr\/wp-content\/uploads\/2023\/07\/IT-rev-2-Odluka-o-vrijednosti-boda-komunalne-naknade.doc\" target=\"_blank\" rel=\"noopener\">Delibera<\/a><\/p>\n<\/div><\/div><div class=\"fusion-clearfix\"><\/div><div class=\"fusion-meta-info\"><div class=\"fusion-alignleft\"><span class=\"vcard\" style=\"display: none;\"><span class=\"fn\"><a href=\"https:\/\/groznjan-grisignana.hr\/it\/author\/swebart\/\" title=\"Articoli scritti da swebart\" rel=\"author\">swebart<\/a><\/span><\/span><span class=\"updated\" style=\"display:none;\">2023-07-25T07:41:51+00:00<\/span><span>Novembre 26th, 2022<\/span><span class=\"fusion-inline-sep\">|<\/span><\/div><\/div><\/article>\n<article id=\"blog-1-post-8607\" class=\"fusion-post-large post-8607 post type-post status-publish format-standard hentry category-odluke-opcinskog-vijeca-it\">\n<div class=\"fusion-post-content post-content\"><h2 class=\"blog-shortcode-post-title entry-title\">Delibera sui tributi locali (comunali) del Comune di Gro\u017enjan Grisignana<\/h2><div class=\"fusion-post-content-container\"><p><a href=\"https:\/\/groznjan-grisignana.hr\/wp-content\/uploads\/2023\/07\/IT-rev-7-Odluka-o-lokalnim-porezima-Opcine-Groznjan.doc\" target=\"_blank\" rel=\"noopener\">Delibera<\/a><\/p>\n<\/div><\/div><div class=\"fusion-clearfix\"><\/div><div class=\"fusion-meta-info\"><div class=\"fusion-alignleft\"><span class=\"vcard\" style=\"display: none;\"><span class=\"fn\"><a href=\"https:\/\/groznjan-grisignana.hr\/it\/author\/swebart\/\" title=\"Articoli scritti da swebart\" rel=\"author\">swebart<\/a><\/span><\/span><span class=\"updated\" style=\"display:none;\">2023-07-25T09:17:58+00:00<\/span><span>Novembre 26th, 2022<\/span><span class=\"fusion-inline-sep\">|<\/span><\/div><\/div><\/article>\n<article id=\"blog-1-post-8543\" class=\"fusion-post-large post-8543 post type-post status-publish format-standard hentry category-odluke-opcinskog-vijeca-it\">\n<div class=\"fusion-post-content post-content\"><h2 class=\"blog-shortcode-post-title entry-title\">Delibera sull&#8217;imposta comunale<\/h2><div class=\"fusion-post-content-container\"><p><a href=\"https:\/\/groznjan-grisignana.hr\/wp-content\/uploads\/2023\/07\/IT-rev-1-Odluka-o-komunalnoj-naknadi.doc\" target=\"_blank\" rel=\"noopener\">Delibera<\/a><\/p>\n<\/div><\/div><div class=\"fusion-clearfix\"><\/div><div class=\"fusion-meta-info\"><div class=\"fusion-alignleft\"><span class=\"vcard\" style=\"display: none;\"><span class=\"fn\"><a href=\"https:\/\/groznjan-grisignana.hr\/it\/author\/swebart\/\" title=\"Articoli scritti da swebart\" rel=\"author\">swebart<\/a><\/span><\/span><span class=\"updated\" style=\"display:none;\">2023-07-25T07:32:03+00:00<\/span><span>Novembre 26th, 2022<\/span><span class=\"fusion-inline-sep\">|<\/span><\/div><\/div><\/article>\n<\/div><\/div><\/div><\/div><\/div><\/div>\n","protected":false},"excerpt":{"rendered":"","protected":false},"author":1,"featured_media":0,"parent":0,"menu_order":0,"comment_status":"closed","ping_status":"closed","template":"","meta":{"footnotes":""},"class_list":["post-8121","page","type-page","status-publish","hentry"],"yoast_head":"<!-- This site is optimized with the Yoast SEO plugin v27.3 - https:\/\/yoast.com\/product\/yoast-seo-wordpress\/ -->\n<title>Decisioni del Consiglio - Op\u0107ina Gro\u017enjan | Comune di Grisignana<\/title>\n<meta name=\"robots\" content=\"index, follow, max-snippet:-1, max-image-preview:large, max-video-preview:-1\" \/>\n<link rel=\"canonical\" href=\"https:\/\/groznjan-grisignana.hr\/it\/decisioni-del-consiglio\/\" \/>\n<meta property=\"og:locale\" content=\"it_IT\" \/>\n<meta property=\"og:type\" content=\"article\" \/>\n<meta property=\"og:title\" content=\"Decisioni del Consiglio - Op\u0107ina Gro\u017enjan | Comune di Grisignana\" \/>\n<meta property=\"og:url\" content=\"https:\/\/groznjan-grisignana.hr\/it\/decisioni-del-consiglio\/\" \/>\n<meta property=\"og:site_name\" content=\"Op\u0107ina Gro\u017enjan | Comune di Grisignana\" \/>\n<meta property=\"article:modified_time\" content=\"2023-07-25T09:21:38+00:00\" \/>\n<meta name=\"twitter:card\" content=\"summary_large_image\" \/>\n<meta name=\"twitter:label1\" content=\"Tempo di lettura stimato\" \/>\n\t<meta name=\"twitter:data1\" content=\"4 minuti\" \/>\n<script type=\"application\/ld+json\" class=\"yoast-schema-graph\">{\"@context\":\"https:\\\/\\\/schema.org\",\"@graph\":[{\"@type\":\"WebPage\",\"@id\":\"https:\\\/\\\/groznjan-grisignana.hr\\\/it\\\/decisioni-del-consiglio\\\/\",\"url\":\"https:\\\/\\\/groznjan-grisignana.hr\\\/it\\\/decisioni-del-consiglio\\\/\",\"name\":\"Decisioni del Consiglio - Op\u0107ina Gro\u017enjan | Comune di Grisignana\",\"isPartOf\":{\"@id\":\"https:\\\/\\\/groznjan-grisignana.hr\\\/#website\"},\"datePublished\":\"2023-01-23T10:21:45+00:00\",\"dateModified\":\"2023-07-25T09:21:38+00:00\",\"breadcrumb\":{\"@id\":\"https:\\\/\\\/groznjan-grisignana.hr\\\/it\\\/decisioni-del-consiglio\\\/#breadcrumb\"},\"inLanguage\":\"it-IT\",\"potentialAction\":[{\"@type\":\"ReadAction\",\"target\":[\"https:\\\/\\\/groznjan-grisignana.hr\\\/it\\\/decisioni-del-consiglio\\\/\"]}]},{\"@type\":\"BreadcrumbList\",\"@id\":\"https:\\\/\\\/groznjan-grisignana.hr\\\/it\\\/decisioni-del-consiglio\\\/#breadcrumb\",\"itemListElement\":[{\"@type\":\"ListItem\",\"position\":1,\"name\":\"Po\u010detna stranica\",\"item\":\"https:\\\/\\\/groznjan-grisignana.hr\\\/it\\\/\"},{\"@type\":\"ListItem\",\"position\":2,\"name\":\"Decisioni del Consiglio\"}]},{\"@type\":\"WebSite\",\"@id\":\"https:\\\/\\\/groznjan-grisignana.hr\\\/#website\",\"url\":\"https:\\\/\\\/groznjan-grisignana.hr\\\/\",\"name\":\"Op\u0107ina Gro\u017enjan | Comune di Grisignana\",\"description\":\"Slu\u017ebene stranice   \u2022   Sito ufficiale\",\"potentialAction\":[{\"@type\":\"SearchAction\",\"target\":{\"@type\":\"EntryPoint\",\"urlTemplate\":\"https:\\\/\\\/groznjan-grisignana.hr\\\/?s={search_term_string}\"},\"query-input\":{\"@type\":\"PropertyValueSpecification\",\"valueRequired\":true,\"valueName\":\"search_term_string\"}}],\"inLanguage\":\"it-IT\"}]}<\/script>\n<!-- \/ Yoast SEO plugin. -->","yoast_head_json":{"title":"Decisioni del Consiglio - Op\u0107ina Gro\u017enjan | Comune di Grisignana","robots":{"index":"index","follow":"follow","max-snippet":"max-snippet:-1","max-image-preview":"max-image-preview:large","max-video-preview":"max-video-preview:-1"},"canonical":"https:\/\/groznjan-grisignana.hr\/it\/decisioni-del-consiglio\/","og_locale":"it_IT","og_type":"article","og_title":"Decisioni del Consiglio - Op\u0107ina Gro\u017enjan | Comune di Grisignana","og_url":"https:\/\/groznjan-grisignana.hr\/it\/decisioni-del-consiglio\/","og_site_name":"Op\u0107ina Gro\u017enjan | Comune di Grisignana","article_modified_time":"2023-07-25T09:21:38+00:00","twitter_card":"summary_large_image","twitter_misc":{"Tempo di lettura stimato":"4 minuti"},"schema":{"@context":"https:\/\/schema.org","@graph":[{"@type":"WebPage","@id":"https:\/\/groznjan-grisignana.hr\/it\/decisioni-del-consiglio\/","url":"https:\/\/groznjan-grisignana.hr\/it\/decisioni-del-consiglio\/","name":"Decisioni del Consiglio - Op\u0107ina Gro\u017enjan | Comune di Grisignana","isPartOf":{"@id":"https:\/\/groznjan-grisignana.hr\/#website"},"datePublished":"2023-01-23T10:21:45+00:00","dateModified":"2023-07-25T09:21:38+00:00","breadcrumb":{"@id":"https:\/\/groznjan-grisignana.hr\/it\/decisioni-del-consiglio\/#breadcrumb"},"inLanguage":"it-IT","potentialAction":[{"@type":"ReadAction","target":["https:\/\/groznjan-grisignana.hr\/it\/decisioni-del-consiglio\/"]}]},{"@type":"BreadcrumbList","@id":"https:\/\/groznjan-grisignana.hr\/it\/decisioni-del-consiglio\/#breadcrumb","itemListElement":[{"@type":"ListItem","position":1,"name":"Po\u010detna stranica","item":"https:\/\/groznjan-grisignana.hr\/it\/"},{"@type":"ListItem","position":2,"name":"Decisioni del Consiglio"}]},{"@type":"WebSite","@id":"https:\/\/groznjan-grisignana.hr\/#website","url":"https:\/\/groznjan-grisignana.hr\/","name":"Op\u0107ina Gro\u017enjan | Comune di Grisignana","description":"Slu\u017ebene stranice   \u2022   Sito ufficiale","potentialAction":[{"@type":"SearchAction","target":{"@type":"EntryPoint","urlTemplate":"https:\/\/groznjan-grisignana.hr\/?s={search_term_string}"},"query-input":{"@type":"PropertyValueSpecification","valueRequired":true,"valueName":"search_term_string"}}],"inLanguage":"it-IT"}]}},"_links":{"self":[{"href":"https:\/\/groznjan-grisignana.hr\/it\/wp-json\/wp\/v2\/pages\/8121","targetHints":{"allow":["GET"]}}],"collection":[{"href":"https:\/\/groznjan-grisignana.hr\/it\/wp-json\/wp\/v2\/pages"}],"about":[{"href":"https:\/\/groznjan-grisignana.hr\/it\/wp-json\/wp\/v2\/types\/page"}],"author":[{"embeddable":true,"href":"https:\/\/groznjan-grisignana.hr\/it\/wp-json\/wp\/v2\/users\/1"}],"replies":[{"embeddable":true,"href":"https:\/\/groznjan-grisignana.hr\/it\/wp-json\/wp\/v2\/comments?post=8121"}],"version-history":[{"count":3,"href":"https:\/\/groznjan-grisignana.hr\/it\/wp-json\/wp\/v2\/pages\/8121\/revisions"}],"predecessor-version":[{"id":8610,"href":"https:\/\/groznjan-grisignana.hr\/it\/wp-json\/wp\/v2\/pages\/8121\/revisions\/8610"}],"wp:attachment":[{"href":"https:\/\/groznjan-grisignana.hr\/it\/wp-json\/wp\/v2\/media?parent=8121"}],"curies":[{"name":"wp","href":"https:\/\/api.w.org\/{rel}","templated":true}]}}