{"id":8125,"date":"2023-01-20T14:43:01","date_gmt":"2023-01-20T14:43:01","guid":{"rendered":"https:\/\/groznjan-grisignana.hr\/pristup-informacijama-2\/"},"modified":"2023-07-10T09:27:08","modified_gmt":"2023-07-10T09:27:08","slug":"accesso-informazioni","status":"publish","type":"page","link":"https:\/\/groznjan-grisignana.hr\/it\/accesso-informazioni\/","title":{"rendered":"Accesso informazioni"},"content":{"rendered":"<div class=\"fusion-fullwidth fullwidth-box fusion-builder-row-1 fusion-flex-container has-pattern-background has-mask-background nonhundred-percent-fullwidth non-hundred-percent-height-scrolling\" style=\"--awb-border-radius-top-left:0px;--awb-border-radius-top-right:0px;--awb-border-radius-bottom-right:0px;--awb-border-radius-bottom-left:0px;--awb-flex-wrap:wrap;\" ><div class=\"fusion-builder-row fusion-row fusion-flex-align-items-flex-start fusion-flex-content-wrap\" style=\"max-width:1216.8px;margin-left: calc(-4% \/ 2 );margin-right: calc(-4% \/ 2 );\"><div class=\"fusion-layout-column fusion_builder_column fusion-builder-column-0 fusion_builder_column_1_1 1_1 fusion-flex-column proracun objava bold_title\" style=\"--awb-bg-size:cover;--awb-width-large:100%;--awb-margin-top-large:15px;--awb-spacing-right-large:1.92%;--awb-margin-bottom-large:15px;--awb-spacing-left-large:1.92%;--awb-width-medium:100%;--awb-order-medium:0;--awb-spacing-right-medium:1.92%;--awb-spacing-left-medium:1.92%;--awb-width-small:100%;--awb-order-small:0;--awb-spacing-right-small:1.92%;--awb-spacing-left-small:1.92%;\"><div class=\"fusion-column-wrapper fusion-column-has-shadow fusion-flex-justify-content-flex-start fusion-content-layout-column\"><div class=\"fusion-title title fusion-title-1 fusion-sep-none fusion-title-text fusion-title-size-one\" style=\"--awb-margin-top-small:0px;--awb-margin-right-small:0px;--awb-margin-bottom-small:20px;--awb-margin-left-small:0px;\"><h1 class=\"fusion-title-heading title-heading-left fusion-responsive-typography-calculated\" style=\"margin:0;text-transform:capitalize;--fontSize:56;line-height:var(--awb-typography1-line-height);\">Accesso informazioni<\/h1><\/div><div class=\"fusion-blog-shortcode fusion-blog-shortcode-3 fusion-blog-archive fusion-blog-layout-large fusion-blog-no fusion-blog-no-images\" style=\"--awb-title-font-size:20px;\"><div class=\"fusion-posts-container fusion-posts-container-no\" data-pages=\"0\"><article id=\"blog-3-post-8190\" class=\"fusion-post-large post-8190 post type-post status-publish format-standard hentry category-pristup-informacija2-it\">\n<div class=\"fusion-post-content post-content\"><h2 class=\"blog-shortcode-post-title entry-title\">Pristup informacijama<\/h2><div class=\"fusion-post-content-container\"><div class=\"fusion-fullwidth fullwidth-box fusion-builder-row-1-1 fusion-flex-container has-pattern-background has-mask-background nonhundred-percent-fullwidth non-hundred-percent-height-scrolling\" style=\"--awb-border-radius-top-left:0px;--awb-border-radius-top-right:0px;--awb-border-radius-bottom-right:0px;--awb-border-radius-bottom-left:0px;--awb-flex-wrap:wrap;\" ><div class=\"fusion-builder-row fusion-row fusion-flex-align-items-flex-start fusion-flex-content-wrap\" style=\"width:104% !important;max-width:104% !important;margin-left: calc(-4% \/ 2 );margin-right: calc(-4% \/ 2 );\"><div class=\"fusion-layout-column fusion_builder_column fusion-builder-column-1 fusion_builder_column_1_1 1_1 fusion-flex-column objava\" style=\"--awb-bg-size:cover;--awb-width-large:100%;--awb-flex-grow:0;--awb-flex-shrink:0;--awb-margin-top-large:15px;--awb-spacing-right-large:1.92%;--awb-margin-bottom-large:15px;--awb-spacing-left-large:1.92%;--awb-width-medium:100%;--awb-order-medium:0;--awb-flex-grow-medium:0;--awb-flex-shrink-medium:0;--awb-spacing-right-medium:1.92%;--awb-spacing-left-medium:1.92%;--awb-width-small:100%;--awb-order-small:0;--awb-flex-grow-small:0;--awb-flex-shrink-small:0;--awb-spacing-right-small:1.92%;--awb-spacing-left-small:1.92%;\"><div class=\"fusion-column-wrapper fusion-column-has-shadow fusion-flex-justify-content-flex-start fusion-content-layout-column\"><div class=\"fusion-text fusion-text-1\"><div class=\"fusion-text fusion-text-2\">\n<p><strong>Upute, smjernice, obrasci<\/strong><\/p>\n<\/div>\n<p><a role=\"link\" href=\"https:\/\/groznjan-grisignana.hr\/wp-content\/uploads\/2022\/12\/Uputa-za-proaktivnu-objavu-informacija-Povjerenika-za-informiranje-2-1.pdf\" target=\"_blank\" rel=\"noopener\">Uputa za provedbu \u010dlanka 10. ZPPI \u2013 Proaktivna objava informacija<\/a><\/p>\n<p><a role=\"link\" href=\"https:\/\/groznjan-grisignana.hr\/wp-content\/uploads\/2022\/12\/Uputa-cl.13-ZPPI.pdf\" target=\"_blank\" rel=\"noopener\">Uputa za provedbu \u010dlanka 13. ZPPI<\/a><\/p>\n<div class=\"fusion-li-item-content\">\n<p><a role=\"link\" href=\"https:\/\/groznjan-grisignana.hr\/wp-content\/uploads\/2022\/12\/PI-Uputa-cl.-13-ZPPI-Prilog-Obrazac-za-dostavu-podataka.docx.pdf\" target=\"_blank\" rel=\"noopener\">Obrazac za dostavu podataka \u2013 \u010dlanak 13. ZPPI<\/a><\/p>\n<\/div>\n<p><a role=\"link\" href=\"https:\/\/groznjan-grisignana.hr\/wp-content\/uploads\/2022\/12\/Uputa-za-trg-drustva.pdf\" target=\"_blank\" rel=\"noopener\">Uputa za objavu godi\u0161njeg izvje\u0161\u0107a o poslovanju trgova\u010dkih dru\u0161tava u ve\u0107inskom vlasni\u0161tvu dr\u017eave, lokalnih i regionalnih jedinica<\/a><\/p>\n<p><a role=\"link\" href=\"https:\/\/groznjan-grisignana.hr\/wp-content\/uploads\/2022\/12\/PI-Smjernice-za-savjetovanja-s-javnoscu-cl.-11-ZPPI.pdf\" target=\"_blank\" rel=\"noopener\">Smjernice za provedbu \u010dlanka 11. ZPPI \u2013 Savjetovanja s javno\u0161\u0107u<\/a><\/p>\n<p><a role=\"link\" href=\"https:\/\/groznjan-grisignana.hr\/wp-content\/uploads\/2022\/12\/PI-Smjernice-Ugovor-o-zakupu-poslovnog-prostora.pdf\" target=\"_blank\" rel=\"noopener\">Smjernice za ugovore o zakupu poslovnog prostora<\/a><\/p>\n<p><a role=\"link\" href=\"https:\/\/groznjan-grisignana.hr\/wp-content\/uploads\/2022\/12\/Smjernice-za-natjecaje-za-zaposljavanje.pdf\" target=\"_blank\" rel=\"noopener\">Smjernice o pristupu informacijama u postupcima provedbe javnih natje\u010daja za zapo\u0161ljavanje, te postupak izbora i imenovanje putem javnih poziva u tijelima javne vlasti<\/a><\/p>\n<p><a role=\"link\" href=\"https:\/\/groznjan-grisignana.hr\/wp-content\/uploads\/2022\/12\/Smjernice-1-2017-Vijecnicka-pitanja-i-ZPPI.pdf\" target=\"_blank\" rel=\"noopener\">Smjernice za provedbu ZPPI: Vije\u0107ni\u010dka pitanja i Zakon o pravu na pristup informacijama<\/a><\/p>\n<p><a role=\"link\" href=\"https:\/\/groznjan-grisignana.hr\/wp-content\/uploads\/2022\/12\/Smjernice-Test-razmjernosti-i-javnog-interesa.pdf\" target=\"_blank\" rel=\"noopener\">Smjernice za test razmjernosti i javnog interesa<\/a><\/p>\n<p><a role=\"link\" href=\"https:\/\/groznjan-grisignana.hr\/wp-content\/uploads\/2022\/12\/Smjernice-Primjena-odredbe-o-zlouporabi-prava.pdf\" target=\"_blank\" rel=\"noopener\">Smjernice za primjenu odredbe o zlouporabi prava<\/a><\/p>\n<p><a role=\"link\" href=\"https:\/\/groznjan-grisignana.hr\/wp-content\/uploads\/2022\/12\/Smjernice-Javnost-rada.pdf\" target=\"_blank\" rel=\"noopener\">Smjernice za javnost rad<\/a><\/p>\n<p><a role=\"link\" href=\"https:\/\/groznjan-grisignana.hr\/wp-content\/uploads\/2022\/12\/Smjernica-za-objavu-informacija-o-ostvarivanju-PPI-1.pdf\" target=\"_blank\" rel=\"noopener\">Smjernice za objavu informacija o pravu na pristup informacijama i ponovnu uporabu informacija<\/a><\/p>\n<p><a role=\"link\" href=\"https:\/\/groznjan-grisignana.hr\/wp-content\/uploads\/2022\/12\/Smjernice-za-objavu-proracunskih-dokumenata-u-otvorenom-formatu-1.pdf\" target=\"_blank\" rel=\"noopener\">Smjernice za objavu prora\u010dunskih dokumenata i izvje\u0161\u0107a u otvorenom formatu<\/a><\/p>\n<p><a role=\"link\" href=\"https:\/\/groznjan-grisignana.hr\/wp-content\/uploads\/2022\/12\/Smjernica-za-objavu-informacija-o-unutarnjem-ustrojstvu.pdf\" target=\"_blank\" rel=\"noopener\">Smjernice za objavu informacija o unutarnjem ustrojstvu tijela javne vlasti<\/a><\/p>\n<div class=\"fusion-text fusion-text-3\">\n<p><strong>Preuzimanje obrazaca<\/strong><\/p>\n<\/div>\n<p><a role=\"link\" href=\"https:\/\/groznjan-grisignana.hr\/wp-content\/uploads\/2022\/12\/Obrazac_zahtjeva_za_pristup_informacijama-1.pdf\" target=\"_blank\" rel=\"noopener\">Zahtjev za pristup informacijama<\/a><\/p>\n<p><a role=\"link\" href=\"https:\/\/groznjan-grisignana.hr\/wp-content\/uploads\/2022\/12\/Obrazac-3-Zahtjev-za-dopunu-ili-ispravak-informacije-1.pdf\" target=\"_blank\" rel=\"noopener\">Zahtjev za dopunu ili ispravak informacije<\/a><\/p>\n<p><a role=\"link\" href=\"https:\/\/groznjan-grisignana.hr\/wp-content\/uploads\/2022\/12\/Obrazac-4-Zahtjev-za-ponovnu-uporabu-informacija-1.pdf\" target=\"_blank\" rel=\"noopener\">Zahtjev za ponovnu uporabu informacija<\/a><\/p>\n<p><a role=\"link\" href=\"https:\/\/groznjan-grisignana.hr\/wp-content\/uploads\/2022\/12\/Zalba-protiv-rjesenja-pristup-informacijama.pdf\" target=\"_blank\" rel=\"noopener\">\u017dalba protiv rje\u0161enja pristup informacijama<\/a><\/p>\n<p><a role=\"link\" href=\"https:\/\/groznjan-grisignana.hr\/wp-content\/uploads\/2022\/12\/Zalba-sutnja-uprave-pristup-informacijama.pdf\" target=\"_blank\" rel=\"noopener\">\u017dalba \u0161utnja uprave pristup informacijama<\/a><\/p>\n<p><a role=\"link\" href=\"https:\/\/groznjan-grisignana.hr\/wp-content\/uploads\/2022\/12\/Zalba-protiv-rjesenja-ponovna-uporaba-informacija.pdf\" target=\"_blank\" rel=\"noopener\">\u017dalba protiv rje\u0161enja ponovna uporaba informacija<\/a><\/p>\n<p><a role=\"link\" href=\"https:\/\/groznjan-grisignana.hr\/wp-content\/uploads\/2022\/12\/Zalba-sutnja-uprave-ponovna-uporaba-informacija.pdf\" target=\"_blank\" rel=\"noopener\">\u017dalba \u0161utnja uprave ponovna uporaba informacija<\/a><\/p>\n<p><a role=\"link\" href=\"https:\/\/groznjan-grisignana.hr\/wp-content\/uploads\/2022\/12\/Obrazac-1-Upisnik.pdf\" target=\"_blank\" rel=\"noopener\">Upisnik o zahtjevima, postupcima i odlukama o ostvarivanju prava na pristup informacijama i ponovnu uporabu informacija<\/a><\/p>\n<div class=\"fusion-text fusion-text-4\">\n<p><a role=\"link\" href=\"https:\/\/groznjan-grisignana.hr\/wp-content\/uploads\/2022\/12\/Godisnje_izvjesce_2018.pdf\" target=\"_blank\" rel=\"noopener\">Izvje\u0161\u0107e o provedbi Zakona o pravu na pristup informacijama za 2018. godinu<\/a><\/p>\n<\/div>\n<p><a role=\"link\" href=\"https:\/\/groznjan-grisignana.hr\/wp-content\/uploads\/2022\/12\/Godisnje_izvjesce_2020.pdf\" target=\"_blank\" rel=\"noopener\">Godisnje izvje\u0161\u0107e 2020<\/a><\/p>\n<p><a role=\"link\" href=\"https:\/\/groznjan-grisignana.hr\/wp-content\/uploads\/2022\/12\/Godisnje_izvjesce_4.pdf\" target=\"_blank\" rel=\"noopener\">Godi\u0161nje izvje\u0161\u0107e o provedbi ZPPI za 2017.<\/a><\/p>\n<p><a role=\"link\" href=\"https:\/\/groznjan-grisignana.hr\/wp-content\/uploads\/2022\/12\/Godisnje-izvjesce-2019.pdf\" target=\"_blank\" rel=\"noopener\">Godi\u0161nje izvje\u0161\u0107e o provedbi zppi za 2019.g. \u2013 relazione per il 2019.<\/a><\/p>\n<p><a role=\"link\" href=\"https:\/\/groznjan-grisignana.hr\/wp-content\/uploads\/2022\/12\/Izjava_transparentnost_i_otvorenosr_tijela_javne_vlasti.pdf\" target=\"_blank\" rel=\"noopener\">Izjava: transparentnost i otvorenosr tijela javne vlasti<\/a><\/p>\n<p><a role=\"link\" href=\"https:\/\/groznjan-grisignana.hr\/wp-content\/uploads\/2022\/12\/Godisnje_izvjesce_1.pdf\" target=\"_blank\" rel=\"noopener\">Izvje\u0161\u0107e o provedbi Zakona o pravu na pristup informacijama za 2015. godinu<\/a><\/p>\n<p><a role=\"link\" href=\"https:\/\/groznjan-grisignana.hr\/wp-content\/uploads\/2022\/12\/Godisnje_izvjesce_3.pdf\" target=\"_blank\" rel=\"noopener\">Izvje\u0161\u0107e o provedbi Zakona o pravu na pristup informacijama za 2016. godinu<\/a><\/p>\n<p><a role=\"link\" href=\"https:\/\/groznjan-grisignana.hr\/wp-content\/uploads\/2022\/12\/Godisnje_izvjesce_2018-1.pdf\" target=\"_blank\" rel=\"noopener\">Izvje\u0161\u0107e o provedbi Zakona o pravu na pristup informacijama za 2018. godinu<\/a><\/p>\n<p><a role=\"link\" href=\"https:\/\/groznjan-grisignana.hr\/wp-content\/uploads\/2022\/12\/Godisnje_izvjesce_6.pdf\" target=\"_blank\" rel=\"noopener\">Izvje\u0161\u0107e o provedbi Zakona o pravu na pristup informacijama za 2021. godinu<\/a><\/p>\n<p><a role=\"link\" href=\"https:\/\/groznjan-grisignana.hr\/wp-content\/uploads\/2022\/12\/Obrazac_zahtjeva_za_pristup_informacijama.pdf\" target=\"_blank\" rel=\"noopener\">Obrazac zahtjeva za pristup informacijama<\/a><\/p>\n<p><a role=\"link\" href=\"https:\/\/groznjan-grisignana.hr\/wp-content\/uploads\/2022\/12\/Odluka_o_imenov.sluYbene_osobe_za_inform.pdf\" target=\"_blank\" rel=\"noopener\">Odluka o imenov.slu\u017ebene osobe za inform str 1.<\/a><\/p>\n<p><a role=\"link\" href=\"https:\/\/groznjan-grisignana.hr\/wp-content\/uploads\/2022\/12\/Odluka_o_imenov.sluYbene_osobe_za_inform_str_2..pdf\" target=\"_blank\" rel=\"noopener\">Odluka o imenov.slu\u017ebene osobe za inform str 2.<\/a><\/p>\n<p><a role=\"link\" href=\"https:\/\/groznjan-grisignana.hr\/wp-content\/uploads\/2022\/12\/Odluka_o_imenov.sluYbene_osobe_za_inform_str_3..pdf\" target=\"_blank\" rel=\"noopener\">Odluka o imenov.slu\u017ebene osobe za inform str 3.<\/a><\/p>\n<p><a role=\"link\" href=\"https:\/\/groznjan-grisignana.hr\/wp-content\/uploads\/2022\/12\/Zakon_o_pravu_na_pristup_informacijama__NN_25_13_1.pdf\" target=\"_blank\" rel=\"noopener\">Zakon o pravu na pristup informacijama NN 25 13<\/a><\/p>\n<\/div><\/div><\/div><\/div><\/div>\n<\/div><\/div><div class=\"fusion-clearfix\"><\/div><div class=\"fusion-meta-info\"><div class=\"fusion-alignleft\"><span class=\"vcard\" style=\"display: none;\"><span class=\"fn\"><a href=\"https:\/\/groznjan-grisignana.hr\/it\/author\/swebart\/\" title=\"Articoli scritti da swebart\" rel=\"author\">swebart<\/a><\/span><\/span><span class=\"updated\" style=\"display:none;\">2024-04-10T10:28:04+00:00<\/span><span>Luglio 17th, 2014<\/span><span class=\"fusion-inline-sep\">|<\/span><\/div><\/div><\/article>\n<\/div><\/div><div class=\"fusion-text fusion-text-2 fusion-text-no-margin\" style=\"--awb-margin-top:40px;--awb-margin-bottom:40px;\"><p>Momentaneamente <span style=\"color: #a81818;\"><strong><span style=\"font-size: 14pt;\">la documentazione in lingua Italiana non \u00e8 disponibile<\/span><\/strong><\/span>, perci\u00f2 Vi invitiamo di consultare le nostre pagine in lingua Croata cambiando la lingua\u00a0cliccando sulla bandiera Croata in alto.<\/p>\n<\/div>\n<\/div><\/div><\/div><\/div>\n","protected":false},"excerpt":{"rendered":"","protected":false},"author":1,"featured_media":0,"parent":0,"menu_order":0,"comment_status":"closed","ping_status":"closed","template":"","meta":{"footnotes":""},"class_list":["post-8125","page","type-page","status-publish","hentry"],"yoast_head":"<!-- This site is optimized with the Yoast SEO plugin v27.3 - https:\/\/yoast.com\/product\/yoast-seo-wordpress\/ -->\n<title>Accesso informazioni - Op\u0107ina Gro\u017enjan | Comune di Grisignana<\/title>\n<meta name=\"robots\" content=\"index, follow, max-snippet:-1, max-image-preview:large, max-video-preview:-1\" \/>\n<link rel=\"canonical\" href=\"https:\/\/groznjan-grisignana.hr\/it\/accesso-informazioni\/\" \/>\n<meta property=\"og:locale\" content=\"it_IT\" \/>\n<meta property=\"og:type\" content=\"article\" \/>\n<meta property=\"og:title\" content=\"Accesso informazioni - Op\u0107ina Gro\u017enjan | Comune di Grisignana\" \/>\n<meta property=\"og:url\" content=\"https:\/\/groznjan-grisignana.hr\/it\/accesso-informazioni\/\" \/>\n<meta property=\"og:site_name\" content=\"Op\u0107ina Gro\u017enjan | Comune di Grisignana\" \/>\n<meta property=\"article:modified_time\" content=\"2023-07-10T09:27:08+00:00\" \/>\n<meta name=\"twitter:card\" content=\"summary_large_image\" \/>\n<meta name=\"twitter:label1\" content=\"Tempo di lettura stimato\" \/>\n\t<meta name=\"twitter:data1\" content=\"4 minuti\" \/>\n<script type=\"application\/ld+json\" class=\"yoast-schema-graph\">{\"@context\":\"https:\\\/\\\/schema.org\",\"@graph\":[{\"@type\":\"WebPage\",\"@id\":\"https:\\\/\\\/groznjan-grisignana.hr\\\/it\\\/accesso-informazioni\\\/\",\"url\":\"https:\\\/\\\/groznjan-grisignana.hr\\\/it\\\/accesso-informazioni\\\/\",\"name\":\"Accesso informazioni - Op\u0107ina Gro\u017enjan | Comune di Grisignana\",\"isPartOf\":{\"@id\":\"https:\\\/\\\/groznjan-grisignana.hr\\\/#website\"},\"datePublished\":\"2023-01-20T14:43:01+00:00\",\"dateModified\":\"2023-07-10T09:27:08+00:00\",\"breadcrumb\":{\"@id\":\"https:\\\/\\\/groznjan-grisignana.hr\\\/it\\\/accesso-informazioni\\\/#breadcrumb\"},\"inLanguage\":\"it-IT\",\"potentialAction\":[{\"@type\":\"ReadAction\",\"target\":[\"https:\\\/\\\/groznjan-grisignana.hr\\\/it\\\/accesso-informazioni\\\/\"]}]},{\"@type\":\"BreadcrumbList\",\"@id\":\"https:\\\/\\\/groznjan-grisignana.hr\\\/it\\\/accesso-informazioni\\\/#breadcrumb\",\"itemListElement\":[{\"@type\":\"ListItem\",\"position\":1,\"name\":\"Po\u010detna stranica\",\"item\":\"https:\\\/\\\/groznjan-grisignana.hr\\\/it\\\/\"},{\"@type\":\"ListItem\",\"position\":2,\"name\":\"Accesso informazioni\"}]},{\"@type\":\"WebSite\",\"@id\":\"https:\\\/\\\/groznjan-grisignana.hr\\\/#website\",\"url\":\"https:\\\/\\\/groznjan-grisignana.hr\\\/\",\"name\":\"Op\u0107ina Gro\u017enjan | Comune di Grisignana\",\"description\":\"Slu\u017ebene stranice   \u2022   Sito ufficiale\",\"potentialAction\":[{\"@type\":\"SearchAction\",\"target\":{\"@type\":\"EntryPoint\",\"urlTemplate\":\"https:\\\/\\\/groznjan-grisignana.hr\\\/?s={search_term_string}\"},\"query-input\":{\"@type\":\"PropertyValueSpecification\",\"valueRequired\":true,\"valueName\":\"search_term_string\"}}],\"inLanguage\":\"it-IT\"}]}<\/script>\n<!-- \/ Yoast SEO plugin. -->","yoast_head_json":{"title":"Accesso informazioni - Op\u0107ina Gro\u017enjan | Comune di Grisignana","robots":{"index":"index","follow":"follow","max-snippet":"max-snippet:-1","max-image-preview":"max-image-preview:large","max-video-preview":"max-video-preview:-1"},"canonical":"https:\/\/groznjan-grisignana.hr\/it\/accesso-informazioni\/","og_locale":"it_IT","og_type":"article","og_title":"Accesso informazioni - Op\u0107ina Gro\u017enjan | Comune di Grisignana","og_url":"https:\/\/groznjan-grisignana.hr\/it\/accesso-informazioni\/","og_site_name":"Op\u0107ina Gro\u017enjan | Comune di Grisignana","article_modified_time":"2023-07-10T09:27:08+00:00","twitter_card":"summary_large_image","twitter_misc":{"Tempo di lettura stimato":"4 minuti"},"schema":{"@context":"https:\/\/schema.org","@graph":[{"@type":"WebPage","@id":"https:\/\/groznjan-grisignana.hr\/it\/accesso-informazioni\/","url":"https:\/\/groznjan-grisignana.hr\/it\/accesso-informazioni\/","name":"Accesso informazioni - Op\u0107ina Gro\u017enjan | Comune di Grisignana","isPartOf":{"@id":"https:\/\/groznjan-grisignana.hr\/#website"},"datePublished":"2023-01-20T14:43:01+00:00","dateModified":"2023-07-10T09:27:08+00:00","breadcrumb":{"@id":"https:\/\/groznjan-grisignana.hr\/it\/accesso-informazioni\/#breadcrumb"},"inLanguage":"it-IT","potentialAction":[{"@type":"ReadAction","target":["https:\/\/groznjan-grisignana.hr\/it\/accesso-informazioni\/"]}]},{"@type":"BreadcrumbList","@id":"https:\/\/groznjan-grisignana.hr\/it\/accesso-informazioni\/#breadcrumb","itemListElement":[{"@type":"ListItem","position":1,"name":"Po\u010detna stranica","item":"https:\/\/groznjan-grisignana.hr\/it\/"},{"@type":"ListItem","position":2,"name":"Accesso informazioni"}]},{"@type":"WebSite","@id":"https:\/\/groznjan-grisignana.hr\/#website","url":"https:\/\/groznjan-grisignana.hr\/","name":"Op\u0107ina Gro\u017enjan | Comune di Grisignana","description":"Slu\u017ebene stranice   \u2022   Sito ufficiale","potentialAction":[{"@type":"SearchAction","target":{"@type":"EntryPoint","urlTemplate":"https:\/\/groznjan-grisignana.hr\/?s={search_term_string}"},"query-input":{"@type":"PropertyValueSpecification","valueRequired":true,"valueName":"search_term_string"}}],"inLanguage":"it-IT"}]}},"_links":{"self":[{"href":"https:\/\/groznjan-grisignana.hr\/it\/wp-json\/wp\/v2\/pages\/8125","targetHints":{"allow":["GET"]}}],"collection":[{"href":"https:\/\/groznjan-grisignana.hr\/it\/wp-json\/wp\/v2\/pages"}],"about":[{"href":"https:\/\/groznjan-grisignana.hr\/it\/wp-json\/wp\/v2\/types\/page"}],"author":[{"embeddable":true,"href":"https:\/\/groznjan-grisignana.hr\/it\/wp-json\/wp\/v2\/users\/1"}],"replies":[{"embeddable":true,"href":"https:\/\/groznjan-grisignana.hr\/it\/wp-json\/wp\/v2\/comments?post=8125"}],"version-history":[{"count":1,"href":"https:\/\/groznjan-grisignana.hr\/it\/wp-json\/wp\/v2\/pages\/8125\/revisions"}],"predecessor-version":[{"id":8126,"href":"https:\/\/groznjan-grisignana.hr\/it\/wp-json\/wp\/v2\/pages\/8125\/revisions\/8126"}],"wp:attachment":[{"href":"https:\/\/groznjan-grisignana.hr\/it\/wp-json\/wp\/v2\/media?parent=8125"}],"curies":[{"name":"wp","href":"https:\/\/api.w.org\/{rel}","templated":true}]}}