{"id":8149,"date":"2022-12-14T07:44:17","date_gmt":"2022-12-14T07:44:17","guid":{"rendered":"https:\/\/groznjan-grisignana.hr\/obrtnici-i-firme\/"},"modified":"2025-01-17T08:59:34","modified_gmt":"2025-01-17T08:59:34","slug":"artigiani-e-aziende","status":"publish","type":"page","link":"https:\/\/groznjan-grisignana.hr\/it\/artigiani-e-aziende\/","title":{"rendered":"Artigiani e aziende"},"content":{"rendered":"<div class=\"fusion-fullwidth fullwidth-box fusion-builder-row-1 fusion-flex-container has-pattern-background has-mask-background nonhundred-percent-fullwidth non-hundred-percent-height-scrolling\" style=\"--awb-border-radius-top-left:0px;--awb-border-radius-top-right:0px;--awb-border-radius-bottom-right:0px;--awb-border-radius-bottom-left:0px;--awb-flex-wrap:wrap;\" ><div class=\"fusion-builder-row fusion-row fusion-flex-align-items-flex-start fusion-flex-content-wrap\" style=\"max-width:1216.8px;margin-left: calc(-4% \/ 2 );margin-right: calc(-4% \/ 2 );\"><div class=\"fusion-layout-column fusion_builder_column fusion-builder-column-0 fusion_builder_column_1_2 1_2 fusion-flex-column\" style=\"--awb-bg-size:cover;--awb-width-large:50%;--awb-margin-top-large:15px;--awb-spacing-right-large:3.84%;--awb-margin-bottom-large:15px;--awb-spacing-left-large:3.84%;--awb-width-medium:100%;--awb-order-medium:0;--awb-spacing-right-medium:1.92%;--awb-spacing-left-medium:1.92%;--awb-width-small:100%;--awb-order-small:0;--awb-spacing-right-small:1.92%;--awb-spacing-left-small:1.92%;\"><div class=\"fusion-column-wrapper fusion-column-has-shadow fusion-flex-justify-content-flex-start fusion-content-layout-column\"><div class=\"fusion-title title fusion-title-1 sep-underline sep-solid fusion-title-text fusion-title-size-one\" style=\"--awb-margin-top-small:0px;--awb-margin-right-small:0px;--awb-margin-bottom-small:20px;--awb-margin-left-small:0px;--awb-font-size:35px;\"><h1 class=\"fusion-title-heading title-heading-left fusion-responsive-typography-calculated\" style=\"margin:0;text-transform:capitalize;font-size:1em;--fontSize:35;line-height:var(--awb-typography1-line-height);\">Artigiani e aziende<\/h1><\/div><\/div><\/div><div class=\"fusion-layout-column fusion_builder_column fusion-builder-column-1 fusion_builder_column_1_2 1_2 fusion-flex-column\" style=\"--awb-bg-size:cover;--awb-width-large:50%;--awb-margin-top-large:15px;--awb-spacing-right-large:3.84%;--awb-margin-bottom-large:15px;--awb-spacing-left-large:3.84%;--awb-width-medium:100%;--awb-order-medium:0;--awb-spacing-right-medium:1.92%;--awb-spacing-left-medium:1.92%;--awb-width-small:100%;--awb-order-small:0;--awb-spacing-right-small:1.92%;--awb-spacing-left-small:1.92%;\"><div class=\"fusion-column-wrapper fusion-column-has-shadow fusion-flex-justify-content-flex-start fusion-content-layout-column\"><\/div><\/div><div class=\"fusion-layout-column fusion_builder_column fusion-builder-column-2 fusion_builder_column_1_1 1_1 fusion-flex-column\" style=\"--awb-bg-size:cover;--awb-width-large:100%;--awb-margin-top-large:15px;--awb-spacing-right-large:1.92%;--awb-margin-bottom-large:0px;--awb-spacing-left-large:1.92%;--awb-width-medium:100%;--awb-order-medium:0;--awb-spacing-right-medium:1.92%;--awb-spacing-left-medium:1.92%;--awb-width-small:100%;--awb-order-small:0;--awb-spacing-right-small:1.92%;--awb-spacing-left-small:1.92%;\"><div class=\"fusion-column-wrapper fusion-column-has-shadow fusion-flex-justify-content-flex-start fusion-content-layout-column\"><div class=\"fusion-text fusion-text-1 fusion-text-no-margin\" style=\"--awb-margin-bottom:0px;\"><p>AUTOLIMAR<\/p>\n<p>Autolimar<br \/>\nVl. Aldo \u0160orgo<br \/>\n\u0160terna 17 A, Gro\u017enjan<br \/>\nTel: 00385 52\/ 644 075<\/p>\n<p>ALUMINIJSKA BRAVARIJA<\/p>\n<p>Mauro Reganzin<br \/>\nLjubi\u0107i 104\/A<br \/>\n52429 Gro\u017enjan<\/p>\n<p>AUTOPRIJEVOZNIK I GA\u0110EVINSKA MEHANIZACIJA<\/p>\n<p>\u201eIskopi Adriano\u201c<br \/>\nPeroj 13, 52429 Gro\u017enjan<br \/>\nMob. 098 219 005<\/p>\n<p>Zemljani radovi-Antolovi\u0107<br \/>\nPeroj 13b, 52429 Gro\u017enjan<br \/>\nTel: 052\/ 776 107<br \/>\nmob: 091\/ 504 72 44<\/p>\n<p>Autoprijevoznik Mauricio De\u0161kovi\u0107<br \/>\nKostajnica 58, 52429 Gro\u017enjan<\/p>\n<p>Autoprijevoznik Dario Jugovac<br \/>\n\u0160trcaj 67, 52429 Gro\u017enjan<\/p>\n<p>\u201eAdriano\u201c polj.djelat. i autoprijevoz Adiano Makovac<\/p>\n<p>Me\u0161tri, 52429 Gro\u017enjan<\/p>\n<p>Autoprijevoznik Maurilio Makovac<br \/>\nKalcini Veliki 83<br \/>\n52429 Gro\u017enjan &#8211; Grisignana<br \/>\nTel: 00385 52\/ 776 210<\/p>\n<p>Obrt za gra\u0111. mehanizaciju vl. Branko Pincin<\/p>\n<p>Zavr\u0161je 57, 52429 Gro\u017enjan<\/p>\n<p>Tel: 091\/563 38 68<\/p>\n<p>Autoprijevoznik i gra\u0111evinska mehanizacija Bruno \u0160tokovac<br \/>\nMu\u017ei\u0107i 52, 52429 Gro\u017enjan<br \/>\nTel: 00385 52\/ 644 156<\/p>\n<p>Autoprijevoznik Dante \u0160tokovac<br \/>\nMu\u017ei\u0107i 52, 52429 Gro\u017enjan<\/p>\n<p>ISKOP, vl. Dario \u0160aule<br \/>\nDonja Gomila 1, 52429 Gro\u017enjan<br \/>\nTel: 00385 52\/ 731 003<\/p>\n<p>UGOSTITELJSTVO<\/p>\n<p>OBRT \u201eDANY\u201c-Danijel Bo\u017ei\u0107<br \/>\nPerti\u0107i 92, 52429 Gro\u017enjan<\/p>\n<p>CAFFE BAR \u201eVero\u201c, Korner 3, 52429 Gro\u017enjan<\/p>\n<p>PIZZERIA \u201eAmodomio\u201c, Korner 1, 52429 Gro\u017enjan<\/p>\n<p>Tel: 052\/776-026<\/p>\n<p>\u201eSteak, Wine &amp; Food\u201c Mama Maria \u2013<\/p>\n<p>Gro\u017enjan, Park Ladonja.<\/p>\n<p>Ugostiteljski obrt \u201eKornarija\u201cvl. Marija \u010cerneka<\/p>\n<p>Konoba \u201ePintur\u201c<\/p>\n<p>M. Gorjana 9, 52429 Gro\u017enjan<\/p>\n<p>Tel: 052\/776-397<\/p>\n<p>Obrt za ugostiteljstvo \u201eAngelo\u201c<\/p>\n<p>Restoran \u201eBastia\u201c<\/p>\n<p>1.Maja 1, 52429 Gro\u017enjan<\/p>\n<p>Tel: 052\/776-370<\/p>\n<p>Suzana De\u0161kovi\u0107 Orzan OBRT za ugostiteljstvo<\/p>\n<p>Trattoria-Konoba &#8220;TRE VOLTI&#8221;<\/p>\n<p>Klija 19, Martin\u010di\u0107i, 52429 Gro\u017enjan<\/p>\n<p>Tel: 052\/776-389<\/p>\n<p>Mob: 091\/7524145<\/p>\n<p>PROIZVODNJA VINA<\/p>\n<p>\u201eVina Zigante\u201c-Poljoprivredni obrt Duvilio Zigante<\/p>\n<p>Kostanjica 66, 52429 Gro\u017enjan<\/p>\n<p>Tel:<\/p>\n<p>STOLARIJA I ELEKTROINSTALACIJSKI RADOVI<\/p>\n<p>STOLARIJA \u201eDENIS\u201c<\/p>\n<p>Antonci 6, 52429 Gro\u017enjan<\/p>\n<p>Tel: 00385 91\/250 93 66<\/p>\n<p>MINI MARKET-GRO\u017dNJAN<\/p>\n<p>Trgovina mje\u0161ovitom robom &#8220;Fiorini d.o.o.&#8221;<br \/>\nUmberta Gorjana 1,52429<br \/>\nGro\u017enjan &#8211; Grisignana<br \/>\nTel: 052\/ 776 137<\/p>\n<p>FRATELLINI FINE FOOD<\/p>\n<p>Mate Gorjana 7, 52429 Gro\u017enjan<\/p>\n<p>Tel: 052\/776-114<\/p>\n<p>Runst&amp;Delikatessen<\/p>\n<p>Bra\u0107e Korva 14, 52429 Gro\u017enjan<\/p>\n<p>Tel: 052\/776-085<\/p>\n<p>UZGOJ SADNOG MATERIJALA I UKRASNOG BILJA<\/p>\n<p>LOMBIFARM<\/p>\n<p>Kave 7, 52429 Gro\u017enjan<\/p>\n<p>Tel:<\/p>\n<p>____________________________________________________<\/p>\n<p>Agro-kapital d.o.o. za usluge u poljoprivredi<\/p>\n<p>Kostanjica, Vrh Kostanjice 78b, 52429 Gro\u017enjan<\/p>\n<p>Bice, proizvodnja, trgovina i usluge, d.o.o.<\/p>\n<p>Pa\u0161udija 56, 52429 Gro\u017enjan<\/p>\n<p>DUGA UVALA d.o.o. za ugostiteljstvo i turizam<\/p>\n<p>Kostanjica 58, 52429 Gro\u017enjan<\/p>\n<p>FANTASTIC FOUR d.o.o. za ugostiteljstvo<\/p>\n<p>Ulica bra\u0107e Korva 14, 52429 Gro\u017enjan<\/p>\n<p>JUPITERUS d.o.o. za proizvodnju i trgovinu<\/p>\n<p>Sv.Juraj bb, 52429 Gro\u017enjan<\/p>\n<p>Kostajnica Vivit d.o.o. za poslovanje i upravljanje nekretninama<\/p>\n<p>Kostanjica 22, 52429<\/p>\n<p>Macura travel turisti\u010dka agencija d.o.o.<\/p>\n<p>Poropati 63, 52429 Gro\u017enjan<\/p>\n<p>METALKO Buje d.d. za proizvodnju opreme za ugostiteljstvo i proizvoda iz lijevane bronce i aluminija<\/p>\n<p>Kave 6\/a, 52429 Gro\u017enjan<\/p>\n<p>MIRIS d.o.o. za turizam i usluge, turisti\u010dka agencija<\/p>\n<p>De\u0161kovi\u0107i bb, 52429 Gro\u017enjan<\/p>\n<p>Pegan d.o.o. za trgovinu, usluge i turisti\u010dka agencija<\/p>\n<p>Ul.V.Gortana 7, 52429 Gro\u017enjan<\/p>\n<p>PERO &amp; CO d.o.o. za gra\u0111evinarstvo i trgovinu<\/p>\n<p>\u0160terna 6, 52428 Oprtalj<\/p>\n<p>PHARUS MENTIS d.o.o. za trgovinu i usluge<\/p>\n<p>Martin\u010di\u0107i 20, 52429 Gro\u017enjan<\/p>\n<p>POD DIONISI d.o.o. za poslovanje nekretninama<\/p>\n<p>Mandrije 69, Zavr\u0161je, 52429 Gro\u017enjan<\/p>\n<p>TECHNA ALFA d.o.o. za trgovinu i usluge<\/p>\n<p>Martin\u010di\u0107i, Klija 22 A, 52429 Gro\u017enjan<\/p>\n<p>ZIGANTE d.o.o za trgovinu, preradu tartufa, proizvodnju, usluge i putni\u010dka agencija<\/p>\n<p>Kostanjica 57, 52429 Gro\u017enjan<\/p>\n<p>STUDIO GOBBO d.o.o. za desing i marketing<\/p>\n<p>Ul.Bra\u0107e Corva 11, 52429 Gro\u017enjan<\/p>\n<p>\u0160PRINGER-NET. Trgovina i usluge d.o.o.<\/p>\n<p>Balidorski prolaz 1, 52429 Gro\u017enjan<\/p>\n<p>ZIGANTE TARTUFI TRGOVINA d.o.o. za trgovinu i preradu tartufa, putni\u010dka agencija<\/p>\n<p>Umberta Gorjana 5, 52429 Gro\u017enjan<\/p>\n<p>ZIGANTE-VERO d.o.o. za poljoprivredu, turizam i trgovinu<\/p>\n<p>Bujska Cesta 1, 52429 Gro\u017enjan<\/p>\n<div>\n<div class=\"WordSection1\">\n<div>Chiron d.o.o.<\/div>\n<\/div>\n<\/div>\n<div>\n<div class=\"WordSection1\">\n<div>Uz zidine 6, Gro\u017enjan<\/div>\n<div>Marko Fri\u010d<\/div>\n<div><a href=\"mailto:chirongroznjan@gmail.com\">chirongroznjan@gmail.com<\/a><\/div>\n<\/div>\n<\/div>\n<div>\n<div class=\"WordSection1\">\n<div>Tel: 0916018285<\/div>\n<\/div>\n<\/div>\n<\/div><\/div><\/div><\/div><\/div>\n","protected":false},"excerpt":{"rendered":"","protected":false},"author":1,"featured_media":0,"parent":0,"menu_order":0,"comment_status":"closed","ping_status":"closed","template":"","meta":{"footnotes":""},"class_list":["post-8149","page","type-page","status-publish","hentry"],"yoast_head":"<!-- This site is optimized with the Yoast SEO plugin v27.3 - https:\/\/yoast.com\/product\/yoast-seo-wordpress\/ -->\n<title>Artigiani e aziende - Op\u0107ina Gro\u017enjan | Comune di Grisignana<\/title>\n<meta name=\"robots\" content=\"index, follow, max-snippet:-1, max-image-preview:large, max-video-preview:-1\" \/>\n<link rel=\"canonical\" href=\"https:\/\/groznjan-grisignana.hr\/it\/artigiani-e-aziende\/\" \/>\n<meta property=\"og:locale\" content=\"it_IT\" \/>\n<meta property=\"og:type\" content=\"article\" \/>\n<meta property=\"og:title\" content=\"Artigiani e aziende - Op\u0107ina Gro\u017enjan | Comune di Grisignana\" \/>\n<meta property=\"og:url\" content=\"https:\/\/groznjan-grisignana.hr\/it\/artigiani-e-aziende\/\" \/>\n<meta property=\"og:site_name\" content=\"Op\u0107ina Gro\u017enjan | Comune di Grisignana\" \/>\n<meta property=\"article:modified_time\" content=\"2025-01-17T08:59:34+00:00\" \/>\n<meta name=\"twitter:card\" content=\"summary_large_image\" \/>\n<meta name=\"twitter:label1\" content=\"Tempo di lettura stimato\" \/>\n\t<meta name=\"twitter:data1\" content=\"3 minuti\" \/>\n<script type=\"application\/ld+json\" class=\"yoast-schema-graph\">{\"@context\":\"https:\\\/\\\/schema.org\",\"@graph\":[{\"@type\":\"WebPage\",\"@id\":\"https:\\\/\\\/groznjan-grisignana.hr\\\/it\\\/artigiani-e-aziende\\\/\",\"url\":\"https:\\\/\\\/groznjan-grisignana.hr\\\/it\\\/artigiani-e-aziende\\\/\",\"name\":\"Artigiani e aziende - Op\u0107ina Gro\u017enjan | Comune di Grisignana\",\"isPartOf\":{\"@id\":\"https:\\\/\\\/groznjan-grisignana.hr\\\/#website\"},\"datePublished\":\"2022-12-14T07:44:17+00:00\",\"dateModified\":\"2025-01-17T08:59:34+00:00\",\"breadcrumb\":{\"@id\":\"https:\\\/\\\/groznjan-grisignana.hr\\\/it\\\/artigiani-e-aziende\\\/#breadcrumb\"},\"inLanguage\":\"it-IT\",\"potentialAction\":[{\"@type\":\"ReadAction\",\"target\":[\"https:\\\/\\\/groznjan-grisignana.hr\\\/it\\\/artigiani-e-aziende\\\/\"]}]},{\"@type\":\"BreadcrumbList\",\"@id\":\"https:\\\/\\\/groznjan-grisignana.hr\\\/it\\\/artigiani-e-aziende\\\/#breadcrumb\",\"itemListElement\":[{\"@type\":\"ListItem\",\"position\":1,\"name\":\"Po\u010detna stranica\",\"item\":\"https:\\\/\\\/groznjan-grisignana.hr\\\/it\\\/\"},{\"@type\":\"ListItem\",\"position\":2,\"name\":\"Artigiani e aziende\"}]},{\"@type\":\"WebSite\",\"@id\":\"https:\\\/\\\/groznjan-grisignana.hr\\\/#website\",\"url\":\"https:\\\/\\\/groznjan-grisignana.hr\\\/\",\"name\":\"Op\u0107ina Gro\u017enjan | Comune di Grisignana\",\"description\":\"Slu\u017ebene stranice   \u2022   Sito ufficiale\",\"potentialAction\":[{\"@type\":\"SearchAction\",\"target\":{\"@type\":\"EntryPoint\",\"urlTemplate\":\"https:\\\/\\\/groznjan-grisignana.hr\\\/?s={search_term_string}\"},\"query-input\":{\"@type\":\"PropertyValueSpecification\",\"valueRequired\":true,\"valueName\":\"search_term_string\"}}],\"inLanguage\":\"it-IT\"}]}<\/script>\n<!-- \/ Yoast SEO plugin. -->","yoast_head_json":{"title":"Artigiani e aziende - Op\u0107ina Gro\u017enjan | Comune di Grisignana","robots":{"index":"index","follow":"follow","max-snippet":"max-snippet:-1","max-image-preview":"max-image-preview:large","max-video-preview":"max-video-preview:-1"},"canonical":"https:\/\/groznjan-grisignana.hr\/it\/artigiani-e-aziende\/","og_locale":"it_IT","og_type":"article","og_title":"Artigiani e aziende - Op\u0107ina Gro\u017enjan | Comune di Grisignana","og_url":"https:\/\/groznjan-grisignana.hr\/it\/artigiani-e-aziende\/","og_site_name":"Op\u0107ina Gro\u017enjan | Comune di Grisignana","article_modified_time":"2025-01-17T08:59:34+00:00","twitter_card":"summary_large_image","twitter_misc":{"Tempo di lettura stimato":"3 minuti"},"schema":{"@context":"https:\/\/schema.org","@graph":[{"@type":"WebPage","@id":"https:\/\/groznjan-grisignana.hr\/it\/artigiani-e-aziende\/","url":"https:\/\/groznjan-grisignana.hr\/it\/artigiani-e-aziende\/","name":"Artigiani e aziende - Op\u0107ina Gro\u017enjan | Comune di Grisignana","isPartOf":{"@id":"https:\/\/groznjan-grisignana.hr\/#website"},"datePublished":"2022-12-14T07:44:17+00:00","dateModified":"2025-01-17T08:59:34+00:00","breadcrumb":{"@id":"https:\/\/groznjan-grisignana.hr\/it\/artigiani-e-aziende\/#breadcrumb"},"inLanguage":"it-IT","potentialAction":[{"@type":"ReadAction","target":["https:\/\/groznjan-grisignana.hr\/it\/artigiani-e-aziende\/"]}]},{"@type":"BreadcrumbList","@id":"https:\/\/groznjan-grisignana.hr\/it\/artigiani-e-aziende\/#breadcrumb","itemListElement":[{"@type":"ListItem","position":1,"name":"Po\u010detna stranica","item":"https:\/\/groznjan-grisignana.hr\/it\/"},{"@type":"ListItem","position":2,"name":"Artigiani e aziende"}]},{"@type":"WebSite","@id":"https:\/\/groznjan-grisignana.hr\/#website","url":"https:\/\/groznjan-grisignana.hr\/","name":"Op\u0107ina Gro\u017enjan | Comune di Grisignana","description":"Slu\u017ebene stranice   \u2022   Sito ufficiale","potentialAction":[{"@type":"SearchAction","target":{"@type":"EntryPoint","urlTemplate":"https:\/\/groznjan-grisignana.hr\/?s={search_term_string}"},"query-input":{"@type":"PropertyValueSpecification","valueRequired":true,"valueName":"search_term_string"}}],"inLanguage":"it-IT"}]}},"_links":{"self":[{"href":"https:\/\/groznjan-grisignana.hr\/it\/wp-json\/wp\/v2\/pages\/8149","targetHints":{"allow":["GET"]}}],"collection":[{"href":"https:\/\/groznjan-grisignana.hr\/it\/wp-json\/wp\/v2\/pages"}],"about":[{"href":"https:\/\/groznjan-grisignana.hr\/it\/wp-json\/wp\/v2\/types\/page"}],"author":[{"embeddable":true,"href":"https:\/\/groznjan-grisignana.hr\/it\/wp-json\/wp\/v2\/users\/1"}],"replies":[{"embeddable":true,"href":"https:\/\/groznjan-grisignana.hr\/it\/wp-json\/wp\/v2\/comments?post=8149"}],"version-history":[{"count":2,"href":"https:\/\/groznjan-grisignana.hr\/it\/wp-json\/wp\/v2\/pages\/8149\/revisions"}],"predecessor-version":[{"id":11882,"href":"https:\/\/groznjan-grisignana.hr\/it\/wp-json\/wp\/v2\/pages\/8149\/revisions\/11882"}],"wp:attachment":[{"href":"https:\/\/groznjan-grisignana.hr\/it\/wp-json\/wp\/v2\/media?parent=8149"}],"curies":[{"name":"wp","href":"https:\/\/api.w.org\/{rel}","templated":true}]}}