{"id":8186,"date":"2022-12-14T12:42:06","date_gmt":"2022-12-14T12:42:06","guid":{"rendered":"https:\/\/groznjan-grisignana.hr\/udruge\/"},"modified":"2022-12-14T12:42:06","modified_gmt":"2022-12-14T12:42:06","slug":"udruge","status":"publish","type":"page","link":"https:\/\/groznjan-grisignana.hr\/it\/udruge\/","title":{"rendered":"Udruge"},"content":{"rendered":"<div class=\"fusion-fullwidth fullwidth-box fusion-builder-row-1 fusion-flex-container has-pattern-background has-mask-background nonhundred-percent-fullwidth non-hundred-percent-height-scrolling objava\" style=\"--awb-border-radius-top-left:0px;--awb-border-radius-top-right:0px;--awb-border-radius-bottom-right:0px;--awb-border-radius-bottom-left:0px;--awb-flex-wrap:wrap;\" ><div class=\"fusion-builder-row fusion-row fusion-flex-align-items-flex-start fusion-flex-content-wrap\" style=\"max-width:1216.8px;margin-left: calc(-4% \/ 2 );margin-right: calc(-4% \/ 2 );\"><div class=\"fusion-layout-column fusion_builder_column fusion-builder-column-0 fusion_builder_column_1_1 1_1 fusion-flex-column\" style=\"--awb-bg-size:cover;--awb-width-large:100%;--awb-margin-top-large:15px;--awb-spacing-right-large:1.92%;--awb-margin-bottom-large:15px;--awb-spacing-left-large:1.92%;--awb-width-medium:100%;--awb-order-medium:0;--awb-spacing-right-medium:1.92%;--awb-spacing-left-medium:1.92%;--awb-width-small:100%;--awb-order-small:0;--awb-spacing-right-small:1.92%;--awb-spacing-left-small:1.92%;\"><div class=\"fusion-column-wrapper fusion-column-has-shadow fusion-flex-justify-content-flex-start fusion-content-layout-column\"><div class=\"fusion-title title fusion-title-1 sep-underline sep-solid fusion-title-text fusion-title-size-one\" style=\"--awb-margin-top-small:0px;--awb-margin-right-small:0px;--awb-margin-bottom-small:20px;--awb-margin-left-small:0px;\"><h1 class=\"fusion-title-heading title-heading-left fusion-responsive-typography-calculated\" style=\"margin:0;text-transform:capitalize;--fontSize:56;line-height:var(--awb-typography1-line-height);\">Udruge<\/h1><\/div><div class=\"fusion-text fusion-text-1\" style=\"--awb-line-height:2;\"><p><a href=\"https:\/\/groznjan-grisignana.hr\/wp-content\/uploads\/2023\/01\/2020_-_POPIS_KORISNIKA_DONACIJA_I_SPONZORSTAVA_2.docx\" target=\"_blank\" rel=\"noopener\">2020 &#8211; popis korisnika donacija i sponzorstava<\/a><br \/>\n<a href=\"https:\/\/groznjan-grisignana.hr\/wp-content\/uploads\/2023\/01\/godisnji_plan_objave_natjecaja_za_2020_1.doc\" target=\"_blank\" rel=\"noopener\">Godisnji plan objave natjecaja za 2020<\/a><br \/>\n<a href=\"https:\/\/groznjan-grisignana.hr\/wp-content\/uploads\/2023\/01\/01.pdf\" target=\"_blank\" rel=\"noopener\">Godisnji plan objave natjecaja za udruge Opcine Groznjan 2017<\/a><br \/>\n<a href=\"https:\/\/groznjan-grisignana.hr\/wp-content\/uploads\/2023\/01\/godisnji_plan_objave_natjecaja_za2018.doc\" target=\"_blank\" rel=\"noopener\">Godisnji plan objave natjecaja za udruge Opcine Groznjan 2018<\/a><br \/>\n<a href=\"https:\/\/groznjan-grisignana.hr\/wp-content\/uploads\/2023\/01\/12_1.docx\" target=\"_blank\" rel=\"noopener\">Izjava o nekaznjavanju<\/a><br \/>\n<a href=\"https:\/\/groznjan-grisignana.hr\/wp-content\/uploads\/2023\/01\/03.pdf\" target=\"_blank\" rel=\"noopener\">Kalendar natjecaja<\/a><br \/>\n<a href=\"https:\/\/groznjan-grisignana.hr\/wp-content\/uploads\/2023\/01\/kalendar_natjecaj_udruge_2020_1.doc\" target=\"_blank\" rel=\"noopener\">Kalendar natjecaja udruge 2020<\/a><br \/>\n<a href=\"https:\/\/groznjan-grisignana.hr\/wp-content\/uploads\/2023\/01\/13_1.docx\" target=\"_blank\" rel=\"noopener\">Kontrolna lista<\/a><br \/>\n<a href=\"https:\/\/groznjan-grisignana.hr\/wp-content\/uploads\/2023\/01\/06_1.doc\" target=\"_blank\" rel=\"noopener\">OCD1 Obrazac opisa projekta<\/a><br \/>\n<a href=\"https:\/\/groznjan-grisignana.hr\/wp-content\/uploads\/2023\/01\/07_1.xls\" target=\"_blank\" rel=\"noopener\">OCD2 Obrazac proracun projekta<\/a><br \/>\n<a href=\"https:\/\/groznjan-grisignana.hr\/wp-content\/uploads\/2023\/01\/08_1.doc\" target=\"_blank\" rel=\"noopener\">OCD3 Izjava dvostruko financiranje<\/a><br \/>\n<a href=\"https:\/\/groznjan-grisignana.hr\/wp-content\/uploads\/2023\/01\/09_1.doc\" target=\"_blank\" rel=\"noopener\">OCD4 Izjava partnerstvo<\/a><br \/>\n<a href=\"https:\/\/groznjan-grisignana.hr\/wp-content\/uploads\/2023\/01\/10_1.doc\" target=\"_blank\" rel=\"noopener\">OCD5 Popis clanova<\/a><br \/>\n<a href=\"https:\/\/groznjan-grisignana.hr\/wp-content\/uploads\/2023\/01\/11_1.docx\" target=\"_blank\" rel=\"noopener\">OCD6 Obrazac o ispunjenim obvezama<\/a><br \/>\n<a href=\"https:\/\/groznjan-grisignana.hr\/wp-content\/uploads\/2023\/01\/17_1.doc\" target=\"_blank\" rel=\"noopener\">OCD7 Ogledni obrazac opisnog izvjesca<\/a><br \/>\n<a href=\"https:\/\/groznjan-grisignana.hr\/wp-content\/uploads\/2023\/01\/18.xls\" target=\"_blank\" rel=\"noopener\">Obrazac financijski izvjestaj<\/a><br \/>\n<a href=\"https:\/\/groznjan-grisignana.hr\/wp-content\/uploads\/2023\/01\/16_1.docx\" target=\"_blank\" rel=\"noopener\">Obrazac za procjenu prijave programa<\/a><br \/>\n<a href=\"https:\/\/groznjan-grisignana.hr\/wp-content\/uploads\/2023\/01\/15_1.docx\" target=\"_blank\" rel=\"noopener\">Obrazac za provjeru formalnih uvijeta<\/a><br \/>\n<a href=\"https:\/\/groznjan-grisignana.hr\/wp-content\/uploads\/2023\/01\/04.pdf\" target=\"_blank\" rel=\"noopener\">Povjerenstvo za provodjenje natjecaja<\/a><br \/>\n<a href=\"https:\/\/groznjan-grisignana.hr\/wp-content\/uploads\/2023\/01\/02.pdf\" target=\"_blank\" rel=\"noopener\">Pravilnik o financiranju udruga<\/a><br \/>\n<a href=\"https:\/\/groznjan-grisignana.hr\/wp-content\/uploads\/2023\/01\/19_2.pdf\" target=\"_blank\" rel=\"noopener\">Prijedlog Ugovora<\/a><br \/>\n<a href=\"https:\/\/groznjan-grisignana.hr\/wp-content\/uploads\/2023\/01\/05_1.pdf\" target=\"_blank\" rel=\"noopener\">Tekst Javnog Natjecaja<\/a><br \/>\n<a href=\"https:\/\/groznjan-grisignana.hr\/wp-content\/uploads\/2023\/01\/14_1.doc\" target=\"_blank\" rel=\"noopener\">Upute za prijavitelje<\/a><\/p>\n<\/div><\/div><\/div><\/div><\/div>\n","protected":false},"excerpt":{"rendered":"","protected":false},"author":1,"featured_media":0,"parent":0,"menu_order":0,"comment_status":"closed","ping_status":"closed","template":"","meta":{"footnotes":""},"class_list":["post-8186","page","type-page","status-publish","hentry"],"yoast_head":"<!-- This site is optimized with the Yoast SEO plugin v27.3 - https:\/\/yoast.com\/product\/yoast-seo-wordpress\/ -->\n<title>Udruge - Op\u0107ina Gro\u017enjan | Comune di Grisignana<\/title>\n<meta name=\"robots\" content=\"index, follow, max-snippet:-1, max-image-preview:large, max-video-preview:-1\" \/>\n<link rel=\"canonical\" href=\"https:\/\/groznjan-grisignana.hr\/it\/udruge\/\" \/>\n<meta property=\"og:locale\" content=\"it_IT\" \/>\n<meta property=\"og:type\" content=\"article\" \/>\n<meta property=\"og:title\" content=\"Udruge - Op\u0107ina Gro\u017enjan | Comune di Grisignana\" \/>\n<meta property=\"og:url\" content=\"https:\/\/groznjan-grisignana.hr\/it\/udruge\/\" \/>\n<meta property=\"og:site_name\" content=\"Op\u0107ina Gro\u017enjan | Comune di Grisignana\" \/>\n<meta name=\"twitter:card\" content=\"summary_large_image\" \/>\n<meta name=\"twitter:label1\" content=\"Tempo di lettura stimato\" \/>\n\t<meta name=\"twitter:data1\" content=\"5 minuti\" \/>\n<script type=\"application\/ld+json\" class=\"yoast-schema-graph\">{\"@context\":\"https:\\\/\\\/schema.org\",\"@graph\":[{\"@type\":\"WebPage\",\"@id\":\"https:\\\/\\\/groznjan-grisignana.hr\\\/it\\\/udruge\\\/\",\"url\":\"https:\\\/\\\/groznjan-grisignana.hr\\\/it\\\/udruge\\\/\",\"name\":\"Udruge - Op\u0107ina Gro\u017enjan | Comune di Grisignana\",\"isPartOf\":{\"@id\":\"https:\\\/\\\/groznjan-grisignana.hr\\\/#website\"},\"datePublished\":\"2022-12-14T12:42:06+00:00\",\"breadcrumb\":{\"@id\":\"https:\\\/\\\/groznjan-grisignana.hr\\\/it\\\/udruge\\\/#breadcrumb\"},\"inLanguage\":\"it-IT\",\"potentialAction\":[{\"@type\":\"ReadAction\",\"target\":[\"https:\\\/\\\/groznjan-grisignana.hr\\\/it\\\/udruge\\\/\"]}]},{\"@type\":\"BreadcrumbList\",\"@id\":\"https:\\\/\\\/groznjan-grisignana.hr\\\/it\\\/udruge\\\/#breadcrumb\",\"itemListElement\":[{\"@type\":\"ListItem\",\"position\":1,\"name\":\"Po\u010detna stranica\",\"item\":\"https:\\\/\\\/groznjan-grisignana.hr\\\/it\\\/\"},{\"@type\":\"ListItem\",\"position\":2,\"name\":\"Udruge\"}]},{\"@type\":\"WebSite\",\"@id\":\"https:\\\/\\\/groznjan-grisignana.hr\\\/#website\",\"url\":\"https:\\\/\\\/groznjan-grisignana.hr\\\/\",\"name\":\"Op\u0107ina Gro\u017enjan | Comune di Grisignana\",\"description\":\"Slu\u017ebene stranice   \u2022   Sito ufficiale\",\"potentialAction\":[{\"@type\":\"SearchAction\",\"target\":{\"@type\":\"EntryPoint\",\"urlTemplate\":\"https:\\\/\\\/groznjan-grisignana.hr\\\/?s={search_term_string}\"},\"query-input\":{\"@type\":\"PropertyValueSpecification\",\"valueRequired\":true,\"valueName\":\"search_term_string\"}}],\"inLanguage\":\"it-IT\"}]}<\/script>\n<!-- \/ Yoast SEO plugin. -->","yoast_head_json":{"title":"Udruge - Op\u0107ina Gro\u017enjan | Comune di Grisignana","robots":{"index":"index","follow":"follow","max-snippet":"max-snippet:-1","max-image-preview":"max-image-preview:large","max-video-preview":"max-video-preview:-1"},"canonical":"https:\/\/groznjan-grisignana.hr\/it\/udruge\/","og_locale":"it_IT","og_type":"article","og_title":"Udruge - Op\u0107ina Gro\u017enjan | Comune di Grisignana","og_url":"https:\/\/groznjan-grisignana.hr\/it\/udruge\/","og_site_name":"Op\u0107ina Gro\u017enjan | Comune di Grisignana","twitter_card":"summary_large_image","twitter_misc":{"Tempo di lettura stimato":"5 minuti"},"schema":{"@context":"https:\/\/schema.org","@graph":[{"@type":"WebPage","@id":"https:\/\/groznjan-grisignana.hr\/it\/udruge\/","url":"https:\/\/groznjan-grisignana.hr\/it\/udruge\/","name":"Udruge - Op\u0107ina Gro\u017enjan | Comune di Grisignana","isPartOf":{"@id":"https:\/\/groznjan-grisignana.hr\/#website"},"datePublished":"2022-12-14T12:42:06+00:00","breadcrumb":{"@id":"https:\/\/groznjan-grisignana.hr\/it\/udruge\/#breadcrumb"},"inLanguage":"it-IT","potentialAction":[{"@type":"ReadAction","target":["https:\/\/groznjan-grisignana.hr\/it\/udruge\/"]}]},{"@type":"BreadcrumbList","@id":"https:\/\/groznjan-grisignana.hr\/it\/udruge\/#breadcrumb","itemListElement":[{"@type":"ListItem","position":1,"name":"Po\u010detna stranica","item":"https:\/\/groznjan-grisignana.hr\/it\/"},{"@type":"ListItem","position":2,"name":"Udruge"}]},{"@type":"WebSite","@id":"https:\/\/groznjan-grisignana.hr\/#website","url":"https:\/\/groznjan-grisignana.hr\/","name":"Op\u0107ina Gro\u017enjan | Comune di Grisignana","description":"Slu\u017ebene stranice   \u2022   Sito ufficiale","potentialAction":[{"@type":"SearchAction","target":{"@type":"EntryPoint","urlTemplate":"https:\/\/groznjan-grisignana.hr\/?s={search_term_string}"},"query-input":{"@type":"PropertyValueSpecification","valueRequired":true,"valueName":"search_term_string"}}],"inLanguage":"it-IT"}]}},"_links":{"self":[{"href":"https:\/\/groznjan-grisignana.hr\/it\/wp-json\/wp\/v2\/pages\/8186","targetHints":{"allow":["GET"]}}],"collection":[{"href":"https:\/\/groznjan-grisignana.hr\/it\/wp-json\/wp\/v2\/pages"}],"about":[{"href":"https:\/\/groznjan-grisignana.hr\/it\/wp-json\/wp\/v2\/types\/page"}],"author":[{"embeddable":true,"href":"https:\/\/groznjan-grisignana.hr\/it\/wp-json\/wp\/v2\/users\/1"}],"replies":[{"embeddable":true,"href":"https:\/\/groznjan-grisignana.hr\/it\/wp-json\/wp\/v2\/comments?post=8186"}],"version-history":[{"count":0,"href":"https:\/\/groznjan-grisignana.hr\/it\/wp-json\/wp\/v2\/pages\/8186\/revisions"}],"wp:attachment":[{"href":"https:\/\/groznjan-grisignana.hr\/it\/wp-json\/wp\/v2\/media?parent=8186"}],"curies":[{"name":"wp","href":"https:\/\/api.w.org\/{rel}","templated":true}]}}