{"id":8192,"date":"2022-12-14T13:53:43","date_gmt":"2022-12-14T13:53:43","guid":{"rendered":"https:\/\/groznjan-grisignana.hr\/pristupacnost-mreznih-stranica\/"},"modified":"2024-11-12T11:42:21","modified_gmt":"2024-11-12T11:42:21","slug":"pristupacnost-mreznih-stranica","status":"publish","type":"page","link":"https:\/\/groznjan-grisignana.hr\/it\/pristupacnost-mreznih-stranica\/","title":{"rendered":"Pristupa\u010dnost mre\u017enih stranica"},"content":{"rendered":"<div class=\"fusion-fullwidth fullwidth-box fusion-builder-row-1 fusion-flex-container has-pattern-background has-mask-background nonhundred-percent-fullwidth non-hundred-percent-height-scrolling\" style=\"--awb-border-radius-top-left:0px;--awb-border-radius-top-right:0px;--awb-border-radius-bottom-right:0px;--awb-border-radius-bottom-left:0px;--awb-flex-wrap:wrap;\" ><div class=\"fusion-builder-row fusion-row fusion-flex-align-items-flex-start fusion-flex-content-wrap\" style=\"max-width:1216.8px;margin-left: calc(-4% \/ 2 );margin-right: calc(-4% \/ 2 );\"><div class=\"fusion-layout-column fusion_builder_column fusion-builder-column-0 fusion_builder_column_1_1 1_1 fusion-flex-column\" style=\"--awb-bg-size:cover;--awb-width-large:100%;--awb-margin-top-large:15px;--awb-spacing-right-large:1.92%;--awb-margin-bottom-large:15px;--awb-spacing-left-large:1.92%;--awb-width-medium:100%;--awb-order-medium:0;--awb-spacing-right-medium:1.92%;--awb-spacing-left-medium:1.92%;--awb-width-small:100%;--awb-order-small:0;--awb-spacing-right-small:1.92%;--awb-spacing-left-small:1.92%;\"><div class=\"fusion-column-wrapper fusion-column-has-shadow fusion-flex-justify-content-flex-start fusion-content-layout-column\"><div class=\"fusion-title title fusion-title-1 sep-underline sep-solid fusion-title-text fusion-title-size-one\" style=\"--awb-margin-top-small:0px;--awb-margin-right-small:0px;--awb-margin-bottom-small:20px;--awb-margin-left-small:0px;--awb-font-size:35px;\"><h1 class=\"fusion-title-heading title-heading-left fusion-responsive-typography-calculated\" style=\"margin:0;text-transform:capitalize;font-size:1em;--fontSize:35;line-height:var(--awb-typography1-line-height);\">Pristupa\u010dnost mre\u017enih stranica<\/h1><\/div><div class=\"fusion-text fusion-text-1\"><p style=\"text-align: justify;\">Stupanjem na snagu Zakona o pristupa\u010dnosti mre\u017enih stranica i programskih rje\u0161enja za pokretne ure\u0111aje tijela javnog sektora Republike Hrvatske, Op\u0107ina Gro\u017enjan \u0107e nakon provedbe testiranja pristupa\u010dnosti, na ovim stranicama objaviti Izjavu o pristupa\u010dnosti svog mre\u017enog sjedi\u0161ta i aplikacija vezanih uz usluge i projekte, njihovoj uskla\u0111enosti s Direktivom (EU) 2016\/2102, te omogu\u0107iti pru\u017eanje povratnih informacija korisnika radi daljnjeg unaprje\u0111enja mre\u017ene pristupa\u010dnosti.<\/p>\n<p style=\"text-align: justify;\">Op\u0107enito<\/p>\n<p style=\"text-align: justify;\">Stranica www.groznjan-grisignana.hr nastoji osigurati pristupa\u010dnost svojih usluga za osobe s invaliditetom. Ulo\u017eena su sredstva, vrijeme i znanje kako bi se pojednostavilo kori\u0161tenje stranice s ciljem da postane pristupa\u010dnija za osobe s invaliditetom, u \u010dvrstom uvjerenju da svaka osoba ima pravo na dostojanstven, ravnopravan, udoban i neovisan \u017eivot.<\/p>\n<p style=\"text-align: justify;\">Op\u0107ina Gro\u017enjan prepoznaje va\u017enost osiguravanja digitalne pristupa\u010dnosti za sve korisnike, s posebnim naglaskom na lak\u0161em pristupu javnim uslugama i informacijama osobama s invaliditetom, primjenjuju\u0107i, u najve\u0107oj mogu\u0107oj mjeri, Direktivu (EU) 2016\/2102 Europskog parlamenta i Vije\u0107a od 26. listopada 2016. o pristupa\u010dnosti internetskih stranica i mobilnih aplikacija tijela javnog sektora.<\/p>\n<p style=\"text-align: justify;\">Op\u0107ina Gro\u017enjan kontinuirano radi na pobolj\u0161avanju korisni\u010dkog iskustva primjenjuju\u0107i relevantne standarde pristupa\u010dnosti prema smjernicama i standardizaciji mre\u017enog sadr\u017eaja (WCAG 2.1) inicijative za mre\u017enu pristupa\u010dnost (WAI) World Wide Web konzorcija (W3C), organizacije koja se bavi standardizacijom mre\u017enih tehnologija.<\/p>\n<p style=\"text-align: justify;\">Pristupa\u010dnost na mre\u017enoj stranici<\/p>\n<p style=\"text-align: justify;\">Na mre\u017enoj stranici www.groznjan-grisignana.hr dostupan je One Click Accessibility plugin koji omogu\u0107uje stranici www.groznjan-grisignana.hr da pobolj\u0161a uskla\u0111enost sa Smjernicama za osiguravanje pristupa\u010dnosti mre\u017enih sadr\u017eaja (WCAG 2.1).<\/p>\n<p style=\"text-align: justify;\">Omogu\u0107avanje izbornika pristupa\u010dnosti<\/p>\n<p style=\"text-align: justify;\">Izbornik pristupa\u010dnosti stranice www.groznjan-grisignana.hr aktivira se klikom na ikonu izbornika pristupa\u010dnosti koja se pojavljuje u donjem desnom uglu stranice. Nakon pokretanja izbornika pristupa\u010dnosti, pri\u010dekajte trenutak dok se izbornik pristupa\u010dnosti ne u\u010dita u cijelosti pa zatim odaberite opciju koja vam najbolje odgovara.<\/p>\n<p style=\"text-align: justify;\">Izjava o pristupa\u010dnosti<\/p>\n<p style=\"text-align: justify;\">Kao tijelo javnog sektora, Op\u0107ina Gro\u017enjan nastoji svoju mre\u017enu stranicu u\u010diniti pristupa\u010dnom u skladu sa Zakonom o pristupa\u010dnosti mre\u017enih stranica i programskih rje\u0161enja za pokretne ure\u0111aje tijela javnog sektora Republike Hrvatske (NN 17\/19) od 23. rujna 2019. godine, kojim se u nacionalno zakonodavstvo preuzima Direktiva (EU) 2016\/2102 Europskog parlamenta i Vije\u0107a o pristupa\u010dnosti internetskih stranica i mobilnih aplikacija tijela javnog sektora.<\/p>\n<p style=\"text-align: justify;\">Stupanj uskla\u0111enosti<\/p>\n<p style=\"text-align: justify;\">Mre\u017ena lokacija www.groznjan-grisignana.hr uskla\u0111ena je sa Zakonom o pristupa\u010dnosti mre\u017enih stranica i programskih rje\u0161enja za pokretne ure\u0111aje tijela javnog sektora. Implementacijom nove platforme i preoblikovanjem mre\u017enih stranica 2020. godine ispunjena je ve\u0107ina zahtjeva europske norme EN 301 549 V1.1.2 (2015-04), ali uz neke iznimke.<\/p>\n<p style=\"text-align: justify;\">Nepristupa\u010dan sadr\u017eaj<\/p>\n<p style=\"text-align: justify;\">Sadr\u017eaj naveden u nastavku nepristupa\u010dan je zbog sljede\u0107ih razloga:<\/p>\n<p style=\"text-align: justify;\">Pristupa\u010dnost PDF dokumenata za osobe s o\u0161te\u0107enjem vida<br \/>\nPojedine PDF datoteke sadr\u017eane u objavama sa sjednica Op\u0107inskog vije\u0107a, nisu u cijelosti nastale izvozom iz izvori\u0161ne datoteke iz alata Microsoft Office Word ili Excell uz odabir opcija za pristupa\u010dnost, ve\u0107 skeniranjem tiskanih dokumenata i kao takvi nisu prikladno pripremljeni za \u010dita\u010de ekrana.<\/p>\n<p style=\"text-align: justify;\">Nepotpun tekstualni opis<\/p>\n<p style=\"text-align: justify;\">Neke od objavljenih fotografija nemaju prikladan tekstualni opis (tekst uz fotografiju).<\/p>\n<p style=\"text-align: justify;\">Podizanje razine pristupa\u010dnosti<\/p>\n<p style=\"text-align: justify;\">Op\u0107ina Gro\u017enjan \u0107e provesti korektivne mjere za rje\u0161avanje problema nepristupa\u010dnog sadr\u017eaja svog mre\u017enog sjedi\u0161ta u maksimalnoj mogu\u0107oj mjeri nakon osposobljavanja djelatnika za izradu, vo\u0111enje i odr\u017eavanje sadr\u017eaja mre\u017enih stranica i programskih rje\u0161enja za pokretne ure\u0111aje u skladu sa Zakonom o pristupa\u010dnosti.<\/p>\n<p style=\"text-align: justify;\">Priprema ove izjave o pristupa\u010dnosti<\/p>\n<p style=\"text-align: justify;\">Ova Izjava pripremljena je dana 26. kolovoza 2020. godine, sukladno Predlo\u0161ku izjave o pristupa\u010dnosti koji je u skladu s Direktivom (EU) 2016\/2102 Europskog parlamenta i Vije\u0107a o pristupa\u010dnosti internetskih stranica i mobilnih aplikacija tijela javnog sektora, a utvr\u0111en je Provedbenom odlukom komisije EU 2018\/1523 11. listopada 2018. godine.<\/p>\n<p style=\"text-align: justify;\">Za pripremu ove Izjave kori\u0161tena je metoda samoprocjene koju je provelo tijelo javnog sektora te metode testiranja pristupa\u010dnosti WAVE Web Accessibility Evaluation Tool i WAVE Web Accessibility Evaluation Tool.<\/p>\n<p style=\"text-align: justify;\">Povratne informacije i podaci za kontakt<\/p>\n<p style=\"text-align: justify;\">Sve upite vezane uz pristupa\u010dnost mre\u017ene stranice www.groznjan-grisignana.hr korisnici mogu uputiti<br \/>\nE-po\u0161tom: <a href=\"mailto:opcina@groznjan-grisignana.hr\">opcina@groznjan-grisignana.hr<\/a><br \/>\nTelefonom: +385 52 776 349<\/p>\n<p style=\"text-align: justify;\">Telefaksom: +385 52 721 131<br \/>\nPo\u0161tom: Op\u0107ina Gro\u017enjan, Umberta Gorjana 3, 52429 Gro\u017enjan<\/p>\n<p style=\"text-align: justify;\">Prilikom postavljanja upita molimo da navedete karakter pote\u0161ko\u0107a pristupa\u010dnosti i pomo\u0107nu tehnologiju kojom se koristite. To \u0107e nam pomo\u0107i da se i dalje trudimo osigurati odli\u010dno korisni\u010dko iskustvo za sve posjetitelje mre\u017ene stranice www.groznjan-grisignana.hr.<\/p>\n<p style=\"text-align: justify;\">Postupak pra\u0107enja provedbe propisa<\/p>\n<p style=\"text-align: justify;\">Tijelo nadle\u017eno za pra\u0107enje uskla\u0111enosti mre\u017enih stranica i programskih rje\u0161enja za pokretne ure\u0111aje tijela javnog sektora sa zahtjevima pristupa\u010dnosti i nadzor nad provedbom Zakona o pristupa\u010dnosti je Povjerenik za informiranje Republike Hrvatske. U slu\u010daju nezadovoljavaju\u0107ih odgovora na obavijest ili zahtjev za povratne informacije o pristupa\u010dnosti ovim mre\u017enih stranica, korisnici se mogu obratiti Povjereniku za informiranje putem telefona broj +385 1 4609 041 ili putem elektroni\u010dke po\u0161te: <a href=\"mailto:pristupacnost@pristupinfo.hr\">pristupacnost@pristupinfo.hr<\/a>.<\/p>\n<\/div><\/div><\/div><\/div><\/div>\n","protected":false},"excerpt":{"rendered":"","protected":false},"author":1,"featured_media":0,"parent":0,"menu_order":0,"comment_status":"closed","ping_status":"closed","template":"","meta":{"footnotes":""},"class_list":["post-8192","page","type-page","status-publish","hentry"],"yoast_head":"<!-- This site is optimized with the Yoast SEO plugin v27.3 - https:\/\/yoast.com\/product\/yoast-seo-wordpress\/ -->\n<title>Pristupa\u010dnost mre\u017enih stranica - Op\u0107ina Gro\u017enjan | Comune di Grisignana<\/title>\n<meta name=\"robots\" content=\"index, follow, max-snippet:-1, max-image-preview:large, max-video-preview:-1\" \/>\n<link rel=\"canonical\" href=\"https:\/\/groznjan-grisignana.hr\/it\/pristupacnost-mreznih-stranica\/\" \/>\n<meta property=\"og:locale\" content=\"it_IT\" \/>\n<meta property=\"og:type\" content=\"article\" \/>\n<meta property=\"og:title\" content=\"Pristupa\u010dnost mre\u017enih stranica - Op\u0107ina Gro\u017enjan | Comune di Grisignana\" \/>\n<meta property=\"og:url\" content=\"https:\/\/groznjan-grisignana.hr\/it\/pristupacnost-mreznih-stranica\/\" \/>\n<meta property=\"og:site_name\" content=\"Op\u0107ina Gro\u017enjan | Comune di Grisignana\" \/>\n<meta property=\"article:modified_time\" content=\"2024-11-12T11:42:21+00:00\" \/>\n<meta name=\"twitter:card\" content=\"summary_large_image\" \/>\n<meta name=\"twitter:label1\" content=\"Tempo di lettura stimato\" \/>\n\t<meta name=\"twitter:data1\" content=\"4 minuti\" \/>\n<script type=\"application\/ld+json\" class=\"yoast-schema-graph\">{\"@context\":\"https:\\\/\\\/schema.org\",\"@graph\":[{\"@type\":\"WebPage\",\"@id\":\"https:\\\/\\\/groznjan-grisignana.hr\\\/it\\\/pristupacnost-mreznih-stranica\\\/\",\"url\":\"https:\\\/\\\/groznjan-grisignana.hr\\\/it\\\/pristupacnost-mreznih-stranica\\\/\",\"name\":\"Pristupa\u010dnost mre\u017enih stranica - Op\u0107ina Gro\u017enjan | Comune di Grisignana\",\"isPartOf\":{\"@id\":\"https:\\\/\\\/groznjan-grisignana.hr\\\/#website\"},\"datePublished\":\"2022-12-14T13:53:43+00:00\",\"dateModified\":\"2024-11-12T11:42:21+00:00\",\"breadcrumb\":{\"@id\":\"https:\\\/\\\/groznjan-grisignana.hr\\\/it\\\/pristupacnost-mreznih-stranica\\\/#breadcrumb\"},\"inLanguage\":\"it-IT\",\"potentialAction\":[{\"@type\":\"ReadAction\",\"target\":[\"https:\\\/\\\/groznjan-grisignana.hr\\\/it\\\/pristupacnost-mreznih-stranica\\\/\"]}]},{\"@type\":\"BreadcrumbList\",\"@id\":\"https:\\\/\\\/groznjan-grisignana.hr\\\/it\\\/pristupacnost-mreznih-stranica\\\/#breadcrumb\",\"itemListElement\":[{\"@type\":\"ListItem\",\"position\":1,\"name\":\"Po\u010detna stranica\",\"item\":\"https:\\\/\\\/groznjan-grisignana.hr\\\/it\\\/\"},{\"@type\":\"ListItem\",\"position\":2,\"name\":\"Pristupa\u010dnost mre\u017enih stranica\"}]},{\"@type\":\"WebSite\",\"@id\":\"https:\\\/\\\/groznjan-grisignana.hr\\\/#website\",\"url\":\"https:\\\/\\\/groznjan-grisignana.hr\\\/\",\"name\":\"Op\u0107ina Gro\u017enjan | Comune di Grisignana\",\"description\":\"Slu\u017ebene stranice   \u2022   Sito ufficiale\",\"potentialAction\":[{\"@type\":\"SearchAction\",\"target\":{\"@type\":\"EntryPoint\",\"urlTemplate\":\"https:\\\/\\\/groznjan-grisignana.hr\\\/?s={search_term_string}\"},\"query-input\":{\"@type\":\"PropertyValueSpecification\",\"valueRequired\":true,\"valueName\":\"search_term_string\"}}],\"inLanguage\":\"it-IT\"}]}<\/script>\n<!-- \/ Yoast SEO plugin. -->","yoast_head_json":{"title":"Pristupa\u010dnost mre\u017enih stranica - Op\u0107ina Gro\u017enjan | Comune di Grisignana","robots":{"index":"index","follow":"follow","max-snippet":"max-snippet:-1","max-image-preview":"max-image-preview:large","max-video-preview":"max-video-preview:-1"},"canonical":"https:\/\/groznjan-grisignana.hr\/it\/pristupacnost-mreznih-stranica\/","og_locale":"it_IT","og_type":"article","og_title":"Pristupa\u010dnost mre\u017enih stranica - Op\u0107ina Gro\u017enjan | Comune di Grisignana","og_url":"https:\/\/groznjan-grisignana.hr\/it\/pristupacnost-mreznih-stranica\/","og_site_name":"Op\u0107ina Gro\u017enjan | Comune di Grisignana","article_modified_time":"2024-11-12T11:42:21+00:00","twitter_card":"summary_large_image","twitter_misc":{"Tempo di lettura stimato":"4 minuti"},"schema":{"@context":"https:\/\/schema.org","@graph":[{"@type":"WebPage","@id":"https:\/\/groznjan-grisignana.hr\/it\/pristupacnost-mreznih-stranica\/","url":"https:\/\/groznjan-grisignana.hr\/it\/pristupacnost-mreznih-stranica\/","name":"Pristupa\u010dnost mre\u017enih stranica - Op\u0107ina Gro\u017enjan | Comune di Grisignana","isPartOf":{"@id":"https:\/\/groznjan-grisignana.hr\/#website"},"datePublished":"2022-12-14T13:53:43+00:00","dateModified":"2024-11-12T11:42:21+00:00","breadcrumb":{"@id":"https:\/\/groznjan-grisignana.hr\/it\/pristupacnost-mreznih-stranica\/#breadcrumb"},"inLanguage":"it-IT","potentialAction":[{"@type":"ReadAction","target":["https:\/\/groznjan-grisignana.hr\/it\/pristupacnost-mreznih-stranica\/"]}]},{"@type":"BreadcrumbList","@id":"https:\/\/groznjan-grisignana.hr\/it\/pristupacnost-mreznih-stranica\/#breadcrumb","itemListElement":[{"@type":"ListItem","position":1,"name":"Po\u010detna stranica","item":"https:\/\/groznjan-grisignana.hr\/it\/"},{"@type":"ListItem","position":2,"name":"Pristupa\u010dnost mre\u017enih stranica"}]},{"@type":"WebSite","@id":"https:\/\/groznjan-grisignana.hr\/#website","url":"https:\/\/groznjan-grisignana.hr\/","name":"Op\u0107ina Gro\u017enjan | Comune di Grisignana","description":"Slu\u017ebene stranice   \u2022   Sito ufficiale","potentialAction":[{"@type":"SearchAction","target":{"@type":"EntryPoint","urlTemplate":"https:\/\/groznjan-grisignana.hr\/?s={search_term_string}"},"query-input":{"@type":"PropertyValueSpecification","valueRequired":true,"valueName":"search_term_string"}}],"inLanguage":"it-IT"}]}},"_links":{"self":[{"href":"https:\/\/groznjan-grisignana.hr\/it\/wp-json\/wp\/v2\/pages\/8192","targetHints":{"allow":["GET"]}}],"collection":[{"href":"https:\/\/groznjan-grisignana.hr\/it\/wp-json\/wp\/v2\/pages"}],"about":[{"href":"https:\/\/groznjan-grisignana.hr\/it\/wp-json\/wp\/v2\/types\/page"}],"author":[{"embeddable":true,"href":"https:\/\/groznjan-grisignana.hr\/it\/wp-json\/wp\/v2\/users\/1"}],"replies":[{"embeddable":true,"href":"https:\/\/groznjan-grisignana.hr\/it\/wp-json\/wp\/v2\/comments?post=8192"}],"version-history":[{"count":1,"href":"https:\/\/groznjan-grisignana.hr\/it\/wp-json\/wp\/v2\/pages\/8192\/revisions"}],"predecessor-version":[{"id":11397,"href":"https:\/\/groznjan-grisignana.hr\/it\/wp-json\/wp\/v2\/pages\/8192\/revisions\/11397"}],"wp:attachment":[{"href":"https:\/\/groznjan-grisignana.hr\/it\/wp-json\/wp\/v2\/media?parent=8192"}],"curies":[{"name":"wp","href":"https:\/\/api.w.org\/{rel}","templated":true}]}}