{"id":8193,"date":"2022-12-14T14:00:57","date_gmt":"2022-12-14T14:00:57","guid":{"rendered":"https:\/\/groznjan-grisignana.hr\/uvod-2\/"},"modified":"2023-07-10T12:11:53","modified_gmt":"2023-07-10T12:11:53","slug":"introduzione","status":"publish","type":"page","link":"https:\/\/groznjan-grisignana.hr\/it\/introduzione\/","title":{"rendered":"Introduzione"},"content":{"rendered":"<div class=\"fusion-fullwidth fullwidth-box fusion-builder-row-1 fusion-flex-container has-pattern-background has-mask-background nonhundred-percent-fullwidth non-hundred-percent-height-scrolling\" style=\"--awb-border-radius-top-left:0px;--awb-border-radius-top-right:0px;--awb-border-radius-bottom-right:0px;--awb-border-radius-bottom-left:0px;--awb-flex-wrap:wrap;\" ><div class=\"fusion-builder-row fusion-row fusion-flex-align-items-flex-start fusion-flex-content-wrap\" style=\"max-width:1216.8px;margin-left: calc(-4% \/ 2 );margin-right: calc(-4% \/ 2 );\"><div class=\"fusion-layout-column fusion_builder_column fusion-builder-column-0 fusion_builder_column_1_2 1_2 fusion-flex-column\" style=\"--awb-bg-size:cover;--awb-width-large:50%;--awb-margin-top-large:15px;--awb-spacing-right-large:3.84%;--awb-margin-bottom-large:15px;--awb-spacing-left-large:3.84%;--awb-width-medium:100%;--awb-order-medium:0;--awb-spacing-right-medium:1.92%;--awb-spacing-left-medium:1.92%;--awb-width-small:100%;--awb-order-small:0;--awb-spacing-right-small:1.92%;--awb-spacing-left-small:1.92%;\"><div class=\"fusion-column-wrapper fusion-column-has-shadow fusion-flex-justify-content-flex-start fusion-content-layout-column\"><div class=\"fusion-image-element \" style=\"--awb-caption-title-font-family:var(--h2_typography-font-family);--awb-caption-title-font-weight:var(--h2_typography-font-weight);--awb-caption-title-font-style:var(--h2_typography-font-style);--awb-caption-title-size:var(--h2_typography-font-size);--awb-caption-title-transform:var(--h2_typography-text-transform);--awb-caption-title-line-height:var(--h2_typography-line-height);--awb-caption-title-letter-spacing:var(--h2_typography-letter-spacing);\"><span class=\" fusion-imageframe imageframe-none imageframe-1 hover-type-none\"><img decoding=\"async\" width=\"640\" height=\"392\" title=\"Gro\u017enjan\" src=\"https:\/\/groznjan-grisignana.hr\/wp-content\/uploads\/2022\/12\/Groznjan-1.jpg\" data-orig-src=\"https:\/\/groznjan-grisignana.hr\/wp-content\/uploads\/2022\/12\/Groznjan-1.jpg\" alt class=\"lazyload img-responsive wp-image-6662\" srcset=\"data:image\/svg+xml,%3Csvg%20xmlns%3D%27http%3A%2F%2Fwww.w3.org%2F2000%2Fsvg%27%20width%3D%27640%27%20height%3D%27392%27%20viewBox%3D%270%200%20640%20392%27%3E%3Crect%20width%3D%27640%27%20height%3D%27392%27%20fill-opacity%3D%220%22%2F%3E%3C%2Fsvg%3E\" data-srcset=\"https:\/\/groznjan-grisignana.hr\/wp-content\/uploads\/2022\/12\/Groznjan-1-200x123.jpg 200w, https:\/\/groznjan-grisignana.hr\/wp-content\/uploads\/2022\/12\/Groznjan-1-400x245.jpg 400w, https:\/\/groznjan-grisignana.hr\/wp-content\/uploads\/2022\/12\/Groznjan-1-600x368.jpg 600w, https:\/\/groznjan-grisignana.hr\/wp-content\/uploads\/2022\/12\/Groznjan-1.jpg 640w\" data-sizes=\"auto\" data-orig-sizes=\"(max-width: 1024px) 100vw, (max-width: 640px) 100vw, 600px\" \/><\/span><\/div><\/div><\/div><div class=\"fusion-layout-column fusion_builder_column fusion-builder-column-1 fusion_builder_column_1_2 1_2 fusion-flex-column\" style=\"--awb-bg-size:cover;--awb-width-large:50%;--awb-margin-top-large:0px;--awb-spacing-right-large:3.84%;--awb-margin-bottom-large:15px;--awb-spacing-left-large:3.84%;--awb-width-medium:100%;--awb-order-medium:0;--awb-spacing-right-medium:1.92%;--awb-spacing-left-medium:1.92%;--awb-width-small:100%;--awb-order-small:0;--awb-spacing-right-small:1.92%;--awb-spacing-left-small:1.92%;\"><div class=\"fusion-column-wrapper fusion-column-has-shadow fusion-flex-justify-content-flex-start fusion-content-layout-column\"><div class=\"fusion-title title fusion-title-1 sep-underline sep-solid fusion-title-text fusion-title-size-one\" style=\"--awb-margin-top:0px;--awb-margin-top-small:0px;--awb-margin-right-small:0px;--awb-margin-bottom-small:20px;--awb-margin-left-small:0px;--awb-font-size:35px;\"><h1 class=\"fusion-title-heading title-heading-left fusion-responsive-typography-calculated\" style=\"margin:0;text-transform:capitalize;font-size:1em;--fontSize:35;line-height:var(--awb-typography1-line-height);\">Grisignana attraverso la storia<\/h1><\/div><div class=\"fusion-text fusion-text-1\"><p>Secondo il famoso storico triestino, Fulvio Salimbeni, parlare di una piccola citt\u00e0 non fa storia, o meglio, non contribuisce alla creazione di nulla di nuovo. Tuttavia, le sue parole ci ricordano allo storico Armando Sapori, che sostiene che la storia sia tutto quello che succede, cos\u00ec pure gli eventi collegati alle piccole cittadine. Anche se questi eventi non hanno influenzato la direzione della storia nazionale e regionale, sono comunque conseguenza della principale corrente storica.<\/p>\n<\/div><\/div><\/div><div class=\"fusion-layout-column fusion_builder_column fusion-builder-column-2 fusion_builder_column_1_2 1_2 fusion-flex-column\" style=\"--awb-bg-size:cover;--awb-width-large:50%;--awb-margin-top-large:15px;--awb-spacing-right-large:3.84%;--awb-margin-bottom-large:15px;--awb-spacing-left-large:3.84%;--awb-width-medium:100%;--awb-order-medium:0;--awb-spacing-right-medium:1.92%;--awb-spacing-left-medium:1.92%;--awb-width-small:100%;--awb-order-small:0;--awb-spacing-right-small:1.92%;--awb-spacing-left-small:1.92%;\"><div class=\"fusion-column-wrapper fusion-column-has-shadow fusion-flex-justify-content-flex-start fusion-content-layout-column\"><div class=\"fusion-text fusion-text-2\"><p>Le grandi nazioni storiche che stabilivano la direzione degli eventi storici hanno avuto un notevole impatto sulla storia locale del microcosmo istriano, ma ci\u00f2 non sminuisce in nessun caso il significato delle piccole citt\u00e0 come punti di partenza dell\u2019originalit\u00e0 e unicit\u00e0 degli eventi locali come episodi unici integrati nel macrocosmo storico europeo.<\/p>\n<p><strong>GRISIGNANA<\/strong> \u00e8 completamente integrata in queste riflessioni sulla storia, ma noi osiamo comunque coraggiosamente affermare che le specificit\u00e0 della posizione territoriale, il territorio come fonte di risorse biologiche e il significato della popolazione autoctona locale, le sue usanze e la mentalit\u00e0, siano essenziali determinanti del suo destino durante un passato tumultuoso e senza confronti.<\/p>\n<p><strong>GRISIGNANA<\/strong> ha sopravvissuto a tutti i periodi storici proprio grazie all\u2019energia duratura della sua popolazione donando loro la volont\u00e0 di sopravvivenza <strong>nonostante la frivolezza degli avvenimenti macro-storici.<\/strong><\/p>\n<p><strong>GRISIGNANA<\/strong> respira oggi un\u2019aria diversa. La nuova generazione ha accettato di prendersi cura delle sue visioni, le cui inevitabili determinanti sono la creazione artistica dei suoi nuovi abitanti e l\u2019attivit\u00e0 economica di parte della popolazione autoctona locale basata sull\u2019agricoltura, sull\u2019agro-turismo e su altri tipi di turismo e artigianato, dalle piccole imprese al commercio.<\/p>\n<\/div><\/div><\/div><div class=\"fusion-layout-column fusion_builder_column fusion-builder-column-3 fusion_builder_column_1_2 1_2 fusion-flex-column\" style=\"--awb-bg-size:cover;--awb-width-large:50%;--awb-margin-top-large:15px;--awb-spacing-right-large:3.84%;--awb-margin-bottom-large:15px;--awb-spacing-left-large:3.84%;--awb-width-medium:100%;--awb-order-medium:0;--awb-spacing-right-medium:1.92%;--awb-spacing-left-medium:1.92%;--awb-width-small:100%;--awb-order-small:0;--awb-spacing-right-small:1.92%;--awb-spacing-left-small:1.92%;\"><div class=\"fusion-column-wrapper fusion-column-has-shadow fusion-flex-justify-content-flex-start fusion-content-layout-column\"><div class=\"awb-gallery-wrapper awb-gallery-wrapper-1 button-span-no\" style=\"--more-btn-alignment:center;\"><div style=\"margin:-5px;--awb-bordersize:0px;\" class=\"fusion-gallery fusion-gallery-container fusion-grid-2 fusion-columns-total-10 fusion-gallery-layout-grid fusion-gallery-1\"><div style=\"padding:5px;\" class=\"fusion-grid-column fusion-gallery-column fusion-gallery-column-2 hover-type-none\"><div class=\"fusion-gallery-image\"><a href=\"https:\/\/groznjan-grisignana.hr\/wp-content\/uploads\/2022\/12\/Kronologija_groznjana.jpg\" rel=\"noreferrer\" data-rel=\"iLightbox[gallery_image_1]\" class=\"fusion-lightbox\" target=\"_self\"><img decoding=\"async\" src=\"https:\/\/groznjan-grisignana.hr\/wp-content\/uploads\/2022\/12\/Kronologija_groznjana-460x295.jpg\" width=\"460\" height=\"295\" alt=\"\" title=\"Kronologija_groznjana\" aria-label=\"Kronologija_groznjana\" class=\"img-responsive wp-image-1769 fusion-gallery-image-size-fixed\"  \/><\/a><\/div><\/div><div style=\"padding:5px;\" class=\"fusion-grid-column fusion-gallery-column fusion-gallery-column-2 hover-type-none\"><div class=\"fusion-gallery-image\"><a href=\"https:\/\/groznjan-grisignana.hr\/wp-content\/uploads\/2022\/12\/Povijest02.jpg\" rel=\"noreferrer\" data-rel=\"iLightbox[gallery_image_1]\" class=\"fusion-lightbox\" target=\"_self\"><img decoding=\"async\" src=\"https:\/\/groznjan-grisignana.hr\/wp-content\/uploads\/2022\/12\/Povijest02-460x295.jpg\" width=\"460\" height=\"295\" alt=\"\" title=\"Povijest02\" aria-label=\"Povijest02\" class=\"img-responsive wp-image-1770 fusion-gallery-image-size-fixed\"  \/><\/a><\/div><\/div><div class=\"clearfix\"><\/div><div style=\"padding:5px;\" class=\"fusion-grid-column fusion-gallery-column fusion-gallery-column-2 hover-type-none\"><div class=\"fusion-gallery-image\"><a href=\"https:\/\/groznjan-grisignana.hr\/wp-content\/uploads\/2022\/12\/Povijest03.jpg\" rel=\"noreferrer\" data-rel=\"iLightbox[gallery_image_1]\" class=\"fusion-lightbox\" target=\"_self\"><img decoding=\"async\" src=\"https:\/\/groznjan-grisignana.hr\/wp-content\/uploads\/2022\/12\/Povijest03-460x295.jpg\" width=\"460\" height=\"295\" alt=\"\" title=\"Povijest03\" aria-label=\"Povijest03\" class=\"img-responsive wp-image-1771 fusion-gallery-image-size-fixed\"  \/><\/a><\/div><\/div><div style=\"padding:5px;\" class=\"fusion-grid-column fusion-gallery-column fusion-gallery-column-2 hover-type-none\"><div class=\"fusion-gallery-image\"><a href=\"https:\/\/groznjan-grisignana.hr\/wp-content\/uploads\/2022\/12\/Povijest09.jpg\" rel=\"noreferrer\" data-rel=\"iLightbox[gallery_image_1]\" class=\"fusion-lightbox\" target=\"_self\"><img decoding=\"async\" src=\"https:\/\/groznjan-grisignana.hr\/wp-content\/uploads\/2022\/12\/Povijest09-460x295.jpg\" width=\"460\" height=\"295\" alt=\"\" title=\"Povijest09\" aria-label=\"Povijest09\" class=\"img-responsive wp-image-1772 fusion-gallery-image-size-fixed\"  \/><\/a><\/div><\/div><div class=\"clearfix\"><\/div><div style=\"padding:5px;\" class=\"fusion-grid-column fusion-gallery-column fusion-gallery-column-2 hover-type-none\"><div class=\"fusion-gallery-image\"><a href=\"https:\/\/groznjan-grisignana.hr\/wp-content\/uploads\/2022\/12\/Povijest13.jpg\" rel=\"noreferrer\" data-rel=\"iLightbox[gallery_image_1]\" class=\"fusion-lightbox\" target=\"_self\"><img decoding=\"async\" src=\"https:\/\/groznjan-grisignana.hr\/wp-content\/uploads\/2022\/12\/Povijest13-460x295.jpg\" width=\"460\" height=\"295\" alt=\"\" title=\"Povijest13\" aria-label=\"Povijest13\" class=\"img-responsive wp-image-1773 fusion-gallery-image-size-fixed\"  \/><\/a><\/div><\/div><div style=\"padding:5px;\" class=\"fusion-grid-column fusion-gallery-column fusion-gallery-column-2 hover-type-none\"><div class=\"fusion-gallery-image\"><a href=\"https:\/\/groznjan-grisignana.hr\/wp-content\/uploads\/2022\/12\/Povijest14.jpg\" rel=\"noreferrer\" data-rel=\"iLightbox[gallery_image_1]\" class=\"fusion-lightbox\" target=\"_self\"><img decoding=\"async\" src=\"https:\/\/groznjan-grisignana.hr\/wp-content\/uploads\/2022\/12\/Povijest14-460x295.jpg\" width=\"460\" height=\"295\" alt=\"\" title=\"Povijest14\" aria-label=\"Povijest14\" class=\"img-responsive wp-image-1774 fusion-gallery-image-size-fixed\"  \/><\/a><\/div><\/div><div class=\"clearfix\"><\/div><div style=\"padding:5px;\" class=\"fusion-grid-column fusion-gallery-column fusion-gallery-column-2 hover-type-none\"><div class=\"fusion-gallery-image\"><a href=\"https:\/\/groznjan-grisignana.hr\/wp-content\/uploads\/2022\/12\/Povijest19.jpg\" rel=\"noreferrer\" data-rel=\"iLightbox[gallery_image_1]\" class=\"fusion-lightbox\" target=\"_self\"><img decoding=\"async\" src=\"https:\/\/groznjan-grisignana.hr\/wp-content\/uploads\/2022\/12\/Povijest19-460x295.jpg\" width=\"460\" height=\"295\" alt=\"\" title=\"Povijest19\" aria-label=\"Povijest19\" class=\"img-responsive wp-image-1775 fusion-gallery-image-size-fixed\"  \/><\/a><\/div><\/div><div style=\"padding:5px;\" class=\"fusion-grid-column fusion-gallery-column fusion-gallery-column-2 hover-type-none\"><div class=\"fusion-gallery-image\"><a href=\"https:\/\/groznjan-grisignana.hr\/wp-content\/uploads\/2022\/12\/Povijest20.jpg\" rel=\"noreferrer\" data-rel=\"iLightbox[gallery_image_1]\" class=\"fusion-lightbox\" target=\"_self\"><img decoding=\"async\" src=\"https:\/\/groznjan-grisignana.hr\/wp-content\/uploads\/2022\/12\/Povijest20-460x295.jpg\" width=\"460\" height=\"295\" alt=\"\" title=\"Povijest20\" aria-label=\"Povijest20\" class=\"img-responsive wp-image-1776 fusion-gallery-image-size-fixed\"  \/><\/a><\/div><\/div><div class=\"clearfix\"><\/div><div style=\"padding:5px;\" class=\"fusion-grid-column fusion-gallery-column fusion-gallery-column-2 hover-type-none\"><div class=\"fusion-gallery-image\"><a href=\"https:\/\/groznjan-grisignana.hr\/wp-content\/uploads\/2022\/12\/Povijest22.jpg\" rel=\"noreferrer\" data-rel=\"iLightbox[gallery_image_1]\" class=\"fusion-lightbox\" target=\"_self\"><img decoding=\"async\" src=\"https:\/\/groznjan-grisignana.hr\/wp-content\/uploads\/2022\/12\/Povijest22-460x295.jpg\" width=\"460\" height=\"295\" alt=\"\" title=\"Povijest22\" aria-label=\"Povijest22\" class=\"img-responsive wp-image-1777 fusion-gallery-image-size-fixed\"  \/><\/a><\/div><\/div><div style=\"padding:5px;\" class=\"fusion-grid-column fusion-gallery-column fusion-gallery-column-2 hover-type-none\"><div class=\"fusion-gallery-image\"><a href=\"https:\/\/groznjan-grisignana.hr\/wp-content\/uploads\/2022\/12\/Povijest21.jpg\" rel=\"noreferrer\" data-rel=\"iLightbox[gallery_image_1]\" class=\"fusion-lightbox\" target=\"_self\"><img decoding=\"async\" src=\"https:\/\/groznjan-grisignana.hr\/wp-content\/uploads\/2022\/12\/Povijest21-460x295.jpg\" width=\"460\" height=\"295\" alt=\"\" title=\"Povijest21\" aria-label=\"Povijest21\" class=\"img-responsive wp-image-1778 fusion-gallery-image-size-fixed\"  \/><\/a><\/div><\/div><div class=\"clearfix\"><\/div><\/div><\/div><\/div><\/div><\/div><\/div>\n","protected":false},"excerpt":{"rendered":"","protected":false},"author":1,"featured_media":0,"parent":0,"menu_order":0,"comment_status":"closed","ping_status":"closed","template":"","meta":{"footnotes":""},"class_list":["post-8193","page","type-page","status-publish","hentry"],"yoast_head":"<!-- This site is optimized with the Yoast SEO plugin v27.3 - https:\/\/yoast.com\/product\/yoast-seo-wordpress\/ -->\n<title>Introduzione - Op\u0107ina Gro\u017enjan | Comune di Grisignana<\/title>\n<meta name=\"robots\" content=\"index, follow, max-snippet:-1, max-image-preview:large, max-video-preview:-1\" \/>\n<link rel=\"canonical\" href=\"https:\/\/groznjan-grisignana.hr\/it\/introduzione\/\" \/>\n<meta property=\"og:locale\" content=\"it_IT\" \/>\n<meta property=\"og:type\" content=\"article\" \/>\n<meta property=\"og:title\" content=\"Introduzione - Op\u0107ina Gro\u017enjan | Comune di Grisignana\" \/>\n<meta property=\"og:url\" content=\"https:\/\/groznjan-grisignana.hr\/it\/introduzione\/\" \/>\n<meta property=\"og:site_name\" content=\"Op\u0107ina Gro\u017enjan | Comune di Grisignana\" \/>\n<meta property=\"article:modified_time\" content=\"2023-07-10T12:11:53+00:00\" \/>\n<meta name=\"twitter:card\" content=\"summary_large_image\" \/>\n<meta name=\"twitter:label1\" content=\"Tempo di lettura stimato\" \/>\n\t<meta name=\"twitter:data1\" content=\"7 minuti\" \/>\n<script type=\"application\/ld+json\" class=\"yoast-schema-graph\">{\"@context\":\"https:\\\/\\\/schema.org\",\"@graph\":[{\"@type\":\"WebPage\",\"@id\":\"https:\\\/\\\/groznjan-grisignana.hr\\\/it\\\/introduzione\\\/\",\"url\":\"https:\\\/\\\/groznjan-grisignana.hr\\\/it\\\/introduzione\\\/\",\"name\":\"Introduzione - Op\u0107ina Gro\u017enjan | Comune di Grisignana\",\"isPartOf\":{\"@id\":\"https:\\\/\\\/groznjan-grisignana.hr\\\/#website\"},\"datePublished\":\"2022-12-14T14:00:57+00:00\",\"dateModified\":\"2023-07-10T12:11:53+00:00\",\"breadcrumb\":{\"@id\":\"https:\\\/\\\/groznjan-grisignana.hr\\\/it\\\/introduzione\\\/#breadcrumb\"},\"inLanguage\":\"it-IT\",\"potentialAction\":[{\"@type\":\"ReadAction\",\"target\":[\"https:\\\/\\\/groznjan-grisignana.hr\\\/it\\\/introduzione\\\/\"]}]},{\"@type\":\"BreadcrumbList\",\"@id\":\"https:\\\/\\\/groznjan-grisignana.hr\\\/it\\\/introduzione\\\/#breadcrumb\",\"itemListElement\":[{\"@type\":\"ListItem\",\"position\":1,\"name\":\"Po\u010detna stranica\",\"item\":\"https:\\\/\\\/groznjan-grisignana.hr\\\/it\\\/\"},{\"@type\":\"ListItem\",\"position\":2,\"name\":\"Introduzione\"}]},{\"@type\":\"WebSite\",\"@id\":\"https:\\\/\\\/groznjan-grisignana.hr\\\/#website\",\"url\":\"https:\\\/\\\/groznjan-grisignana.hr\\\/\",\"name\":\"Op\u0107ina Gro\u017enjan | Comune di Grisignana\",\"description\":\"Slu\u017ebene stranice   \u2022   Sito ufficiale\",\"potentialAction\":[{\"@type\":\"SearchAction\",\"target\":{\"@type\":\"EntryPoint\",\"urlTemplate\":\"https:\\\/\\\/groznjan-grisignana.hr\\\/?s={search_term_string}\"},\"query-input\":{\"@type\":\"PropertyValueSpecification\",\"valueRequired\":true,\"valueName\":\"search_term_string\"}}],\"inLanguage\":\"it-IT\"}]}<\/script>\n<!-- \/ Yoast SEO plugin. -->","yoast_head_json":{"title":"Introduzione - Op\u0107ina Gro\u017enjan | Comune di Grisignana","robots":{"index":"index","follow":"follow","max-snippet":"max-snippet:-1","max-image-preview":"max-image-preview:large","max-video-preview":"max-video-preview:-1"},"canonical":"https:\/\/groznjan-grisignana.hr\/it\/introduzione\/","og_locale":"it_IT","og_type":"article","og_title":"Introduzione - Op\u0107ina Gro\u017enjan | Comune di Grisignana","og_url":"https:\/\/groznjan-grisignana.hr\/it\/introduzione\/","og_site_name":"Op\u0107ina Gro\u017enjan | Comune di Grisignana","article_modified_time":"2023-07-10T12:11:53+00:00","twitter_card":"summary_large_image","twitter_misc":{"Tempo di lettura stimato":"7 minuti"},"schema":{"@context":"https:\/\/schema.org","@graph":[{"@type":"WebPage","@id":"https:\/\/groznjan-grisignana.hr\/it\/introduzione\/","url":"https:\/\/groznjan-grisignana.hr\/it\/introduzione\/","name":"Introduzione - Op\u0107ina Gro\u017enjan | Comune di Grisignana","isPartOf":{"@id":"https:\/\/groznjan-grisignana.hr\/#website"},"datePublished":"2022-12-14T14:00:57+00:00","dateModified":"2023-07-10T12:11:53+00:00","breadcrumb":{"@id":"https:\/\/groznjan-grisignana.hr\/it\/introduzione\/#breadcrumb"},"inLanguage":"it-IT","potentialAction":[{"@type":"ReadAction","target":["https:\/\/groznjan-grisignana.hr\/it\/introduzione\/"]}]},{"@type":"BreadcrumbList","@id":"https:\/\/groznjan-grisignana.hr\/it\/introduzione\/#breadcrumb","itemListElement":[{"@type":"ListItem","position":1,"name":"Po\u010detna stranica","item":"https:\/\/groznjan-grisignana.hr\/it\/"},{"@type":"ListItem","position":2,"name":"Introduzione"}]},{"@type":"WebSite","@id":"https:\/\/groznjan-grisignana.hr\/#website","url":"https:\/\/groznjan-grisignana.hr\/","name":"Op\u0107ina Gro\u017enjan | Comune di Grisignana","description":"Slu\u017ebene stranice   \u2022   Sito ufficiale","potentialAction":[{"@type":"SearchAction","target":{"@type":"EntryPoint","urlTemplate":"https:\/\/groznjan-grisignana.hr\/?s={search_term_string}"},"query-input":{"@type":"PropertyValueSpecification","valueRequired":true,"valueName":"search_term_string"}}],"inLanguage":"it-IT"}]}},"_links":{"self":[{"href":"https:\/\/groznjan-grisignana.hr\/it\/wp-json\/wp\/v2\/pages\/8193","targetHints":{"allow":["GET"]}}],"collection":[{"href":"https:\/\/groznjan-grisignana.hr\/it\/wp-json\/wp\/v2\/pages"}],"about":[{"href":"https:\/\/groznjan-grisignana.hr\/it\/wp-json\/wp\/v2\/types\/page"}],"author":[{"embeddable":true,"href":"https:\/\/groznjan-grisignana.hr\/it\/wp-json\/wp\/v2\/users\/1"}],"replies":[{"embeddable":true,"href":"https:\/\/groznjan-grisignana.hr\/it\/wp-json\/wp\/v2\/comments?post=8193"}],"version-history":[{"count":2,"href":"https:\/\/groznjan-grisignana.hr\/it\/wp-json\/wp\/v2\/pages\/8193\/revisions"}],"predecessor-version":[{"id":8195,"href":"https:\/\/groznjan-grisignana.hr\/it\/wp-json\/wp\/v2\/pages\/8193\/revisions\/8195"}],"wp:attachment":[{"href":"https:\/\/groznjan-grisignana.hr\/it\/wp-json\/wp\/v2\/media?parent=8193"}],"curies":[{"name":"wp","href":"https:\/\/api.w.org\/{rel}","templated":true}]}}