{"id":8218,"date":"2022-12-15T10:25:42","date_gmt":"2022-12-15T10:25:42","guid":{"rendered":"https:\/\/groznjan-grisignana.hr\/antonci\/"},"modified":"2023-07-12T07:41:32","modified_gmt":"2023-07-12T07:41:32","slug":"antonzi","status":"publish","type":"page","link":"https:\/\/groznjan-grisignana.hr\/it\/antonzi\/","title":{"rendered":"Antonzi"},"content":{"rendered":"<div class=\"fusion-fullwidth fullwidth-box fusion-builder-row-1 fusion-flex-container has-pattern-background has-mask-background nonhundred-percent-fullwidth non-hundred-percent-height-scrolling\" style=\"--awb-border-radius-top-left:0px;--awb-border-radius-top-right:0px;--awb-border-radius-bottom-right:0px;--awb-border-radius-bottom-left:0px;--awb-flex-wrap:wrap;\" ><div class=\"fusion-builder-row fusion-row fusion-flex-align-items-flex-start fusion-flex-content-wrap\" style=\"max-width:1216.8px;margin-left: calc(-4% \/ 2 );margin-right: calc(-4% \/ 2 );\"><div class=\"fusion-layout-column fusion_builder_column fusion-builder-column-0 fusion_builder_column_1_6 1_6 fusion-flex-column\" style=\"--awb-bg-size:cover;--awb-width-large:16.666666666667%;--awb-margin-top-large:15px;--awb-spacing-right-large:11.52%;--awb-margin-bottom-large:15px;--awb-spacing-left-large:11.52%;--awb-width-medium:100%;--awb-order-medium:0;--awb-spacing-right-medium:1.92%;--awb-spacing-left-medium:1.92%;--awb-width-small:100%;--awb-order-small:0;--awb-spacing-right-small:1.92%;--awb-spacing-left-small:1.92%;\"><div class=\"fusion-column-wrapper fusion-column-has-shadow fusion-flex-justify-content-flex-start fusion-content-layout-column\"><\/div><\/div><div class=\"fusion-layout-column fusion_builder_column fusion-builder-column-1 fusion_builder_column_2_3 2_3 fusion-flex-column\" style=\"--awb-bg-size:cover;--awb-width-large:66.666666666667%;--awb-margin-top-large:15px;--awb-spacing-right-large:2.88%;--awb-margin-bottom-large:15px;--awb-spacing-left-large:2.88%;--awb-width-medium:100%;--awb-order-medium:0;--awb-spacing-right-medium:1.92%;--awb-spacing-left-medium:1.92%;--awb-width-small:100%;--awb-order-small:0;--awb-spacing-right-small:1.92%;--awb-spacing-left-small:1.92%;\"><div class=\"fusion-column-wrapper fusion-column-has-shadow fusion-flex-justify-content-flex-start fusion-content-layout-column\"><div class=\"fusion-image-element \" style=\"--awb-caption-title-font-family:var(--h2_typography-font-family);--awb-caption-title-font-weight:var(--h2_typography-font-weight);--awb-caption-title-font-style:var(--h2_typography-font-style);--awb-caption-title-size:var(--h2_typography-font-size);--awb-caption-title-transform:var(--h2_typography-text-transform);--awb-caption-title-line-height:var(--h2_typography-line-height);--awb-caption-title-letter-spacing:var(--h2_typography-letter-spacing);\"><span class=\" fusion-imageframe imageframe-none imageframe-1 hover-type-none\"><img decoding=\"async\" width=\"900\" height=\"360\" title=\"Antonci mjesto\" src=\"https:\/\/groznjan-grisignana.hr\/wp-content\/uploads\/2022\/12\/Antonci-mjesto.jpg\" data-orig-src=\"https:\/\/groznjan-grisignana.hr\/wp-content\/uploads\/2022\/12\/Antonci-mjesto.jpg\" alt class=\"lazyload img-responsive wp-image-6694\" srcset=\"data:image\/svg+xml,%3Csvg%20xmlns%3D%27http%3A%2F%2Fwww.w3.org%2F2000%2Fsvg%27%20width%3D%27900%27%20height%3D%27360%27%20viewBox%3D%270%200%20900%20360%27%3E%3Crect%20width%3D%27900%27%20height%3D%27360%27%20fill-opacity%3D%220%22%2F%3E%3C%2Fsvg%3E\" data-srcset=\"https:\/\/groznjan-grisignana.hr\/wp-content\/uploads\/2022\/12\/Antonci-mjesto-200x80.jpg 200w, https:\/\/groznjan-grisignana.hr\/wp-content\/uploads\/2022\/12\/Antonci-mjesto-400x160.jpg 400w, https:\/\/groznjan-grisignana.hr\/wp-content\/uploads\/2022\/12\/Antonci-mjesto-600x240.jpg 600w, https:\/\/groznjan-grisignana.hr\/wp-content\/uploads\/2022\/12\/Antonci-mjesto-800x320.jpg 800w, https:\/\/groznjan-grisignana.hr\/wp-content\/uploads\/2022\/12\/Antonci-mjesto.jpg 900w\" data-sizes=\"auto\" data-orig-sizes=\"(max-width: 1024px) 100vw, (max-width: 640px) 100vw, 800px\" \/><\/span><\/div><div class=\"fusion-title title fusion-title-1 sep-underline sep-solid fusion-title-text fusion-title-size-one\" style=\"--awb-margin-top-small:0px;--awb-margin-right-small:0px;--awb-margin-bottom-small:20px;--awb-margin-left-small:0px;--awb-font-size:35px;\"><h1 class=\"fusion-title-heading title-heading-left fusion-responsive-typography-calculated\" style=\"margin:0;text-transform:capitalize;font-size:1em;--fontSize:35;line-height:var(--awb-typography1-line-height);\">Antonzi<\/h1><\/div><div class=\"fusion-text fusion-text-1\" style=\"--awb-margin-top:20px;\"><p>Il paese di Antonzi e situato sui pendii della valle del fiume Quieto. In questa localita molte case e costruzioni portano iscrizioni che risalgono al XVII ed al XVIII secolo. Nel paese, accanto alle vecchie case segnate dal tempo, ce ne sono alcune completamente ristrutturate. Il latrato dei cani segnala che si pratica la caccia e la raccolta dei tartufi. Il paese e palesemente vivo, tanto che i giovani rimangono sul suolo natio accanto agli anziani.<\/p>\n<\/div><div class=\"awb-gallery-wrapper awb-gallery-wrapper-1 button-span-no\" style=\"--more-btn-alignment:center;\"><div style=\"margin:-5px;--awb-bordersize:0px;\" class=\"fusion-gallery fusion-gallery-container fusion-grid-2 fusion-columns-total-2 fusion-gallery-layout-grid fusion-gallery-1\"><div style=\"padding:5px;\" class=\"fusion-grid-column fusion-gallery-column fusion-gallery-column-2 hover-type-none\"><div class=\"fusion-gallery-image\"><a href=\"https:\/\/groznjan-grisignana.hr\/wp-content\/uploads\/2022\/12\/Antonci-1.jpg\" rel=\"noreferrer\" data-rel=\"iLightbox[gallery_image_1]\" class=\"fusion-lightbox\" target=\"_self\"><img decoding=\"async\" src=\"https:\/\/groznjan-grisignana.hr\/wp-content\/uploads\/2022\/12\/Antonci-1-448x295.jpg\" width=\"448\" height=\"295\" alt=\"\" title=\"Antonci 1\" aria-label=\"Antonci 1\" class=\"img-responsive wp-image-1910 fusion-gallery-image-size-fixed\"  \/><\/a><\/div><\/div><div style=\"padding:5px;\" class=\"fusion-grid-column fusion-gallery-column fusion-gallery-column-2 hover-type-none\"><div class=\"fusion-gallery-image\"><a href=\"https:\/\/groznjan-grisignana.hr\/wp-content\/uploads\/2022\/12\/Antonci-2.jpg\" rel=\"noreferrer\" data-rel=\"iLightbox[gallery_image_1]\" class=\"fusion-lightbox\" target=\"_self\"><img decoding=\"async\" src=\"https:\/\/groznjan-grisignana.hr\/wp-content\/uploads\/2022\/12\/Antonci-2-448x295.jpg\" width=\"448\" height=\"295\" alt=\"\" title=\"Antonci 2\" aria-label=\"Antonci 2\" class=\"img-responsive wp-image-1911 fusion-gallery-image-size-fixed\"  \/><\/a><\/div><\/div><div class=\"clearfix\"><\/div><\/div><\/div><\/div><\/div><div class=\"fusion-layout-column fusion_builder_column fusion-builder-column-2 fusion_builder_column_1_6 1_6 fusion-flex-column\" style=\"--awb-bg-size:cover;--awb-width-large:16.666666666667%;--awb-margin-top-large:15px;--awb-spacing-right-large:11.52%;--awb-margin-bottom-large:15px;--awb-spacing-left-large:11.52%;--awb-width-medium:100%;--awb-order-medium:0;--awb-spacing-right-medium:1.92%;--awb-spacing-left-medium:1.92%;--awb-width-small:100%;--awb-order-small:0;--awb-spacing-right-small:1.92%;--awb-spacing-left-small:1.92%;\"><div class=\"fusion-column-wrapper fusion-column-has-shadow fusion-flex-justify-content-flex-start fusion-content-layout-column\"><\/div><\/div><\/div><\/div>\n","protected":false},"excerpt":{"rendered":"","protected":false},"author":1,"featured_media":0,"parent":0,"menu_order":0,"comment_status":"closed","ping_status":"closed","template":"","meta":{"footnotes":""},"class_list":["post-8218","page","type-page","status-publish","hentry"],"yoast_head":"<!-- This site is optimized with the Yoast SEO plugin v27.3 - https:\/\/yoast.com\/product\/yoast-seo-wordpress\/ -->\n<title>Antonzi - Op\u0107ina Gro\u017enjan | Comune di Grisignana<\/title>\n<meta name=\"robots\" content=\"index, follow, max-snippet:-1, max-image-preview:large, max-video-preview:-1\" \/>\n<link rel=\"canonical\" href=\"https:\/\/groznjan-grisignana.hr\/it\/antonzi\/\" \/>\n<meta property=\"og:locale\" content=\"it_IT\" \/>\n<meta property=\"og:type\" content=\"article\" \/>\n<meta property=\"og:title\" content=\"Antonzi - Op\u0107ina Gro\u017enjan | Comune di Grisignana\" \/>\n<meta property=\"og:url\" content=\"https:\/\/groznjan-grisignana.hr\/it\/antonzi\/\" \/>\n<meta property=\"og:site_name\" content=\"Op\u0107ina Gro\u017enjan | Comune di Grisignana\" \/>\n<meta property=\"article:modified_time\" content=\"2023-07-12T07:41:32+00:00\" \/>\n<meta name=\"twitter:card\" content=\"summary_large_image\" \/>\n<meta name=\"twitter:label1\" content=\"Tempo di lettura stimato\" \/>\n\t<meta name=\"twitter:data1\" content=\"5 minuti\" \/>\n<script type=\"application\/ld+json\" class=\"yoast-schema-graph\">{\"@context\":\"https:\\\/\\\/schema.org\",\"@graph\":[{\"@type\":\"WebPage\",\"@id\":\"https:\\\/\\\/groznjan-grisignana.hr\\\/it\\\/antonzi\\\/\",\"url\":\"https:\\\/\\\/groznjan-grisignana.hr\\\/it\\\/antonzi\\\/\",\"name\":\"Antonzi - Op\u0107ina Gro\u017enjan | Comune di Grisignana\",\"isPartOf\":{\"@id\":\"https:\\\/\\\/groznjan-grisignana.hr\\\/#website\"},\"datePublished\":\"2022-12-15T10:25:42+00:00\",\"dateModified\":\"2023-07-12T07:41:32+00:00\",\"breadcrumb\":{\"@id\":\"https:\\\/\\\/groznjan-grisignana.hr\\\/it\\\/antonzi\\\/#breadcrumb\"},\"inLanguage\":\"it-IT\",\"potentialAction\":[{\"@type\":\"ReadAction\",\"target\":[\"https:\\\/\\\/groznjan-grisignana.hr\\\/it\\\/antonzi\\\/\"]}]},{\"@type\":\"BreadcrumbList\",\"@id\":\"https:\\\/\\\/groznjan-grisignana.hr\\\/it\\\/antonzi\\\/#breadcrumb\",\"itemListElement\":[{\"@type\":\"ListItem\",\"position\":1,\"name\":\"Po\u010detna stranica\",\"item\":\"https:\\\/\\\/groznjan-grisignana.hr\\\/it\\\/\"},{\"@type\":\"ListItem\",\"position\":2,\"name\":\"Antonzi\"}]},{\"@type\":\"WebSite\",\"@id\":\"https:\\\/\\\/groznjan-grisignana.hr\\\/#website\",\"url\":\"https:\\\/\\\/groznjan-grisignana.hr\\\/\",\"name\":\"Op\u0107ina Gro\u017enjan | Comune di Grisignana\",\"description\":\"Slu\u017ebene stranice   \u2022   Sito ufficiale\",\"potentialAction\":[{\"@type\":\"SearchAction\",\"target\":{\"@type\":\"EntryPoint\",\"urlTemplate\":\"https:\\\/\\\/groznjan-grisignana.hr\\\/?s={search_term_string}\"},\"query-input\":{\"@type\":\"PropertyValueSpecification\",\"valueRequired\":true,\"valueName\":\"search_term_string\"}}],\"inLanguage\":\"it-IT\"}]}<\/script>\n<!-- \/ Yoast SEO plugin. -->","yoast_head_json":{"title":"Antonzi - Op\u0107ina Gro\u017enjan | Comune di Grisignana","robots":{"index":"index","follow":"follow","max-snippet":"max-snippet:-1","max-image-preview":"max-image-preview:large","max-video-preview":"max-video-preview:-1"},"canonical":"https:\/\/groznjan-grisignana.hr\/it\/antonzi\/","og_locale":"it_IT","og_type":"article","og_title":"Antonzi - Op\u0107ina Gro\u017enjan | Comune di Grisignana","og_url":"https:\/\/groznjan-grisignana.hr\/it\/antonzi\/","og_site_name":"Op\u0107ina Gro\u017enjan | Comune di Grisignana","article_modified_time":"2023-07-12T07:41:32+00:00","twitter_card":"summary_large_image","twitter_misc":{"Tempo di lettura stimato":"5 minuti"},"schema":{"@context":"https:\/\/schema.org","@graph":[{"@type":"WebPage","@id":"https:\/\/groznjan-grisignana.hr\/it\/antonzi\/","url":"https:\/\/groznjan-grisignana.hr\/it\/antonzi\/","name":"Antonzi - Op\u0107ina Gro\u017enjan | Comune di Grisignana","isPartOf":{"@id":"https:\/\/groznjan-grisignana.hr\/#website"},"datePublished":"2022-12-15T10:25:42+00:00","dateModified":"2023-07-12T07:41:32+00:00","breadcrumb":{"@id":"https:\/\/groznjan-grisignana.hr\/it\/antonzi\/#breadcrumb"},"inLanguage":"it-IT","potentialAction":[{"@type":"ReadAction","target":["https:\/\/groznjan-grisignana.hr\/it\/antonzi\/"]}]},{"@type":"BreadcrumbList","@id":"https:\/\/groznjan-grisignana.hr\/it\/antonzi\/#breadcrumb","itemListElement":[{"@type":"ListItem","position":1,"name":"Po\u010detna stranica","item":"https:\/\/groznjan-grisignana.hr\/it\/"},{"@type":"ListItem","position":2,"name":"Antonzi"}]},{"@type":"WebSite","@id":"https:\/\/groznjan-grisignana.hr\/#website","url":"https:\/\/groznjan-grisignana.hr\/","name":"Op\u0107ina Gro\u017enjan | Comune di Grisignana","description":"Slu\u017ebene stranice   \u2022   Sito ufficiale","potentialAction":[{"@type":"SearchAction","target":{"@type":"EntryPoint","urlTemplate":"https:\/\/groznjan-grisignana.hr\/?s={search_term_string}"},"query-input":{"@type":"PropertyValueSpecification","valueRequired":true,"valueName":"search_term_string"}}],"inLanguage":"it-IT"}]}},"_links":{"self":[{"href":"https:\/\/groznjan-grisignana.hr\/it\/wp-json\/wp\/v2\/pages\/8218","targetHints":{"allow":["GET"]}}],"collection":[{"href":"https:\/\/groznjan-grisignana.hr\/it\/wp-json\/wp\/v2\/pages"}],"about":[{"href":"https:\/\/groznjan-grisignana.hr\/it\/wp-json\/wp\/v2\/types\/page"}],"author":[{"embeddable":true,"href":"https:\/\/groznjan-grisignana.hr\/it\/wp-json\/wp\/v2\/users\/1"}],"replies":[{"embeddable":true,"href":"https:\/\/groznjan-grisignana.hr\/it\/wp-json\/wp\/v2\/comments?post=8218"}],"version-history":[{"count":1,"href":"https:\/\/groznjan-grisignana.hr\/it\/wp-json\/wp\/v2\/pages\/8218\/revisions"}],"predecessor-version":[{"id":8219,"href":"https:\/\/groznjan-grisignana.hr\/it\/wp-json\/wp\/v2\/pages\/8218\/revisions\/8219"}],"wp:attachment":[{"href":"https:\/\/groznjan-grisignana.hr\/it\/wp-json\/wp\/v2\/media?parent=8218"}],"curies":[{"name":"wp","href":"https:\/\/api.w.org\/{rel}","templated":true}]}}