{"id":8220,"date":"2022-12-15T10:42:57","date_gmt":"2022-12-15T10:42:57","guid":{"rendered":"https:\/\/groznjan-grisignana.hr\/kostanjica\/"},"modified":"2023-07-12T07:46:09","modified_gmt":"2023-07-12T07:46:09","slug":"castagna","status":"publish","type":"page","link":"https:\/\/groznjan-grisignana.hr\/it\/castagna\/","title":{"rendered":"Castagna"},"content":{"rendered":"<div class=\"fusion-fullwidth fullwidth-box fusion-builder-row-1 fusion-flex-container has-pattern-background has-mask-background nonhundred-percent-fullwidth non-hundred-percent-height-scrolling\" style=\"--awb-border-radius-top-left:0px;--awb-border-radius-top-right:0px;--awb-border-radius-bottom-right:0px;--awb-border-radius-bottom-left:0px;--awb-flex-wrap:wrap;\" ><div class=\"fusion-builder-row fusion-row fusion-flex-align-items-flex-start fusion-flex-content-wrap\" style=\"max-width:1216.8px;margin-left: calc(-4% \/ 2 );margin-right: calc(-4% \/ 2 );\"><div class=\"fusion-layout-column fusion_builder_column fusion-builder-column-0 fusion_builder_column_1_2 1_2 fusion-flex-column\" style=\"--awb-bg-size:cover;--awb-width-large:50%;--awb-margin-top-large:45px;--awb-spacing-right-large:3.84%;--awb-margin-bottom-large:15px;--awb-spacing-left-large:3.84%;--awb-width-medium:100%;--awb-order-medium:0;--awb-spacing-right-medium:1.92%;--awb-spacing-left-medium:1.92%;--awb-width-small:100%;--awb-order-small:0;--awb-spacing-right-small:1.92%;--awb-spacing-left-small:1.92%;\"><div class=\"fusion-column-wrapper fusion-column-has-shadow fusion-flex-justify-content-flex-start fusion-content-layout-column\"><div class=\"fusion-image-element \" style=\"--awb-caption-title-font-family:var(--h2_typography-font-family);--awb-caption-title-font-weight:var(--h2_typography-font-weight);--awb-caption-title-font-style:var(--h2_typography-font-style);--awb-caption-title-size:var(--h2_typography-font-size);--awb-caption-title-transform:var(--h2_typography-text-transform);--awb-caption-title-line-height:var(--h2_typography-line-height);--awb-caption-title-letter-spacing:var(--h2_typography-letter-spacing);\"><span class=\" fusion-imageframe imageframe-none imageframe-1 hover-type-none\"><img decoding=\"async\" width=\"900\" height=\"675\" title=\"Kostanjica mjesto\" src=\"https:\/\/groznjan-grisignana.hr\/wp-content\/uploads\/2022\/12\/Kostanjica-mjesto.jpg\" data-orig-src=\"https:\/\/groznjan-grisignana.hr\/wp-content\/uploads\/2022\/12\/Kostanjica-mjesto.jpg\" alt class=\"lazyload img-responsive wp-image-6700\" srcset=\"data:image\/svg+xml,%3Csvg%20xmlns%3D%27http%3A%2F%2Fwww.w3.org%2F2000%2Fsvg%27%20width%3D%27900%27%20height%3D%27675%27%20viewBox%3D%270%200%20900%20675%27%3E%3Crect%20width%3D%27900%27%20height%3D%27675%27%20fill-opacity%3D%220%22%2F%3E%3C%2Fsvg%3E\" data-srcset=\"https:\/\/groznjan-grisignana.hr\/wp-content\/uploads\/2022\/12\/Kostanjica-mjesto-200x150.jpg 200w, https:\/\/groznjan-grisignana.hr\/wp-content\/uploads\/2022\/12\/Kostanjica-mjesto-400x300.jpg 400w, https:\/\/groznjan-grisignana.hr\/wp-content\/uploads\/2022\/12\/Kostanjica-mjesto-600x450.jpg 600w, https:\/\/groznjan-grisignana.hr\/wp-content\/uploads\/2022\/12\/Kostanjica-mjesto-800x600.jpg 800w, https:\/\/groznjan-grisignana.hr\/wp-content\/uploads\/2022\/12\/Kostanjica-mjesto.jpg 900w\" data-sizes=\"auto\" data-orig-sizes=\"(max-width: 1024px) 100vw, (max-width: 640px) 100vw, 600px\" \/><\/span><\/div><\/div><\/div><div class=\"fusion-layout-column fusion_builder_column fusion-builder-column-1 fusion_builder_column_1_2 1_2 fusion-flex-column\" style=\"--awb-bg-size:cover;--awb-width-large:50%;--awb-margin-top-large:15px;--awb-spacing-right-large:3.84%;--awb-margin-bottom-large:15px;--awb-spacing-left-large:3.84%;--awb-width-medium:100%;--awb-order-medium:0;--awb-spacing-right-medium:1.92%;--awb-spacing-left-medium:1.92%;--awb-width-small:100%;--awb-order-small:0;--awb-spacing-right-small:1.92%;--awb-spacing-left-small:1.92%;\"><div class=\"fusion-column-wrapper fusion-column-has-shadow fusion-flex-justify-content-flex-start fusion-content-layout-column\"><div class=\"fusion-title title fusion-title-1 sep-underline sep-solid fusion-title-text fusion-title-size-one\" style=\"--awb-margin-top-small:0px;--awb-margin-right-small:0px;--awb-margin-bottom-small:20px;--awb-margin-left-small:0px;--awb-font-size:35px;\"><h1 class=\"fusion-title-heading title-heading-left fusion-responsive-typography-calculated\" style=\"margin:0;text-transform:capitalize;font-size:1em;--fontSize:35;line-height:var(--awb-typography1-line-height);\">Castagna<\/h1><\/div><div class=\"fusion-text fusion-text-1\"><p>Lasciando a Porta Porton l&#8217;imperiale via Flavia, si trova una stradina che s&#8217;inerpica lungo un colle, dove esiste ancora la chiesetta di Santo Stefano con il cimitero e una parte dell&#8217;altare ligneo appartenuto all&#8217;antica chiesa di S. Antonio del XIV o XV secolo. Al bivio per Castagna, un&#8217;altra strada porta al paese di Biloslavo, dove un tempo c&#8217;era l&#8217;omonima fermata della linea ferroviaria chiamata &#8220;Parenzana&#8221;.<br \/>\nDopo il cimitero, il sentiero scende verso l&#8217;antico paese di Castagna. Il borgo fu abitato fin dall&#8217;antichita, ne danno testimonianza le tombe e le iscrizioni d&#8217;epoca romana ivi trovate. La chiesa parrocchiale, dedicata alla Beata Vergine Maria ed ai SS. Pietro e Paolo, porta l&#8217;iscrizione &#8220;Electamus Genoa 1769&#8221;. Rifatta nel 1500, e stata ingrandita nell&#8217;anno riportato dall&#8217;iscrizione. Ha tre altari, dei quali il maggiore e in marmo ed e ornato dalle statue dei SS. Pietro e Paolo. All&#8217;esterno sono incastonate due testine barbare che sostenevano i costoloni del presbiterio preesistente.<\/p>\n<\/div><\/div><\/div><div class=\"fusion-layout-column fusion_builder_column fusion-builder-column-2 fusion_builder_column_1_1 1_1 fusion-flex-column\" style=\"--awb-bg-size:cover;--awb-width-large:100%;--awb-margin-top-large:15px;--awb-spacing-right-large:1.92%;--awb-margin-bottom-large:15px;--awb-spacing-left-large:1.92%;--awb-width-medium:100%;--awb-order-medium:0;--awb-spacing-right-medium:1.92%;--awb-spacing-left-medium:1.92%;--awb-width-small:100%;--awb-order-small:0;--awb-spacing-right-small:1.92%;--awb-spacing-left-small:1.92%;\"><div class=\"fusion-column-wrapper fusion-column-has-shadow fusion-flex-justify-content-flex-start fusion-content-layout-column\"><div class=\"fusion-text fusion-text-2\"><p>Davanti alla chiesa si erge il campanile veneto in areanaria, a base quadrata, con torre e cuspide ottagonale. Sull&#8217;arco e riportata la data del 1766. Il paese, quasi completamente disabitato, ha mantenuto un po&#8217; di vita lungo la strada principale. Le case rivelano interessanti particolari architettonici di carattere rustico tipicamente istriano, come lunghi ballatoi, piccoli terrazzi e &#8220;cavade&#8221; esterne per arrostire e cucinare.<\/p>\n<p>Alla fine del XIV secolo, sotto il dominio austriaco, nei paesi vicini furono insediate famiglie morlacche. Nel 1510, Castagna venne conquistata dai Veneti e nel 1521 il possesso venne sancito con l&#8217;editto di Vormazia. Nel 1530 Venezia vendette Castagna all&#8217;asta che, assieme a Piemonte e a Bercenigla, divenne proprieta del veneziano Giustiniano Contarini, la cui famiglia la mantenne fino al XVIII secolo. Anticamente esisteva pure l&#8217;omonima famiglia Castagna, di cui si vede ancora lo stemma su una casa. Dopo la pestilenza del 1630, Venezia favori l&#8217;immigrazione di molte famiglie croate provenienti dalla Dalmazia e da altri luoghi. La chiesa dei SS. Pietro e Paolo La gente del luogo si e sempre occupata di agricoltura e da sempre la terra ha dato loro il sostentamento necessario. Gli abitanti di Castagna hanno lavorato per secoli sulle barche che trasportavano il legname lungo il fiume, dalla Bastia a Porto Quieto. Furono chiamati &#8220;battellanti&#8221;.<\/p>\n<\/div><div class=\"awb-gallery-wrapper awb-gallery-wrapper-1 button-span-no\" style=\"--more-btn-alignment:center;\"><div style=\"margin:-5px;--awb-bordersize:0px;\" class=\"fusion-gallery fusion-gallery-container fusion-grid-4 fusion-columns-total-6 fusion-gallery-layout-grid fusion-gallery-1\"><div style=\"padding:5px;\" class=\"fusion-grid-column fusion-gallery-column fusion-gallery-column-4 hover-type-none\"><div class=\"fusion-gallery-image\"><a href=\"https:\/\/groznjan-grisignana.hr\/wp-content\/uploads\/2022\/12\/Kostanjica-mjesto-1.jpg\" rel=\"noreferrer\" data-rel=\"iLightbox[gallery_image_1]\" class=\"fusion-lightbox\" target=\"_self\"><img decoding=\"async\" src=\"https:\/\/groznjan-grisignana.hr\/wp-content\/uploads\/2022\/12\/Kostanjica-mjesto-1-320x202.jpg\" width=\"320\" height=\"202\" alt=\"\" title=\"Kostanjica mjesto 1\" aria-label=\"Kostanjica mjesto 1\" class=\"img-responsive wp-image-1944 fusion-gallery-image-size-fixed\" srcset=\"https:\/\/groznjan-grisignana.hr\/wp-content\/uploads\/2022\/12\/Kostanjica-mjesto-1-320x202.jpg 320w, https:\/\/groznjan-grisignana.hr\/wp-content\/uploads\/2022\/12\/Kostanjica-mjesto-1-700x441.jpg 700w\" sizes=\"(max-width: 320px) 100vw, 320px\" \/><\/a><\/div><\/div><div style=\"padding:5px;\" class=\"fusion-grid-column fusion-gallery-column fusion-gallery-column-4 hover-type-none\"><div class=\"fusion-gallery-image\"><a href=\"https:\/\/groznjan-grisignana.hr\/wp-content\/uploads\/2022\/12\/Kostanjica-mjesto-2.jpg\" rel=\"noreferrer\" data-rel=\"iLightbox[gallery_image_1]\" class=\"fusion-lightbox\" target=\"_self\"><img decoding=\"async\" src=\"https:\/\/groznjan-grisignana.hr\/wp-content\/uploads\/2022\/12\/Kostanjica-mjesto-2-320x202.jpg\" width=\"320\" height=\"202\" alt=\"\" title=\"Kostanjica mjesto-2\" aria-label=\"Kostanjica mjesto-2\" class=\"img-responsive wp-image-1945 fusion-gallery-image-size-fixed\" srcset=\"https:\/\/groznjan-grisignana.hr\/wp-content\/uploads\/2022\/12\/Kostanjica-mjesto-2-320x202.jpg 320w, https:\/\/groznjan-grisignana.hr\/wp-content\/uploads\/2022\/12\/Kostanjica-mjesto-2-700x441.jpg 700w\" sizes=\"(max-width: 320px) 100vw, 320px\" \/><\/a><\/div><\/div><div style=\"padding:5px;\" class=\"fusion-grid-column fusion-gallery-column fusion-gallery-column-4 hover-type-none\"><div class=\"fusion-gallery-image\"><a href=\"https:\/\/groznjan-grisignana.hr\/wp-content\/uploads\/2022\/12\/Kostanjica-mjesto-3.jpg\" rel=\"noreferrer\" data-rel=\"iLightbox[gallery_image_1]\" class=\"fusion-lightbox\" target=\"_self\"><img decoding=\"async\" src=\"https:\/\/groznjan-grisignana.hr\/wp-content\/uploads\/2022\/12\/Kostanjica-mjesto-3-320x202.jpg\" width=\"320\" height=\"202\" alt=\"\" title=\"Kostanjica mjesto-3\" aria-label=\"Kostanjica mjesto-3\" class=\"img-responsive wp-image-1946 fusion-gallery-image-size-fixed\" srcset=\"https:\/\/groznjan-grisignana.hr\/wp-content\/uploads\/2022\/12\/Kostanjica-mjesto-3-320x202.jpg 320w, https:\/\/groznjan-grisignana.hr\/wp-content\/uploads\/2022\/12\/Kostanjica-mjesto-3-700x441.jpg 700w\" sizes=\"(max-width: 320px) 100vw, 320px\" \/><\/a><\/div><\/div><div style=\"padding:5px;\" class=\"fusion-grid-column fusion-gallery-column fusion-gallery-column-4 hover-type-none\"><div class=\"fusion-gallery-image\"><a href=\"https:\/\/groznjan-grisignana.hr\/wp-content\/uploads\/2022\/12\/Kostanjica-mjesto-4.jpg\" rel=\"noreferrer\" data-rel=\"iLightbox[gallery_image_1]\" class=\"fusion-lightbox\" target=\"_self\"><img decoding=\"async\" src=\"https:\/\/groznjan-grisignana.hr\/wp-content\/uploads\/2022\/12\/Kostanjica-mjesto-4-320x202.jpg\" width=\"320\" height=\"202\" alt=\"\" title=\"Kostanjica mjesto-4\" aria-label=\"Kostanjica mjesto-4\" class=\"img-responsive wp-image-1947 fusion-gallery-image-size-fixed\" srcset=\"https:\/\/groznjan-grisignana.hr\/wp-content\/uploads\/2022\/12\/Kostanjica-mjesto-4-320x202.jpg 320w, https:\/\/groznjan-grisignana.hr\/wp-content\/uploads\/2022\/12\/Kostanjica-mjesto-4-700x441.jpg 700w\" sizes=\"(max-width: 320px) 100vw, 320px\" \/><\/a><\/div><\/div><div class=\"clearfix\"><\/div><div style=\"padding:5px;\" class=\"fusion-grid-column fusion-gallery-column fusion-gallery-column-4 hover-type-none\"><div class=\"fusion-gallery-image\"><a href=\"https:\/\/groznjan-grisignana.hr\/wp-content\/uploads\/2022\/12\/Kostanjica-mjesto-5.jpg\" rel=\"noreferrer\" data-rel=\"iLightbox[gallery_image_1]\" class=\"fusion-lightbox\" target=\"_self\"><img decoding=\"async\" src=\"https:\/\/groznjan-grisignana.hr\/wp-content\/uploads\/2022\/12\/Kostanjica-mjesto-5-320x202.jpg\" width=\"320\" height=\"202\" alt=\"\" title=\"Kostanjica mjesto-5\" aria-label=\"Kostanjica mjesto-5\" class=\"img-responsive wp-image-1948 fusion-gallery-image-size-fixed\" srcset=\"https:\/\/groznjan-grisignana.hr\/wp-content\/uploads\/2022\/12\/Kostanjica-mjesto-5-320x202.jpg 320w, https:\/\/groznjan-grisignana.hr\/wp-content\/uploads\/2022\/12\/Kostanjica-mjesto-5-700x441.jpg 700w\" sizes=\"(max-width: 320px) 100vw, 320px\" \/><\/a><\/div><\/div><div style=\"padding:5px;\" class=\"fusion-grid-column fusion-gallery-column fusion-gallery-column-4 hover-type-none\"><div class=\"fusion-gallery-image\"><a href=\"https:\/\/groznjan-grisignana.hr\/wp-content\/uploads\/2022\/12\/Kostanjica-mjesto-6.jpg\" rel=\"noreferrer\" data-rel=\"iLightbox[gallery_image_1]\" class=\"fusion-lightbox\" target=\"_self\"><img decoding=\"async\" src=\"https:\/\/groznjan-grisignana.hr\/wp-content\/uploads\/2022\/12\/Kostanjica-mjesto-6-320x202.jpg\" width=\"320\" height=\"202\" alt=\"\" title=\"Kostanjica mjesto-6\" aria-label=\"Kostanjica mjesto-6\" class=\"img-responsive wp-image-1949 fusion-gallery-image-size-fixed\" srcset=\"https:\/\/groznjan-grisignana.hr\/wp-content\/uploads\/2022\/12\/Kostanjica-mjesto-6-320x202.jpg 320w, https:\/\/groznjan-grisignana.hr\/wp-content\/uploads\/2022\/12\/Kostanjica-mjesto-6-700x441.jpg 700w\" sizes=\"(max-width: 320px) 100vw, 320px\" \/><\/a><\/div><\/div><\/div><\/div><\/div><\/div><\/div><\/div>\n","protected":false},"excerpt":{"rendered":"","protected":false},"author":1,"featured_media":0,"parent":0,"menu_order":0,"comment_status":"closed","ping_status":"closed","template":"","meta":{"footnotes":""},"class_list":["post-8220","page","type-page","status-publish","hentry"],"yoast_head":"<!-- This site is optimized with the Yoast SEO plugin v27.3 - https:\/\/yoast.com\/product\/yoast-seo-wordpress\/ -->\n<title>Castagna - Op\u0107ina Gro\u017enjan | Comune di Grisignana<\/title>\n<meta name=\"robots\" content=\"index, follow, max-snippet:-1, max-image-preview:large, max-video-preview:-1\" \/>\n<link rel=\"canonical\" href=\"https:\/\/groznjan-grisignana.hr\/it\/castagna\/\" \/>\n<meta property=\"og:locale\" content=\"it_IT\" \/>\n<meta property=\"og:type\" content=\"article\" \/>\n<meta property=\"og:title\" content=\"Castagna - Op\u0107ina Gro\u017enjan | Comune di Grisignana\" \/>\n<meta property=\"og:url\" content=\"https:\/\/groznjan-grisignana.hr\/it\/castagna\/\" \/>\n<meta property=\"og:site_name\" content=\"Op\u0107ina Gro\u017enjan | Comune di Grisignana\" \/>\n<meta property=\"article:modified_time\" content=\"2023-07-12T07:46:09+00:00\" \/>\n<meta name=\"twitter:card\" content=\"summary_large_image\" \/>\n<meta name=\"twitter:label1\" content=\"Tempo di lettura stimato\" \/>\n\t<meta name=\"twitter:data1\" content=\"7 minuti\" \/>\n<script type=\"application\/ld+json\" class=\"yoast-schema-graph\">{\"@context\":\"https:\\\/\\\/schema.org\",\"@graph\":[{\"@type\":\"WebPage\",\"@id\":\"https:\\\/\\\/groznjan-grisignana.hr\\\/it\\\/castagna\\\/\",\"url\":\"https:\\\/\\\/groznjan-grisignana.hr\\\/it\\\/castagna\\\/\",\"name\":\"Castagna - Op\u0107ina Gro\u017enjan | Comune di Grisignana\",\"isPartOf\":{\"@id\":\"https:\\\/\\\/groznjan-grisignana.hr\\\/#website\"},\"datePublished\":\"2022-12-15T10:42:57+00:00\",\"dateModified\":\"2023-07-12T07:46:09+00:00\",\"breadcrumb\":{\"@id\":\"https:\\\/\\\/groznjan-grisignana.hr\\\/it\\\/castagna\\\/#breadcrumb\"},\"inLanguage\":\"it-IT\",\"potentialAction\":[{\"@type\":\"ReadAction\",\"target\":[\"https:\\\/\\\/groznjan-grisignana.hr\\\/it\\\/castagna\\\/\"]}]},{\"@type\":\"BreadcrumbList\",\"@id\":\"https:\\\/\\\/groznjan-grisignana.hr\\\/it\\\/castagna\\\/#breadcrumb\",\"itemListElement\":[{\"@type\":\"ListItem\",\"position\":1,\"name\":\"Po\u010detna stranica\",\"item\":\"https:\\\/\\\/groznjan-grisignana.hr\\\/it\\\/\"},{\"@type\":\"ListItem\",\"position\":2,\"name\":\"Castagna\"}]},{\"@type\":\"WebSite\",\"@id\":\"https:\\\/\\\/groznjan-grisignana.hr\\\/#website\",\"url\":\"https:\\\/\\\/groznjan-grisignana.hr\\\/\",\"name\":\"Op\u0107ina Gro\u017enjan | Comune di Grisignana\",\"description\":\"Slu\u017ebene stranice   \u2022   Sito ufficiale\",\"potentialAction\":[{\"@type\":\"SearchAction\",\"target\":{\"@type\":\"EntryPoint\",\"urlTemplate\":\"https:\\\/\\\/groznjan-grisignana.hr\\\/?s={search_term_string}\"},\"query-input\":{\"@type\":\"PropertyValueSpecification\",\"valueRequired\":true,\"valueName\":\"search_term_string\"}}],\"inLanguage\":\"it-IT\"}]}<\/script>\n<!-- \/ Yoast SEO plugin. -->","yoast_head_json":{"title":"Castagna - Op\u0107ina Gro\u017enjan | Comune di Grisignana","robots":{"index":"index","follow":"follow","max-snippet":"max-snippet:-1","max-image-preview":"max-image-preview:large","max-video-preview":"max-video-preview:-1"},"canonical":"https:\/\/groznjan-grisignana.hr\/it\/castagna\/","og_locale":"it_IT","og_type":"article","og_title":"Castagna - Op\u0107ina Gro\u017enjan | Comune di Grisignana","og_url":"https:\/\/groznjan-grisignana.hr\/it\/castagna\/","og_site_name":"Op\u0107ina Gro\u017enjan | Comune di Grisignana","article_modified_time":"2023-07-12T07:46:09+00:00","twitter_card":"summary_large_image","twitter_misc":{"Tempo di lettura stimato":"7 minuti"},"schema":{"@context":"https:\/\/schema.org","@graph":[{"@type":"WebPage","@id":"https:\/\/groznjan-grisignana.hr\/it\/castagna\/","url":"https:\/\/groznjan-grisignana.hr\/it\/castagna\/","name":"Castagna - Op\u0107ina Gro\u017enjan | Comune di Grisignana","isPartOf":{"@id":"https:\/\/groznjan-grisignana.hr\/#website"},"datePublished":"2022-12-15T10:42:57+00:00","dateModified":"2023-07-12T07:46:09+00:00","breadcrumb":{"@id":"https:\/\/groznjan-grisignana.hr\/it\/castagna\/#breadcrumb"},"inLanguage":"it-IT","potentialAction":[{"@type":"ReadAction","target":["https:\/\/groznjan-grisignana.hr\/it\/castagna\/"]}]},{"@type":"BreadcrumbList","@id":"https:\/\/groznjan-grisignana.hr\/it\/castagna\/#breadcrumb","itemListElement":[{"@type":"ListItem","position":1,"name":"Po\u010detna stranica","item":"https:\/\/groznjan-grisignana.hr\/it\/"},{"@type":"ListItem","position":2,"name":"Castagna"}]},{"@type":"WebSite","@id":"https:\/\/groznjan-grisignana.hr\/#website","url":"https:\/\/groznjan-grisignana.hr\/","name":"Op\u0107ina Gro\u017enjan | Comune di Grisignana","description":"Slu\u017ebene stranice   \u2022   Sito ufficiale","potentialAction":[{"@type":"SearchAction","target":{"@type":"EntryPoint","urlTemplate":"https:\/\/groznjan-grisignana.hr\/?s={search_term_string}"},"query-input":{"@type":"PropertyValueSpecification","valueRequired":true,"valueName":"search_term_string"}}],"inLanguage":"it-IT"}]}},"_links":{"self":[{"href":"https:\/\/groznjan-grisignana.hr\/it\/wp-json\/wp\/v2\/pages\/8220","targetHints":{"allow":["GET"]}}],"collection":[{"href":"https:\/\/groznjan-grisignana.hr\/it\/wp-json\/wp\/v2\/pages"}],"about":[{"href":"https:\/\/groznjan-grisignana.hr\/it\/wp-json\/wp\/v2\/types\/page"}],"author":[{"embeddable":true,"href":"https:\/\/groznjan-grisignana.hr\/it\/wp-json\/wp\/v2\/users\/1"}],"replies":[{"embeddable":true,"href":"https:\/\/groznjan-grisignana.hr\/it\/wp-json\/wp\/v2\/comments?post=8220"}],"version-history":[{"count":3,"href":"https:\/\/groznjan-grisignana.hr\/it\/wp-json\/wp\/v2\/pages\/8220\/revisions"}],"predecessor-version":[{"id":8223,"href":"https:\/\/groznjan-grisignana.hr\/it\/wp-json\/wp\/v2\/pages\/8220\/revisions\/8223"}],"wp:attachment":[{"href":"https:\/\/groznjan-grisignana.hr\/it\/wp-json\/wp\/v2\/media?parent=8220"}],"curies":[{"name":"wp","href":"https:\/\/api.w.org\/{rel}","templated":true}]}}