{"id":8237,"date":"2022-12-15T12:05:16","date_gmt":"2022-12-15T12:05:16","guid":{"rendered":"https:\/\/groznjan-grisignana.hr\/zavrsje\/"},"modified":"2023-07-12T08:02:43","modified_gmt":"2023-07-12T08:02:43","slug":"piemonte","status":"publish","type":"page","link":"https:\/\/groznjan-grisignana.hr\/it\/piemonte\/","title":{"rendered":"Piemonte"},"content":{"rendered":"<div class=\"fusion-fullwidth fullwidth-box fusion-builder-row-1 fusion-flex-container has-pattern-background has-mask-background nonhundred-percent-fullwidth non-hundred-percent-height-scrolling\" style=\"--awb-border-radius-top-left:0px;--awb-border-radius-top-right:0px;--awb-border-radius-bottom-right:0px;--awb-border-radius-bottom-left:0px;--awb-flex-wrap:wrap;\" ><div class=\"fusion-builder-row fusion-row fusion-flex-align-items-flex-start fusion-flex-content-wrap\" style=\"max-width:1216.8px;margin-left: calc(-4% \/ 2 );margin-right: calc(-4% \/ 2 );\"><div class=\"fusion-layout-column fusion_builder_column fusion-builder-column-0 fusion_builder_column_1_2 1_2 fusion-flex-column\" style=\"--awb-bg-size:cover;--awb-width-large:50%;--awb-margin-top-large:15px;--awb-spacing-right-large:3.84%;--awb-margin-bottom-large:15px;--awb-spacing-left-large:3.84%;--awb-width-medium:100%;--awb-order-medium:0;--awb-spacing-right-medium:1.92%;--awb-spacing-left-medium:1.92%;--awb-width-small:100%;--awb-order-small:0;--awb-spacing-right-small:1.92%;--awb-spacing-left-small:1.92%;\"><div class=\"fusion-column-wrapper fusion-column-has-shadow fusion-flex-justify-content-flex-start fusion-content-layout-column\"><div class=\"fusion-image-element \" style=\"--awb-caption-title-font-family:var(--h2_typography-font-family);--awb-caption-title-font-weight:var(--h2_typography-font-weight);--awb-caption-title-font-style:var(--h2_typography-font-style);--awb-caption-title-size:var(--h2_typography-font-size);--awb-caption-title-transform:var(--h2_typography-text-transform);--awb-caption-title-line-height:var(--h2_typography-line-height);--awb-caption-title-letter-spacing:var(--h2_typography-letter-spacing);\"><span class=\" fusion-imageframe imageframe-none imageframe-1 hover-type-none\"><img decoding=\"async\" width=\"900\" height=\"600\" title=\"Zavr\u0161je mjesto\" src=\"https:\/\/groznjan-grisignana.hr\/wp-content\/uploads\/2022\/12\/Zavrsje-mjesto.jpg\" data-orig-src=\"https:\/\/groznjan-grisignana.hr\/wp-content\/uploads\/2022\/12\/Zavrsje-mjesto.jpg\" alt class=\"lazyload img-responsive wp-image-6719\" srcset=\"data:image\/svg+xml,%3Csvg%20xmlns%3D%27http%3A%2F%2Fwww.w3.org%2F2000%2Fsvg%27%20width%3D%27900%27%20height%3D%27600%27%20viewBox%3D%270%200%20900%20600%27%3E%3Crect%20width%3D%27900%27%20height%3D%27600%27%20fill-opacity%3D%220%22%2F%3E%3C%2Fsvg%3E\" data-srcset=\"https:\/\/groznjan-grisignana.hr\/wp-content\/uploads\/2022\/12\/Zavrsje-mjesto-200x133.jpg 200w, https:\/\/groznjan-grisignana.hr\/wp-content\/uploads\/2022\/12\/Zavrsje-mjesto-400x267.jpg 400w, https:\/\/groznjan-grisignana.hr\/wp-content\/uploads\/2022\/12\/Zavrsje-mjesto-600x400.jpg 600w, https:\/\/groznjan-grisignana.hr\/wp-content\/uploads\/2022\/12\/Zavrsje-mjesto-800x533.jpg 800w, https:\/\/groznjan-grisignana.hr\/wp-content\/uploads\/2022\/12\/Zavrsje-mjesto.jpg 900w\" data-sizes=\"auto\" data-orig-sizes=\"(max-width: 1024px) 100vw, (max-width: 640px) 100vw, 600px\" \/><\/span><\/div><\/div><\/div><div class=\"fusion-layout-column fusion_builder_column fusion-builder-column-1 fusion_builder_column_1_2 1_2 fusion-flex-column\" style=\"--awb-bg-size:cover;--awb-width-large:50%;--awb-margin-top-large:15px;--awb-spacing-right-large:3.84%;--awb-margin-bottom-large:15px;--awb-spacing-left-large:3.84%;--awb-width-medium:100%;--awb-order-medium:0;--awb-spacing-right-medium:1.92%;--awb-spacing-left-medium:1.92%;--awb-width-small:100%;--awb-order-small:0;--awb-spacing-right-small:1.92%;--awb-spacing-left-small:1.92%;\"><div class=\"fusion-column-wrapper fusion-column-has-shadow fusion-flex-justify-content-flex-start fusion-content-layout-column\"><div class=\"fusion-title title fusion-title-1 sep-underline sep-solid fusion-title-text fusion-title-size-one\" style=\"--awb-margin-top-small:0px;--awb-margin-right-small:0px;--awb-margin-bottom-small:20px;--awb-margin-left-small:0px;--awb-font-size:35px;\"><h1 class=\"fusion-title-heading title-heading-left fusion-responsive-typography-calculated\" style=\"margin:0;text-transform:capitalize;font-size:1em;--fontSize:35;line-height:var(--awb-typography1-line-height);\">Piemonte<\/h1><\/div><div class=\"fusion-text fusion-text-1\"><p>In mezzo alle colline che a sud, tra Grisignana e Portole, delimitano il Carso, appollaiato su un cocuzzolo a 240 m s.l.m., c&#8217;e Piemonte. E da sempre paese agricolo dai campi ben coltivati, di oliveti e frutteti, dove pero si conciava anche la pelle bovina per la fabbricazione di calzature. La cittadina aveva una doppia cinta muraria, in parte tuttora visibile, su cui si aprivano due porte, delle quali oggi soltanto una e ancora individuabile. Sopra la porta ci sono alcuni bassorilievi antichi e lo stemma della famiglia Contarini, che possedette il feudo per tre secoli. Una stradina lastricata conduce al colle dove si trova l&#8217;antica chiesa della Beata Vergine Maria del S. Rosario con il campanile. La chiesa ha un&#8217;abside circolare ed un portale ad arco acuto, datato 1879, anno dell&#8217;ultima ricostruzione.<\/p>\n<\/div><\/div><\/div><div class=\"fusion-layout-column fusion_builder_column fusion-builder-column-2 fusion_builder_column_1_1 1_1 fusion-flex-column\" style=\"--awb-bg-size:cover;--awb-width-large:100%;--awb-margin-top-large:15px;--awb-spacing-right-large:1.92%;--awb-margin-bottom-large:15px;--awb-spacing-left-large:1.92%;--awb-width-medium:100%;--awb-order-medium:0;--awb-spacing-right-medium:1.92%;--awb-spacing-left-medium:1.92%;--awb-width-small:100%;--awb-order-small:0;--awb-spacing-right-small:1.92%;--awb-spacing-left-small:1.92%;\"><div class=\"fusion-column-wrapper fusion-column-has-shadow fusion-flex-justify-content-flex-start fusion-content-layout-column\"><div class=\"fusion-text fusion-text-2\"><p>E stata costruita nel XVI secolo e rinnovata nel 1634, quando dei quattro altari antichi non ne rimasero che due. Possedeva lampade e candelabri d&#8217;argento del VIII secolo ed uno splendido calice con medaglioni smaltati del 1476. Alla fine del XVIII secolo la chiesa lo vendette e poi fini nella collezione Rotschild. Ora si trova al Louvre, a Parigi.<\/p>\n<p>L&#8217;ostensorio gotico con la raffigurazione della Vergine Maria, di S. Giovanni Evangelista e Cristo che esce dal sepolcro, risale al 1849. Accanto alla chiesa si trova l&#8217;imponente Castello di Piemonte, dell&#8217;XI secolo, conosciuto come palazzo dei nobili Contarini. All&#8217;interno c&#8217;e una casetta con la scritta &#8220;Hosteria di Valentino Valle&#8221;, costruita nel 1579. Fuori della porta settentrionale e stata costruita la grande chiesa dei SS. Giovanni e Paolo, la nuova parrocchiale, rinnovata nel 1792. E arricchita da quattro lesene e l&#8217;abside e circolare. Ha cinque altari e ricche decorazioni. L&#8217;altare della Beata Vergine Maria del S. Rosario e stato donato alla chiesa nel 1792 dal nobile Besenghi. A fianco del tetto s&#8217;innalza un piccolo campanile a vela in pietra arenaria.<\/p>\n<p>Verso valle, prima della porta ancora esistente, si trova una chiesetta del 1556, dedicata a S. Rocco, e a circa 1 km a nord della chiesa parrocchiale c&#8217;e un cimitero con la chiesetta di S. Andrea. Piemonte fu abitata fin dall&#8217;antichita, ne fanno testimonianza gli oggetti d&#8217;epoca preromana, le tombe e le iscrizioni romane. Sono state rinvenute tracce di quella che potrebbe essere la prima strada consolare che attraversava l&#8217;interno dell&#8217;Istria. Nel 1885 vi fu rinvenuta una lapide sepolcrale a ricordo di alcuni personaggi storici. L&#8217;antico nome di questa cittadina medievale s&#8217;identifica nella forma italiana di Piemonte, conosciuto fin dal 1102, quando il marchese d&#8217;Istria Ulrico II lo dono al patriarca d&#8217;Aquileia. In documenti del 1341 e del 1508 viene anche chiamato Pyamont o Poymont. Nel 1427 i tedeschi lo chiamarono Pemund. Nel 1300 Piemonte appartenne ai conti di Pisino. In seguito divenne proprieta di Venezia, che lo contese alle schiere croate del conte di Veglia. Piemonte venne invano attaccata dai Triestini del patriarca Lodovico de&#8217; Della Torre e dal loro vescovo Negri, che in quel tempo erano in guerra con il conte di Pisino. Nel 1374, il borgo cadde sotto il dominio austriaco e fu elevato allo stato di feudo. Sottoposto ad un capitano, ebbe un&#8217;amministrazione separata, un proprio urbario ed un governatore.<\/p>\n<p>Alla fine del XIV secolo inizia sul territorio la lenta immigrazione di famiglie croate. Il governo austriaco era solito assegnare la Signoria di Piemonte dietro una tassa annua, per cui i proprietari furono molto numerosi. Dopo il 1412, Piemonte venne piu volte presa d&#8217;assalto da Venezia durante le guerre contro gli ungheresi, i turchi e gli austriaci. Cio duro fino al 1511, quando venne riconquistata in via ufficiosa, ma l&#8217;annessione venne ratificata soltanto in seguito con il trattato di Vorminga. Nel 1530 la Signoria di Piemonte venne messa all&#8217;asta, a Venezia, e assegnata a Giustignano Contarini. I suoi eredi la tennero fino al XIX secolo, quando cadde sotto il dominio di Napoleone, e non molto tempo dopo, di quello austriaco. L&#8217;efficiente governo austriaco porto prosperita al paese, specie con la costruzione della linea ferroviaria a scartamento ridotto, chiamata &#8220;Parenzana&#8221;. Lo sviluppo del commercio contribui ad intensificare la produzione agricola, in particolare quella frutticola e orticola. Fiori l&#8217;artigianato. Durante il governo austriaco come anche di quello italiano, Piemonte ebbe la posta, la scuola, due negozi, l&#8217;oleificio ed altri esercizi artigianali. Nel 1943, il movimento antifascista coinvolse anche Piemonte, e gli antifascisti croati ed italiani lottarono assieme contro l&#8217;occupatore tedesco. Con il Trattato di pace di Parigi, Piemonte tocco alla Jugoslavia. Per cause economiche e politiche segui un esodo di massa, tanto che delle venti famiglie d&#8217;un tempo, ora nella cittadina non e rimasto che una quarantina di persone. Questo borgo cinto da mura e da torri stupisce per la perfezione architettonica delle sue costruzioni. A chi desidera percorrere l&#8217;Istria per vedere e conoscere la sua storia e la sua cultura, una visita e d&#8217;obbligo.<\/p>\n<\/div><\/div><\/div><\/div><\/div>\n","protected":false},"excerpt":{"rendered":"","protected":false},"author":1,"featured_media":0,"parent":0,"menu_order":0,"comment_status":"closed","ping_status":"closed","template":"","meta":{"footnotes":""},"class_list":["post-8237","page","type-page","status-publish","hentry"],"yoast_head":"<!-- This site is optimized with the Yoast SEO plugin v27.3 - https:\/\/yoast.com\/product\/yoast-seo-wordpress\/ -->\n<title>Piemonte - Op\u0107ina Gro\u017enjan | Comune di Grisignana<\/title>\n<meta name=\"robots\" content=\"index, follow, max-snippet:-1, max-image-preview:large, max-video-preview:-1\" \/>\n<link rel=\"canonical\" href=\"https:\/\/groznjan-grisignana.hr\/it\/piemonte\/\" \/>\n<meta property=\"og:locale\" content=\"it_IT\" \/>\n<meta property=\"og:type\" content=\"article\" \/>\n<meta property=\"og:title\" content=\"Piemonte - Op\u0107ina Gro\u017enjan | Comune di Grisignana\" \/>\n<meta property=\"og:url\" content=\"https:\/\/groznjan-grisignana.hr\/it\/piemonte\/\" \/>\n<meta property=\"og:site_name\" content=\"Op\u0107ina Gro\u017enjan | Comune di Grisignana\" \/>\n<meta property=\"article:modified_time\" content=\"2023-07-12T08:02:43+00:00\" \/>\n<meta name=\"twitter:card\" content=\"summary_large_image\" \/>\n<meta name=\"twitter:label1\" content=\"Tempo di lettura stimato\" \/>\n\t<meta name=\"twitter:data1\" content=\"8 minuti\" \/>\n<script type=\"application\/ld+json\" class=\"yoast-schema-graph\">{\"@context\":\"https:\\\/\\\/schema.org\",\"@graph\":[{\"@type\":\"WebPage\",\"@id\":\"https:\\\/\\\/groznjan-grisignana.hr\\\/it\\\/piemonte\\\/\",\"url\":\"https:\\\/\\\/groznjan-grisignana.hr\\\/it\\\/piemonte\\\/\",\"name\":\"Piemonte - Op\u0107ina Gro\u017enjan | Comune di Grisignana\",\"isPartOf\":{\"@id\":\"https:\\\/\\\/groznjan-grisignana.hr\\\/#website\"},\"datePublished\":\"2022-12-15T12:05:16+00:00\",\"dateModified\":\"2023-07-12T08:02:43+00:00\",\"breadcrumb\":{\"@id\":\"https:\\\/\\\/groznjan-grisignana.hr\\\/it\\\/piemonte\\\/#breadcrumb\"},\"inLanguage\":\"it-IT\",\"potentialAction\":[{\"@type\":\"ReadAction\",\"target\":[\"https:\\\/\\\/groznjan-grisignana.hr\\\/it\\\/piemonte\\\/\"]}]},{\"@type\":\"BreadcrumbList\",\"@id\":\"https:\\\/\\\/groznjan-grisignana.hr\\\/it\\\/piemonte\\\/#breadcrumb\",\"itemListElement\":[{\"@type\":\"ListItem\",\"position\":1,\"name\":\"Po\u010detna stranica\",\"item\":\"https:\\\/\\\/groznjan-grisignana.hr\\\/it\\\/\"},{\"@type\":\"ListItem\",\"position\":2,\"name\":\"Piemonte\"}]},{\"@type\":\"WebSite\",\"@id\":\"https:\\\/\\\/groznjan-grisignana.hr\\\/#website\",\"url\":\"https:\\\/\\\/groznjan-grisignana.hr\\\/\",\"name\":\"Op\u0107ina Gro\u017enjan | Comune di Grisignana\",\"description\":\"Slu\u017ebene stranice   \u2022   Sito ufficiale\",\"potentialAction\":[{\"@type\":\"SearchAction\",\"target\":{\"@type\":\"EntryPoint\",\"urlTemplate\":\"https:\\\/\\\/groznjan-grisignana.hr\\\/?s={search_term_string}\"},\"query-input\":{\"@type\":\"PropertyValueSpecification\",\"valueRequired\":true,\"valueName\":\"search_term_string\"}}],\"inLanguage\":\"it-IT\"}]}<\/script>\n<!-- \/ Yoast SEO plugin. -->","yoast_head_json":{"title":"Piemonte - Op\u0107ina Gro\u017enjan | Comune di Grisignana","robots":{"index":"index","follow":"follow","max-snippet":"max-snippet:-1","max-image-preview":"max-image-preview:large","max-video-preview":"max-video-preview:-1"},"canonical":"https:\/\/groznjan-grisignana.hr\/it\/piemonte\/","og_locale":"it_IT","og_type":"article","og_title":"Piemonte - Op\u0107ina Gro\u017enjan | Comune di Grisignana","og_url":"https:\/\/groznjan-grisignana.hr\/it\/piemonte\/","og_site_name":"Op\u0107ina Gro\u017enjan | Comune di Grisignana","article_modified_time":"2023-07-12T08:02:43+00:00","twitter_card":"summary_large_image","twitter_misc":{"Tempo di lettura stimato":"8 minuti"},"schema":{"@context":"https:\/\/schema.org","@graph":[{"@type":"WebPage","@id":"https:\/\/groznjan-grisignana.hr\/it\/piemonte\/","url":"https:\/\/groznjan-grisignana.hr\/it\/piemonte\/","name":"Piemonte - Op\u0107ina Gro\u017enjan | Comune di Grisignana","isPartOf":{"@id":"https:\/\/groznjan-grisignana.hr\/#website"},"datePublished":"2022-12-15T12:05:16+00:00","dateModified":"2023-07-12T08:02:43+00:00","breadcrumb":{"@id":"https:\/\/groznjan-grisignana.hr\/it\/piemonte\/#breadcrumb"},"inLanguage":"it-IT","potentialAction":[{"@type":"ReadAction","target":["https:\/\/groznjan-grisignana.hr\/it\/piemonte\/"]}]},{"@type":"BreadcrumbList","@id":"https:\/\/groznjan-grisignana.hr\/it\/piemonte\/#breadcrumb","itemListElement":[{"@type":"ListItem","position":1,"name":"Po\u010detna stranica","item":"https:\/\/groznjan-grisignana.hr\/it\/"},{"@type":"ListItem","position":2,"name":"Piemonte"}]},{"@type":"WebSite","@id":"https:\/\/groznjan-grisignana.hr\/#website","url":"https:\/\/groznjan-grisignana.hr\/","name":"Op\u0107ina Gro\u017enjan | Comune di Grisignana","description":"Slu\u017ebene stranice   \u2022   Sito ufficiale","potentialAction":[{"@type":"SearchAction","target":{"@type":"EntryPoint","urlTemplate":"https:\/\/groznjan-grisignana.hr\/?s={search_term_string}"},"query-input":{"@type":"PropertyValueSpecification","valueRequired":true,"valueName":"search_term_string"}}],"inLanguage":"it-IT"}]}},"_links":{"self":[{"href":"https:\/\/groznjan-grisignana.hr\/it\/wp-json\/wp\/v2\/pages\/8237","targetHints":{"allow":["GET"]}}],"collection":[{"href":"https:\/\/groznjan-grisignana.hr\/it\/wp-json\/wp\/v2\/pages"}],"about":[{"href":"https:\/\/groznjan-grisignana.hr\/it\/wp-json\/wp\/v2\/types\/page"}],"author":[{"embeddable":true,"href":"https:\/\/groznjan-grisignana.hr\/it\/wp-json\/wp\/v2\/users\/1"}],"replies":[{"embeddable":true,"href":"https:\/\/groznjan-grisignana.hr\/it\/wp-json\/wp\/v2\/comments?post=8237"}],"version-history":[{"count":2,"href":"https:\/\/groznjan-grisignana.hr\/it\/wp-json\/wp\/v2\/pages\/8237\/revisions"}],"predecessor-version":[{"id":8239,"href":"https:\/\/groznjan-grisignana.hr\/it\/wp-json\/wp\/v2\/pages\/8237\/revisions\/8239"}],"wp:attachment":[{"href":"https:\/\/groznjan-grisignana.hr\/it\/wp-json\/wp\/v2\/media?parent=8237"}],"curies":[{"name":"wp","href":"https:\/\/api.w.org\/{rel}","templated":true}]}}